{"id":4745,"date":"2025-03-06T15:38:59","date_gmt":"2025-03-06T14:38:59","guid":{"rendered":"https:\/\/promusica.org.pl\/?page_id=4745"},"modified":"2025-06-29T20:36:27","modified_gmt":"2025-06-29T18:36:27","slug":"sow-2025-v-letnie-warsztaty-orkiestrowe","status":"publish","type":"page","link":"https:\/\/promusica.org.pl\/en\/sow-2025-v-letnie-warsztaty-orkiestrowe\/","title":{"rendered":"."},"content":{"rendered":"<p><\/p>\n<h1 style=\"text-align: center;\"><\/h1>\n<h1 style=\"text-align: center;\"><strong><span style=\"color: #ff9900;\">V INTERNATIONAL SUMMER ORCHESTRA WORKSHOP <\/span><\/strong><\/h1>\n<h1 style=\"text-align: center;\"><strong><span style=\"color: #ff9900;\">SOW 2025<\/span><\/strong><\/h1>\n<p style=\"text-align: center;\"><img loading=\"lazy\" decoding=\"async\" class=\"size-large wp-image-4827 aligncenter\" src=\"https:\/\/promusica.org.pl\/assets\/SOW2025-706x999.jpg\" alt=\"\" width=\"706\" height=\"999\" srcset=\"https:\/\/promusica.org.pl\/assets\/SOW2025-706x999.jpg 706w, https:\/\/promusica.org.pl\/assets\/SOW2025-768x1086.jpg 768w, https:\/\/promusica.org.pl\/assets\/SOW2025-1086x1536.jpg 1086w, https:\/\/promusica.org.pl\/assets\/SOW2025-1448x2048.jpg 1448w, https:\/\/promusica.org.pl\/assets\/SOW2025-scaled.jpg 1810w\" sizes=\"auto, (max-width: 706px) 100vw, 706px\" \/><\/p>\n<h3 style=\"text-align: center;\">11-16 August 2025<\/h3>\n<h3 style=\"text-align: center;\">Supra\u015bl, Poland<\/h3>\n<h3 style=\"text-align: center;\">The Foundation\u00a0&#8220;Centrum Sztuki i Kultury Pro Musica&#8221;\u00a0invites you to the second edition of\u00a0Summer\u00a0Orchestra Workshop! Let&#8217;s meet in cosy green town in Poland and\u00a0play together wonderful music!<\/h3>\n<h3 style=\"text-align: center;\"><span style=\"color: #ffcc00;\"><em><a style=\"color: #ffcc00;\" href=\"https:\/\/docs.google.com\/forms\/d\/e\/1FAIpQLSdXwosFib2IKEV6uR9G_WwmmJcG9SQAnWCeHi_4wax2xq9N1Q\/viewform?usp=sharing\" target=\"_blank\" rel=\"noopener\">APPLICATION<\/a><\/em><\/span><\/h3>\n<h3 style=\"text-align: center;\"><a href=\"https:\/\/promusica.org.pl\/assets\/REGULATIONS-OF-THE-V-SUMMER-ORCHESTRA-WORKSHOP-SOW-2025.pdf\" target=\"_blank\" rel=\"noopener\"><em><span style=\"color: #ff9900;\">REGULATION<\/span><\/em><\/a><\/h3>\n<h3 style=\"text-align: center;\"><a href=\"https:\/\/promusica.org.pl\/assets\/HARMONOGRAM-SOW-2025-SUPRASL.pdf\" target=\"_blank\" rel=\"noopener\"><span style=\"color: #ff6600;\">SCHEDULE<\/span><\/a><\/h3>\n<h3><span style=\"color: #ff9900;\">Repertoire :<\/span><\/h3>\n<ol>\n<li>Mulan, Matthew Wilder<\/li>\n<li>Spirit Stallion of the Cimarron, Hans Zimmer<\/li>\n<li>Around the world in 80 days, Otto M. Schwarz<\/li>\n<li>Cinque punte, Antonio D\u2019Elia<\/li>\n<li>Ucrainian Rhapsody, Franco Cesarini<\/li>\n<li>Tatarian Dances, Elena Roussanova Lucas<\/li>\n<li>Polish Sketches, Luciano Feliciani<\/li>\n<li>Abba Gold, arr. Sebregts<\/li>\n<\/ol>\n<h3><img loading=\"lazy\" decoding=\"async\" class=\"alignleft size-large wp-image-4299\" src=\"https:\/\/promusica.org.pl\/assets\/SOW-orkiestra-Wasilkow-1170x878.jpg\" alt=\"\" width=\"1170\" height=\"878\" srcset=\"https:\/\/promusica.org.pl\/assets\/SOW-orkiestra-Wasilkow-1170x878.jpg 1170w, https:\/\/promusica.org.pl\/assets\/SOW-orkiestra-Wasilkow-768x576.jpg 768w, https:\/\/promusica.org.pl\/assets\/SOW-orkiestra-Wasilkow-1536x1152.jpg 1536w, https:\/\/promusica.org.pl\/assets\/SOW-orkiestra-Wasilkow-2048x1536.jpg 2048w\" sizes=\"auto, (max-width: 1170px) 100vw, 1170px\" \/><\/h3>\n<p style=\"text-align: center;\">In the\u00a0summer orchestra workshop\u00a0participants create concert wind orchestra\u00a0and are preparing musical programme that will be performed at the final concerts.<\/p>\n<p style=\"text-align: center;\">As every year, the orchestra will be conducted by amazing Italian conductor Andrea Loss!<\/p>\n<p style=\"text-align: center;\">The co-organizer of the workshops is the Culture and Recreation Center in Supra\u015bl.<\/p>\n<p><img loading=\"lazy\" decoding=\"async\" class=\"alignleft size-large wp-image-4302\" src=\"https:\/\/promusica.org.pl\/assets\/IMG20240815122628_01orki-supr-hymn-1170x658.jpg\" alt=\"\" width=\"1170\" height=\"658\" srcset=\"https:\/\/promusica.org.pl\/assets\/IMG20240815122628_01orki-supr-hymn-1170x658.jpg 1170w, https:\/\/promusica.org.pl\/assets\/IMG20240815122628_01orki-supr-hymn-768x432.jpg 768w, https:\/\/promusica.org.pl\/assets\/IMG20240815122628_01orki-supr-hymn.jpg 1280w\" sizes=\"auto, (max-width: 1170px) 100vw, 1170px\" \/><\/p>\n<h3><\/h3>\n<h3><\/h3>\n<h3><\/h3>\n<h3><\/h3>\n<h3><\/h3>\n<h3><\/h3>\n<ol>\n<li><\/li>\n<\/ol>\n<h3><span style=\"color: #ff9900;\">Workshop program:<\/span><\/h3>\n<p>&#8211; section rehearsals &#8211; conducted by qualified instrumentalists, incl. musicians of the Podlasie Opera and Philharmonic and teachers of the\u00a0Music School in Bia\u0142ystok<\/p>\n<p>&#8211; daily orchestral rehearsals &#8211; moderator: maestro Andrea Loss (Italy)<\/p>\n<p>&#8211; additional group activities, incl. picnic and canoeing<\/p>\n<p>&#8211; CONCERTS by the SOW Orchestra conducted by maestro Andrea Loss:<\/p>\n<ul>\n<li>Outdoor concerts :<\/li>\n<li>Gala Concert &#8211; Wasilk\u00f3w<\/li>\n<li>Final Concert &#8211;\u00a0 in Supra\u015bl<\/li>\n<\/ul>\n<p>The orchestral rehearsals will take place at the Dom Ludowy in Supra\u015bl<\/p>\n<p>J\u00f3zefa Pi\u0142sudskiego 11 Street, 16-030 Supra\u015bl, Poland<\/p>\n<p>If you need advice about accommodation, please, contact us by email: wow.promusica@gmail.com<\/p>\n<h3><span style=\"color: #ff9900;\">Fee: 120 euro (+ optionally lunches 70 euro)<\/span><\/h3>\n<p><span style=\"color: #ff9900;\">Organized meals\u00a0 include 6 lunches on August . After the concerts, there are additional snacks for all workshop participants.<\/span><\/p>\n<h3><span style=\"color: #ff9900;\">Instruments in the orchestra:<\/span><\/h3>\n<p>clarinets, saxophones, flutes, oboes, English horn, bassoons;<\/p>\n<p>trumpets, cornets, trombones, horns, saxhorns, tubas, euphoniums;<\/p>\n<p>cellos, double basses;<\/p>\n<p>piano;<\/p>\n<p>percussion instruments.<\/p>\n<h3>\u00a0<img loading=\"lazy\" decoding=\"async\" class=\"alignleft size-large wp-image-3315\" src=\"http:\/\/promusica.org.pl\/assets\/IMG_2081-1170x780.jpg\" alt=\"IMG_2081\" width=\"940\" height=\"627\" srcset=\"https:\/\/promusica.org.pl\/assets\/IMG_2081-1170x780.jpg 1170w, https:\/\/promusica.org.pl\/assets\/IMG_2081-160x106.jpg 160w, https:\/\/promusica.org.pl\/assets\/IMG_2081-290x194.jpg 290w\" sizes=\"auto, (max-width: 940px) 100vw, 940px\" \/><\/h3>\n<h3><\/h3>\n<h3><\/h3>\n<h3><\/h3>\n<h3><\/h3>\n<h3><\/h3>\n<h3><\/h3>\n<h3><\/h3>\n<p>&nbsp;<\/p>\n<h3>e-mail:\u00a0<a href=\"mailto:wow.promusica@gmail.com\" target=\"_blank\" rel=\"nofollow noopener\">wow.promusica@gmail.com<\/a><\/h3>\n<h3>Check out our YouTube channel :<\/h3>\n<p>https:\/\/www.youtube.com\/@PromusicaOrgPl<\/p>\n<h2><img loading=\"lazy\" decoding=\"async\" class=\"alignleft size-large wp-image-4305\" src=\"https:\/\/promusica.org.pl\/assets\/sow-kajak-1170x878.jpg\" alt=\"\" width=\"1170\" height=\"878\" srcset=\"https:\/\/promusica.org.pl\/assets\/sow-kajak-1170x878.jpg 1170w, https:\/\/promusica.org.pl\/assets\/sow-kajak-768x576.jpg 768w, https:\/\/promusica.org.pl\/assets\/sow-kajak-1536x1152.jpg 1536w, https:\/\/promusica.org.pl\/assets\/sow-kajak-2048x1536.jpg 2048w\" sizes=\"auto, (max-width: 1170px) 100vw, 1170px\" \/><\/h2>\n<h1><\/h1>\n<h1><\/h1>\n<h1><\/h1>\n<h1><\/h1>\n<h1><\/h1>\n<h1><\/h1>\n<h1><\/h1>\n<h1 style=\"text-align: center;\"><span style=\"color: #ff9900;\">Organizers:<\/span><\/h1>\n<p><img loading=\"lazy\" decoding=\"async\" class=\"alignleft size-large wp-image-1649\" src=\"http:\/\/promusica.org.pl\/assets\/PROmusica-1-1-1170x409.jpg\" alt=\"PROmusica (1) (1)\" width=\"940\" height=\"329\" \/><\/p>\n<h3><\/h3>\n<h3><\/h3>\n<h3><\/h3>\n<h3><\/h3>\n<h3><\/h3>\n<h3><\/h3>\n<h3><img loading=\"lazy\" decoding=\"async\" class=\" wp-image-107 aligncenter\" src=\"http:\/\/promusica.org.pl\/assets\/LogoCKIRsuprasl-e1421141678141.png\" alt=\"LogoCKIRsuprasl\" width=\"441\" height=\"427\" \/><\/h3>\n<h2><\/h2>\n<h1 style=\"text-align: center;\"><\/h1>\n<h1 style=\"text-align: center;\"><span style=\"color: #ff9900;\">SPONSORS:<\/span><\/h1>\n<h3><img loading=\"lazy\" decoding=\"async\" class=\" wp-image-3826 aligncenter\" src=\"http:\/\/promusica.org.pl\/assets\/AC_logo_r-1111x999.jpg\" alt=\"AC_logo_r\" width=\"620\" height=\"557\" srcset=\"https:\/\/promusica.org.pl\/assets\/AC_logo_r-1111x999.jpg 1111w, https:\/\/promusica.org.pl\/assets\/AC_logo_r.jpg 1775w\" sizes=\"auto, (max-width: 620px) 100vw, 620px\" \/><\/h3>\n<h3><\/h3>\n<h3><\/h3>\n<h3><\/h3>\n<h3><\/h3>\n<h3><\/h3>\n<h3><\/h3>\n<h3><\/h3>\n<h3><\/h3>\n<h3><\/h3>\n<h3><\/h3>\n<h3><\/h3>\n<h3><\/h3>\n<h3><\/h3>\n<h3><\/h3>\n<h3><\/h3>\n<h3><\/h3>\n<h3><\/h3>\n<h3><img loading=\"lazy\" decoding=\"async\" class=\" wp-image-3827 aligncenter\" src=\"http:\/\/promusica.org.pl\/assets\/logo_stag_autogas_systems_R-1170x827.jpg\" alt=\"logo_stag_autogas_systems_R\" width=\"602\" height=\"425\" \/><\/h3>\n<h3><\/h3>\n<h3><\/h3>\n<h3><\/h3>\n<h3><\/h3>\n<h3><\/h3>\n<h3><\/h3>\n<h3><\/h3>\n<h3><\/h3>\n<h3><\/h3>\n<h3><\/h3>\n<h3><\/h3>\n<h2 style=\"text-align: center;\"><span style=\"color: #ff9900;\">Partners:<\/span><\/h2>\n<h3><\/h3>\n<h3><\/h3>\n<h3><\/h3>\n<h3><\/h3>\n<h3>Sportowa Szko\u0142a Podstawowa im. F. Mareckiego w Supra\u015blu<\/h3>\n<p><img loading=\"lazy\" decoding=\"async\" class=\"alignleft size-full wp-image-3361\" src=\"http:\/\/promusica.org.pl\/assets\/LOGO-SSP.png\" alt=\"LOGO SSP\" width=\"405\" height=\"324\" \/><\/p>","protected":false},"excerpt":{"rendered":"<p>V INTERNATIONAL SUMMER ORCHESTRA WORKSHOP SOW 2025 11-16 August 2025 Supra\u015bl, Poland The Foundation\u00a0&#8220;Centrum Sztuki i Kultury Pro Musica&#8221;\u00a0invites you to the second edition of\u00a0Summer\u00a0Orchestra Workshop! Let&#8217;s meet in cosy green town in Poland and\u00a0play together wonderful music! APPLICATION REGULATION SCHEDULE Repertoire : Mulan, Matthew Wilder Spirit Stallion of the Cimarron, Hans Zimmer Around the&#8230;<\/p>\n","protected":false},"author":2,"featured_media":0,"parent":0,"menu_order":0,"comment_status":"closed","ping_status":"closed","template":"","meta":{"_kad_post_transparent":"default","_kad_post_title":"default","_kad_post_layout":"default","_kad_post_sidebar_id":"","_kad_post_content_style":"default","_kad_post_vertical_padding":"default","_kad_post_feature":"","_kad_post_feature_position":"","_kad_post_header":false,"_kad_post_footer":false,"footnotes":""},"class_list":["post-4745","page","type-page","status-publish","hentry"],"yoast_head":"<!-- This site is optimized with the Yoast SEO plugin v26.4 - https:\/\/yoast.com\/wordpress\/plugins\/seo\/ -->\n<title>. - Pro Musica<\/title>\n<meta name=\"robots\" content=\"index, follow, max-snippet:-1, max-image-preview:large, max-video-preview:-1\" \/>\n<link rel=\"canonical\" href=\"https:\/\/promusica.org.pl\/en\/sow-2025-v-letnie-warsztaty-orkiestrowe\/\" \/>\n<meta property=\"og:locale\" content=\"en_US\" \/>\n<meta property=\"og:type\" content=\"article\" \/>\n<meta property=\"og:title\" content=\". - Pro Musica\" \/>\n<meta property=\"og:description\" content=\"V INTERNATIONAL SUMMER ORCHESTRA WORKSHOP SOW 2025 11-16 August 2025 Supra\u015bl, Poland The Foundation\u00a0&#8220;Centrum Sztuki i Kultury Pro Musica&#8221;\u00a0invites you to the second edition of\u00a0Summer\u00a0Orchestra Workshop! Let&#8217;s meet in cosy green town in Poland and\u00a0play together wonderful music! APPLICATION REGULATION SCHEDULE Repertoire : Mulan, Matthew Wilder Spirit Stallion of the Cimarron, Hans Zimmer Around the...\" \/>\n<meta property=\"og:url\" content=\"https:\/\/promusica.org.pl\/en\/sow-2025-v-letnie-warsztaty-orkiestrowe\/\" \/>\n<meta property=\"og:site_name\" content=\"Pro Musica\" \/>\n<meta property=\"article:modified_time\" content=\"2025-06-29T18:36:27+00:00\" \/>\n<meta property=\"og:image\" content=\"https:\/\/promusica.org.pl\/assets\/SOW2025-scaled.jpg\" \/>\n\t<meta property=\"og:image:width\" content=\"1810\" \/>\n\t<meta property=\"og:image:height\" content=\"2560\" \/>\n\t<meta property=\"og:image:type\" content=\"image\/jpeg\" \/>\n<meta name=\"twitter:label1\" content=\"Est. reading time\" \/>\n\t<meta name=\"twitter:data1\" content=\"4 minutes\" \/>\n<script type=\"application\/ld+json\" class=\"yoast-schema-graph\">{\"@context\":\"https:\/\/schema.org\",\"@graph\":[{\"@type\":\"WebPage\",\"@id\":\"https:\/\/promusica.org.pl\/en\/sow-2025-v-letnie-warsztaty-orkiestrowe\/\",\"url\":\"https:\/\/promusica.org.pl\/en\/sow-2025-v-letnie-warsztaty-orkiestrowe\/\",\"name\":\". - Pro Musica\",\"isPartOf\":{\"@id\":\"https:\/\/promusica.org.pl\/en\/#website\"},\"primaryImageOfPage\":{\"@id\":\"https:\/\/promusica.org.pl\/en\/sow-2025-v-letnie-warsztaty-orkiestrowe\/#primaryimage\"},\"image\":{\"@id\":\"https:\/\/promusica.org.pl\/sow-2025-v-letnie-warsztaty-orkiestrowe\/#primaryimage\"},\"thumbnailUrl\":\"https:\/\/promusica.org.pl\/assets\/SOW2025-706x999.jpg\",\"datePublished\":\"2025-03-06T14:38:59+00:00\",\"dateModified\":\"2025-06-29T18:36:27+00:00\",\"breadcrumb\":{\"@id\":\"https:\/\/promusica.org.pl\/en\/sow-2025-v-letnie-warsztaty-orkiestrowe\/#breadcrumb\"},\"inLanguage\":\"en-US\",\"potentialAction\":[{\"@type\":\"ReadAction\",\"target\":[[\"https:\/\/promusica.org.pl\/en\/sow-2025-v-letnie-warsztaty-orkiestrowe\/\"]]}]},{\"@type\":\"ImageObject\",\"inLanguage\":\"en-US\",\"@id\":\"https:\/\/promusica.org.pl\/en\/sow-2025-v-letnie-warsztaty-orkiestrowe\/#primaryimage\",\"url\":\"https:\/\/promusica.org.pl\/assets\/SOW2025-706x999.jpg\",\"contentUrl\":\"https:\/\/promusica.org.pl\/assets\/SOW2025-706x999.jpg\"},{\"@type\":\"BreadcrumbList\",\"@id\":\"https:\/\/promusica.org.pl\/en\/sow-2025-v-letnie-warsztaty-orkiestrowe\/#breadcrumb\",\"itemListElement\":[{\"@type\":\"ListItem\",\"position\":1,\"name\":\"Strona g\u0142\u00f3wna\",\"item\":\"https:\/\/promusica.org.pl\/en\/\"},{\"@type\":\"ListItem\",\"position\":2,\"name\":\".\"}]},{\"@type\":\"WebSite\",\"@id\":\"https:\/\/promusica.org.pl\/en\/#website\",\"url\":\"https:\/\/promusica.org.pl\/en\/\",\"name\":\"Pro Musica\",\"description\":\"warsztaty muzyczne, warsztaty orkiestrowe, konkurs na instrumenty solo\",\"publisher\":{\"@id\":\"https:\/\/promusica.org.pl\/en\/#organization\"},\"potentialAction\":[{\"@type\":\"SearchAction\",\"target\":{\"@type\":\"EntryPoint\",\"urlTemplate\":\"https:\/\/promusica.org.pl\/en\/?s={search_term_string}\"},\"query-input\":{\"@type\":\"PropertyValueSpecification\",\"valueRequired\":true,\"valueName\":\"search_term_string\"}}],\"inLanguage\":\"en-US\"},{\"@type\":\"Organization\",\"@id\":\"https:\/\/promusica.org.pl\/en\/#organization\",\"name\":\"Pro Musica\",\"url\":\"https:\/\/promusica.org.pl\/en\/\",\"logo\":{\"@type\":\"ImageObject\",\"inLanguage\":\"en-US\",\"@id\":\"https:\/\/promusica.org.pl\/en\/#\/schema\/logo\/image\/\",\"url\":\"https:\/\/promusica.org.pl\/assets\/cropped-logo.jpg\",\"contentUrl\":\"https:\/\/promusica.org.pl\/assets\/cropped-logo.jpg\",\"width\":239,\"height\":95,\"caption\":\"Pro Musica\"},\"image\":{\"@id\":\"https:\/\/promusica.org.pl\/en\/#\/schema\/logo\/image\/\"}}]}<\/script>\n<!-- \/ Yoast SEO plugin. -->","yoast_head_json":{"title":". - Pro Musica","robots":{"index":"index","follow":"follow","max-snippet":"max-snippet:-1","max-image-preview":"max-image-preview:large","max-video-preview":"max-video-preview:-1"},"canonical":"https:\/\/promusica.org.pl\/en\/sow-2025-v-letnie-warsztaty-orkiestrowe\/","og_locale":"en_US","og_type":"article","og_title":". - Pro Musica","og_description":"V INTERNATIONAL SUMMER ORCHESTRA WORKSHOP SOW 2025 11-16 August 2025 Supra\u015bl, Poland The Foundation\u00a0&#8220;Centrum Sztuki i Kultury Pro Musica&#8221;\u00a0invites you to the second edition of\u00a0Summer\u00a0Orchestra Workshop! Let&#8217;s meet in cosy green town in Poland and\u00a0play together wonderful music! APPLICATION REGULATION SCHEDULE Repertoire : Mulan, Matthew Wilder Spirit Stallion of the Cimarron, Hans Zimmer Around the...","og_url":"https:\/\/promusica.org.pl\/en\/sow-2025-v-letnie-warsztaty-orkiestrowe\/","og_site_name":"Pro Musica","article_modified_time":"2025-06-29T18:36:27+00:00","og_image":[{"width":1810,"height":2560,"url":"https:\/\/promusica.org.pl\/assets\/SOW2025-scaled.jpg","type":"image\/jpeg"}],"twitter_misc":{"Est. reading time":"4 minutes"},"schema":{"@context":"https:\/\/schema.org","@graph":[{"@type":"WebPage","@id":"https:\/\/promusica.org.pl\/en\/sow-2025-v-letnie-warsztaty-orkiestrowe\/","url":"https:\/\/promusica.org.pl\/en\/sow-2025-v-letnie-warsztaty-orkiestrowe\/","name":". - Pro Musica","isPartOf":{"@id":"https:\/\/promusica.org.pl\/en\/#website"},"primaryImageOfPage":{"@id":"https:\/\/promusica.org.pl\/en\/sow-2025-v-letnie-warsztaty-orkiestrowe\/#primaryimage"},"image":{"@id":"https:\/\/promusica.org.pl\/sow-2025-v-letnie-warsztaty-orkiestrowe\/#primaryimage"},"thumbnailUrl":"https:\/\/promusica.org.pl\/assets\/SOW2025-706x999.jpg","datePublished":"2025-03-06T14:38:59+00:00","dateModified":"2025-06-29T18:36:27+00:00","breadcrumb":{"@id":"https:\/\/promusica.org.pl\/en\/sow-2025-v-letnie-warsztaty-orkiestrowe\/#breadcrumb"},"inLanguage":"en-US","potentialAction":[{"@type":"ReadAction","target":[["https:\/\/promusica.org.pl\/en\/sow-2025-v-letnie-warsztaty-orkiestrowe\/"]]}]},{"@type":"ImageObject","inLanguage":"en-US","@id":"https:\/\/promusica.org.pl\/en\/sow-2025-v-letnie-warsztaty-orkiestrowe\/#primaryimage","url":"https:\/\/promusica.org.pl\/assets\/SOW2025-706x999.jpg","contentUrl":"https:\/\/promusica.org.pl\/assets\/SOW2025-706x999.jpg"},{"@type":"BreadcrumbList","@id":"https:\/\/promusica.org.pl\/en\/sow-2025-v-letnie-warsztaty-orkiestrowe\/#breadcrumb","itemListElement":[{"@type":"ListItem","position":1,"name":"Strona g\u0142\u00f3wna","item":"https:\/\/promusica.org.pl\/en\/"},{"@type":"ListItem","position":2,"name":"."}]},{"@type":"WebSite","@id":"https:\/\/promusica.org.pl\/en\/#website","url":"https:\/\/promusica.org.pl\/en\/","name":"Pro Musica","description":"warsztaty muzyczne, warsztaty orkiestrowe, konkurs na instrumenty solo","publisher":{"@id":"https:\/\/promusica.org.pl\/en\/#organization"},"potentialAction":[{"@type":"SearchAction","target":{"@type":"EntryPoint","urlTemplate":"https:\/\/promusica.org.pl\/en\/?s={search_term_string}"},"query-input":{"@type":"PropertyValueSpecification","valueRequired":true,"valueName":"search_term_string"}}],"inLanguage":"en-US"},{"@type":"Organization","@id":"https:\/\/promusica.org.pl\/en\/#organization","name":"Pro Musica","url":"https:\/\/promusica.org.pl\/en\/","logo":{"@type":"ImageObject","inLanguage":"en-US","@id":"https:\/\/promusica.org.pl\/en\/#\/schema\/logo\/image\/","url":"https:\/\/promusica.org.pl\/assets\/cropped-logo.jpg","contentUrl":"https:\/\/promusica.org.pl\/assets\/cropped-logo.jpg","width":239,"height":95,"caption":"Pro Musica"},"image":{"@id":"https:\/\/promusica.org.pl\/en\/#\/schema\/logo\/image\/"}}]}},"_links":{"self":[{"href":"https:\/\/promusica.org.pl\/en\/wp-json\/wp\/v2\/pages\/4745","targetHints":{"allow":["GET"]}}],"collection":[{"href":"https:\/\/promusica.org.pl\/en\/wp-json\/wp\/v2\/pages"}],"about":[{"href":"https:\/\/promusica.org.pl\/en\/wp-json\/wp\/v2\/types\/page"}],"author":[{"embeddable":true,"href":"https:\/\/promusica.org.pl\/en\/wp-json\/wp\/v2\/users\/2"}],"replies":[{"embeddable":true,"href":"https:\/\/promusica.org.pl\/en\/wp-json\/wp\/v2\/comments?post=4745"}],"version-history":[{"count":10,"href":"https:\/\/promusica.org.pl\/en\/wp-json\/wp\/v2\/pages\/4745\/revisions"}],"predecessor-version":[{"id":4857,"href":"https:\/\/promusica.org.pl\/en\/wp-json\/wp\/v2\/pages\/4745\/revisions\/4857"}],"wp:attachment":[{"href":"https:\/\/promusica.org.pl\/en\/wp-json\/wp\/v2\/media?parent=4745"}],"curies":[{"name":"wp","href":"https:\/\/api.w.org\/{rel}","templated":true}]}}