{"id":4670,"date":"2025-03-05T07:05:42","date_gmt":"2025-03-05T06:05:42","guid":{"rendered":"https:\/\/promusica.org.pl\/?page_id=4670"},"modified":"2025-10-17T09:33:37","modified_gmt":"2025-10-17T07:33:37","slug":"rejestracja-smyczkowe-finalis-2025-2","status":"publish","type":"page","link":"https:\/\/promusica.org.pl\/en\/vii-miedzynarodowy-konkurs-instrumentow-detych-i-smyczkowych-finalis-2025\/rejestracja-smyczkowe-finalis-2025-2\/","title":{"rendered":"Application string instruments Finalis2025"},"content":{"rendered":"<p><img loading=\"lazy\" decoding=\"async\" class=\"wp-image-4576 aligncenter\" src=\"https:\/\/promusica.org.pl\/assets\/logo-Finalis-2025-male-1170x536.jpg\" alt=\"\" width=\"789\" height=\"361\" srcset=\"https:\/\/promusica.org.pl\/assets\/logo-Finalis-2025-male-1170x536.jpg 1170w, https:\/\/promusica.org.pl\/assets\/logo-Finalis-2025-male-768x352.jpg 768w, https:\/\/promusica.org.pl\/assets\/logo-Finalis-2025-male-1536x703.jpg 1536w, https:\/\/promusica.org.pl\/assets\/logo-Finalis-2025-male-2048x937.jpg 2048w\" sizes=\"auto, (max-width: 789px) 100vw, 789px\" \/><\/p>\n<h1 style=\"text-align: center;\"><em><span style=\"color: #0000ff;\">\u21d2APPLICATION\u21d0<\/span><\/em><\/h1>\n<h3 style=\"text-align: center;\"><span style=\"color: #ff0000;\"><strong data-start=\"148\" data-end=\"208\">DEADLINE FOR STRING INSTRUMENTS \u2013\u00a0 16 OCTOBER!!!<\/strong><\/span><\/h3>\n<h3 style=\"text-align: center;\"><\/h3>\n<h3 style=\"text-align: center;\"><\/h3>\n<p><\/p>","protected":false},"excerpt":{"rendered":"<p>\u21d2APPLICATION\u21d0 DEADLINE FOR STRING INSTRUMENTS \u2013\u00a0 16 OCTOBER!!!<\/p>\n","protected":false},"author":2,"featured_media":0,"parent":4539,"menu_order":0,"comment_status":"closed","ping_status":"closed","template":"","meta":{"_kad_post_transparent":"default","_kad_post_title":"default","_kad_post_layout":"default","_kad_post_sidebar_id":"","_kad_post_content_style":"default","_kad_post_vertical_padding":"default","_kad_post_feature":"","_kad_post_feature_position":"","_kad_post_header":false,"_kad_post_footer":false,"footnotes":""},"class_list":["post-4670","page","type-page","status-publish","hentry"],"yoast_head":"<!-- This site is optimized with the Yoast SEO plugin v26.4 - https:\/\/yoast.com\/wordpress\/plugins\/seo\/ -->\n<title>Application string instruments Finalis2025 - Pro Musica<\/title>\n<meta name=\"robots\" content=\"index, follow, max-snippet:-1, max-image-preview:large, max-video-preview:-1\" \/>\n<link rel=\"canonical\" href=\"https:\/\/promusica.org.pl\/en\/vii-miedzynarodowy-konkurs-instrumentow-detych-i-smyczkowych-finalis-2025\/rejestracja-smyczkowe-finalis-2025-2\/\" \/>\n<meta property=\"og:locale\" content=\"en_US\" \/>\n<meta property=\"og:type\" content=\"article\" \/>\n<meta property=\"og:title\" content=\"Application string instruments Finalis2025 - Pro Musica\" \/>\n<meta property=\"og:description\" content=\"\u21d2APPLICATION\u21d0 DEADLINE FOR STRING INSTRUMENTS \u2013\u00a0 16 OCTOBER!!!\" \/>\n<meta property=\"og:url\" content=\"https:\/\/promusica.org.pl\/en\/vii-miedzynarodowy-konkurs-instrumentow-detych-i-smyczkowych-finalis-2025\/rejestracja-smyczkowe-finalis-2025-2\/\" \/>\n<meta property=\"og:site_name\" content=\"Pro Musica\" \/>\n<meta property=\"article:modified_time\" content=\"2025-10-17T07:33:37+00:00\" \/>\n<meta property=\"og:image\" content=\"https:\/\/promusica.org.pl\/assets\/logo-Finalis-2025-male-scaled.jpg\" \/>\n\t<meta property=\"og:image:width\" content=\"2560\" \/>\n\t<meta property=\"og:image:height\" content=\"1172\" \/>\n\t<meta property=\"og:image:type\" content=\"image\/jpeg\" \/>\n<meta name=\"twitter:label1\" content=\"Est. reading time\" \/>\n\t<meta name=\"twitter:data1\" content=\"1 minute\" \/>\n<script type=\"application\/ld+json\" class=\"yoast-schema-graph\">{\"@context\":\"https:\/\/schema.org\",\"@graph\":[{\"@type\":\"WebPage\",\"@id\":\"https:\/\/promusica.org.pl\/en\/vii-miedzynarodowy-konkurs-instrumentow-detych-i-smyczkowych-finalis-2025\/rejestracja-smyczkowe-finalis-2025-2\/\",\"url\":\"https:\/\/promusica.org.pl\/en\/vii-miedzynarodowy-konkurs-instrumentow-detych-i-smyczkowych-finalis-2025\/rejestracja-smyczkowe-finalis-2025-2\/\",\"name\":\"Application string instruments Finalis2025 - Pro Musica\",\"isPartOf\":{\"@id\":\"https:\/\/promusica.org.pl\/en\/#website\"},\"primaryImageOfPage\":{\"@id\":\"https:\/\/promusica.org.pl\/en\/vii-miedzynarodowy-konkurs-instrumentow-detych-i-smyczkowych-finalis-2025\/rejestracja-smyczkowe-finalis-2025-2\/#primaryimage\"},\"image\":{\"@id\":\"https:\/\/promusica.org.pl\/vii-miedzynarodowy-konkurs-instrumentow-detych-i-smyczkowych-finalis-2025\/rejestracja-smyczkowe-finalis-2025-2\/#primaryimage\"},\"thumbnailUrl\":\"https:\/\/promusica.org.pl\/assets\/logo-Finalis-2025-male-1170x536.jpg\",\"datePublished\":\"2025-03-05T06:05:42+00:00\",\"dateModified\":\"2025-10-17T07:33:37+00:00\",\"breadcrumb\":{\"@id\":\"https:\/\/promusica.org.pl\/en\/vii-miedzynarodowy-konkurs-instrumentow-detych-i-smyczkowych-finalis-2025\/rejestracja-smyczkowe-finalis-2025-2\/#breadcrumb\"},\"inLanguage\":\"en-US\",\"potentialAction\":[{\"@type\":\"ReadAction\",\"target\":[[\"https:\/\/promusica.org.pl\/en\/vii-miedzynarodowy-konkurs-instrumentow-detych-i-smyczkowych-finalis-2025\/rejestracja-smyczkowe-finalis-2025-2\/\"]]}]},{\"@type\":\"ImageObject\",\"inLanguage\":\"en-US\",\"@id\":\"https:\/\/promusica.org.pl\/en\/vii-miedzynarodowy-konkurs-instrumentow-detych-i-smyczkowych-finalis-2025\/rejestracja-smyczkowe-finalis-2025-2\/#primaryimage\",\"url\":\"https:\/\/promusica.org.pl\/assets\/logo-Finalis-2025-male-1170x536.jpg\",\"contentUrl\":\"https:\/\/promusica.org.pl\/assets\/logo-Finalis-2025-male-1170x536.jpg\"},{\"@type\":\"BreadcrumbList\",\"@id\":\"https:\/\/promusica.org.pl\/en\/vii-miedzynarodowy-konkurs-instrumentow-detych-i-smyczkowych-finalis-2025\/rejestracja-smyczkowe-finalis-2025-2\/#breadcrumb\",\"itemListElement\":[{\"@type\":\"ListItem\",\"position\":1,\"name\":\"Strona g\u0142\u00f3wna\",\"item\":\"https:\/\/promusica.org.pl\/en\/\"},{\"@type\":\"ListItem\",\"position\":2,\"name\":\"VII Mi\u0119dzynarodowy Konkurs Instrument\u00f3w D\u0119tych i Smyczkowych FINALIS 2025\",\"item\":\"https:\/\/promusica.org.pl\/en\/vii-miedzynarodowy-konkurs-instrumentow-detych-i-smyczkowych-finalis-2025\/\"},{\"@type\":\"ListItem\",\"position\":3,\"name\":\"Rejestracja instrumenty smyczkowe Finalis 2025\"}]},{\"@type\":\"WebSite\",\"@id\":\"https:\/\/promusica.org.pl\/en\/#website\",\"url\":\"https:\/\/promusica.org.pl\/en\/\",\"name\":\"Pro Musica\",\"description\":\"warsztaty muzyczne, warsztaty orkiestrowe, konkurs na instrumenty solo\",\"publisher\":{\"@id\":\"https:\/\/promusica.org.pl\/en\/#organization\"},\"potentialAction\":[{\"@type\":\"SearchAction\",\"target\":{\"@type\":\"EntryPoint\",\"urlTemplate\":\"https:\/\/promusica.org.pl\/en\/?s={search_term_string}\"},\"query-input\":{\"@type\":\"PropertyValueSpecification\",\"valueRequired\":true,\"valueName\":\"search_term_string\"}}],\"inLanguage\":\"en-US\"},{\"@type\":\"Organization\",\"@id\":\"https:\/\/promusica.org.pl\/en\/#organization\",\"name\":\"Pro Musica\",\"url\":\"https:\/\/promusica.org.pl\/en\/\",\"logo\":{\"@type\":\"ImageObject\",\"inLanguage\":\"en-US\",\"@id\":\"https:\/\/promusica.org.pl\/en\/#\/schema\/logo\/image\/\",\"url\":\"https:\/\/promusica.org.pl\/assets\/cropped-logo.jpg\",\"contentUrl\":\"https:\/\/promusica.org.pl\/assets\/cropped-logo.jpg\",\"width\":239,\"height\":95,\"caption\":\"Pro Musica\"},\"image\":{\"@id\":\"https:\/\/promusica.org.pl\/en\/#\/schema\/logo\/image\/\"}}]}<\/script>\n<!-- \/ Yoast SEO plugin. -->","yoast_head_json":{"title":"Application string instruments Finalis2025 - Pro Musica","robots":{"index":"index","follow":"follow","max-snippet":"max-snippet:-1","max-image-preview":"max-image-preview:large","max-video-preview":"max-video-preview:-1"},"canonical":"https:\/\/promusica.org.pl\/en\/vii-miedzynarodowy-konkurs-instrumentow-detych-i-smyczkowych-finalis-2025\/rejestracja-smyczkowe-finalis-2025-2\/","og_locale":"en_US","og_type":"article","og_title":"Application string instruments Finalis2025 - Pro Musica","og_description":"\u21d2APPLICATION\u21d0 DEADLINE FOR STRING INSTRUMENTS \u2013\u00a0 16 OCTOBER!!!","og_url":"https:\/\/promusica.org.pl\/en\/vii-miedzynarodowy-konkurs-instrumentow-detych-i-smyczkowych-finalis-2025\/rejestracja-smyczkowe-finalis-2025-2\/","og_site_name":"Pro Musica","article_modified_time":"2025-10-17T07:33:37+00:00","og_image":[{"width":2560,"height":1172,"url":"https:\/\/promusica.org.pl\/assets\/logo-Finalis-2025-male-scaled.jpg","type":"image\/jpeg"}],"twitter_misc":{"Est. reading time":"1 minute"},"schema":{"@context":"https:\/\/schema.org","@graph":[{"@type":"WebPage","@id":"https:\/\/promusica.org.pl\/en\/vii-miedzynarodowy-konkurs-instrumentow-detych-i-smyczkowych-finalis-2025\/rejestracja-smyczkowe-finalis-2025-2\/","url":"https:\/\/promusica.org.pl\/en\/vii-miedzynarodowy-konkurs-instrumentow-detych-i-smyczkowych-finalis-2025\/rejestracja-smyczkowe-finalis-2025-2\/","name":"Application string instruments Finalis2025 - Pro Musica","isPartOf":{"@id":"https:\/\/promusica.org.pl\/en\/#website"},"primaryImageOfPage":{"@id":"https:\/\/promusica.org.pl\/en\/vii-miedzynarodowy-konkurs-instrumentow-detych-i-smyczkowych-finalis-2025\/rejestracja-smyczkowe-finalis-2025-2\/#primaryimage"},"image":{"@id":"https:\/\/promusica.org.pl\/vii-miedzynarodowy-konkurs-instrumentow-detych-i-smyczkowych-finalis-2025\/rejestracja-smyczkowe-finalis-2025-2\/#primaryimage"},"thumbnailUrl":"https:\/\/promusica.org.pl\/assets\/logo-Finalis-2025-male-1170x536.jpg","datePublished":"2025-03-05T06:05:42+00:00","dateModified":"2025-10-17T07:33:37+00:00","breadcrumb":{"@id":"https:\/\/promusica.org.pl\/en\/vii-miedzynarodowy-konkurs-instrumentow-detych-i-smyczkowych-finalis-2025\/rejestracja-smyczkowe-finalis-2025-2\/#breadcrumb"},"inLanguage":"en-US","potentialAction":[{"@type":"ReadAction","target":[["https:\/\/promusica.org.pl\/en\/vii-miedzynarodowy-konkurs-instrumentow-detych-i-smyczkowych-finalis-2025\/rejestracja-smyczkowe-finalis-2025-2\/"]]}]},{"@type":"ImageObject","inLanguage":"en-US","@id":"https:\/\/promusica.org.pl\/en\/vii-miedzynarodowy-konkurs-instrumentow-detych-i-smyczkowych-finalis-2025\/rejestracja-smyczkowe-finalis-2025-2\/#primaryimage","url":"https:\/\/promusica.org.pl\/assets\/logo-Finalis-2025-male-1170x536.jpg","contentUrl":"https:\/\/promusica.org.pl\/assets\/logo-Finalis-2025-male-1170x536.jpg"},{"@type":"BreadcrumbList","@id":"https:\/\/promusica.org.pl\/en\/vii-miedzynarodowy-konkurs-instrumentow-detych-i-smyczkowych-finalis-2025\/rejestracja-smyczkowe-finalis-2025-2\/#breadcrumb","itemListElement":[{"@type":"ListItem","position":1,"name":"Strona g\u0142\u00f3wna","item":"https:\/\/promusica.org.pl\/en\/"},{"@type":"ListItem","position":2,"name":"VII Mi\u0119dzynarodowy Konkurs Instrument\u00f3w D\u0119tych i Smyczkowych FINALIS 2025","item":"https:\/\/promusica.org.pl\/en\/vii-miedzynarodowy-konkurs-instrumentow-detych-i-smyczkowych-finalis-2025\/"},{"@type":"ListItem","position":3,"name":"Rejestracja instrumenty smyczkowe Finalis 2025"}]},{"@type":"WebSite","@id":"https:\/\/promusica.org.pl\/en\/#website","url":"https:\/\/promusica.org.pl\/en\/","name":"Pro Musica","description":"warsztaty muzyczne, warsztaty orkiestrowe, konkurs na instrumenty solo","publisher":{"@id":"https:\/\/promusica.org.pl\/en\/#organization"},"potentialAction":[{"@type":"SearchAction","target":{"@type":"EntryPoint","urlTemplate":"https:\/\/promusica.org.pl\/en\/?s={search_term_string}"},"query-input":{"@type":"PropertyValueSpecification","valueRequired":true,"valueName":"search_term_string"}}],"inLanguage":"en-US"},{"@type":"Organization","@id":"https:\/\/promusica.org.pl\/en\/#organization","name":"Pro Musica","url":"https:\/\/promusica.org.pl\/en\/","logo":{"@type":"ImageObject","inLanguage":"en-US","@id":"https:\/\/promusica.org.pl\/en\/#\/schema\/logo\/image\/","url":"https:\/\/promusica.org.pl\/assets\/cropped-logo.jpg","contentUrl":"https:\/\/promusica.org.pl\/assets\/cropped-logo.jpg","width":239,"height":95,"caption":"Pro Musica"},"image":{"@id":"https:\/\/promusica.org.pl\/en\/#\/schema\/logo\/image\/"}}]}},"_links":{"self":[{"href":"https:\/\/promusica.org.pl\/en\/wp-json\/wp\/v2\/pages\/4670","targetHints":{"allow":["GET"]}}],"collection":[{"href":"https:\/\/promusica.org.pl\/en\/wp-json\/wp\/v2\/pages"}],"about":[{"href":"https:\/\/promusica.org.pl\/en\/wp-json\/wp\/v2\/types\/page"}],"author":[{"embeddable":true,"href":"https:\/\/promusica.org.pl\/en\/wp-json\/wp\/v2\/users\/2"}],"replies":[{"embeddable":true,"href":"https:\/\/promusica.org.pl\/en\/wp-json\/wp\/v2\/comments?post=4670"}],"version-history":[{"count":11,"href":"https:\/\/promusica.org.pl\/en\/wp-json\/wp\/v2\/pages\/4670\/revisions"}],"predecessor-version":[{"id":4905,"href":"https:\/\/promusica.org.pl\/en\/wp-json\/wp\/v2\/pages\/4670\/revisions\/4905"}],"up":[{"embeddable":true,"href":"https:\/\/promusica.org.pl\/en\/wp-json\/wp\/v2\/pages\/4539"}],"wp:attachment":[{"href":"https:\/\/promusica.org.pl\/en\/wp-json\/wp\/v2\/media?parent=4670"}],"curies":[{"name":"wp","href":"https:\/\/api.w.org\/{rel}","templated":true}]}}