{"id":4591,"date":"2025-03-05T08:44:17","date_gmt":"2025-03-05T07:44:17","guid":{"rendered":"https:\/\/promusica.org.pl\/?page_id=4591"},"modified":"2025-03-05T08:44:17","modified_gmt":"2025-03-05T07:44:17","slug":"francisco-javier-gutierrez-juan","status":"publish","type":"page","link":"https:\/\/promusica.org.pl\/en\/francisco-javier-gutierrez-juan\/","title":{"rendered":"Francisco Javier Gutierrez Juan"},"content":{"rendered":"<p>Francisco Javier Gutierrez Juan<\/p>\n<p>A regular conductor of leading orchestras and professional symphonic bands in Europe and America, he performs in all musical genres and records albums, television programs, and film soundtracks.<\/p>\n<p>He holds the titles of: Superior Professor of Orchestra Conducting, Superior Professor of Composition, Superior Professor of Oboe, Professor of Solf\u00e8ge, A Vista and Transposition, among others.<\/p>\n<p>He has led significant historical reconstructions of lost or altered works and published the treatise La Forma Marcha, edited by ABEC.<\/p>\n<p>He is a frequent jury member in international competitions such as the International Wind Band Contest of Valencia (Spain), the &#8220;Sergei Kussewitzky&#8221; International Conducting Competition in Grosseto (Italy), and the International Competition for Wind Instruments &#8220;Finalis&#8221; in Bialystok (Poland).<\/p>\n<p>He is the principal conductor of the Seville Municipal Symphonic Band. He gives lectures and masterclasses at universities and conducts professional orchestras in Germany, Argentina, Brazil, Canada, Colombia, Costa Rica, Slovenia, Spain, the United States, Italy, Lithuania, Mexico, Poland, Portugal, and Venezuela. He participates in international congresses, is a board member of the Music Section of the Ateneo de Sevilla, and collaborates with various media.<\/p>\n<p>He has received numerous European and American awards and honors.<\/p>\n<p>Among the ensembles he has conducted are:<\/p>\n<p>Symphony Orchestras:<\/p>\n<p>Real Orquesta Sinf\u00f3nica de Sevilla, Orquesta Sinf\u00f3nica de Castilla-Le\u00f3n, Warmia-Masuria Philharmonic Orchestra (Poland), Philharmonisches Kammerorchester Wernigerode (Germany), Orquesta de C\u00f3rdoba (Spain), Orchestre Philharmonique du Qu\u00e9bec (Canada), Orquesta Sinf\u00f3nica del Estado de Puebla (Mexico), Orchestra Sinfonica &#8220;Citt\u00e0 di Grosseto&#8221; (Italy), Orquesta Sinf\u00f3nica de Maracaibo (Venezuela), Lomza Witold Lutos\u0142awski Chamber Philharmonic (Poland), Camerata Strumentale Italiana (Italy), Orquesta Sinf\u00f3nica de M\u00e1laga, Trimitas State Orchestra (Lithuania), Orquesta Sinf\u00f3nica de Caldas (Colombia), Lake Como Philharmonic Orchestra (Italy), Orquesta Filarm\u00f3nica de Braga (Portugal), Orquesta Filarm\u00f3nica de Pachuca (Mexico), Orquesta Sinf\u00f3nica de la Universidad del Cauca (Colombia), Uni\u00f3n de Orquestas Sinf\u00f3nicas del Caribe (Colombia), Orquesta Filarm\u00f3nica Andaluza, Orchestra Filarmonica Navigli di Milano (Italy), SocialMusik Orchestra, Camerata Silva Dionisio\u2013P\u00farpura (Portugal), Orquesta B\u00e9tica Filarm\u00f3nica de Sevilla, Harmonie Ensemble (Spain), UPOL OK\u2019s Symphony Orchestra (Slovenia), Orquesta de C\u00e1mara de la RTVE, Orquesta de C\u00e1mara Manuel Castillo (Seville), Orquesta Cl\u00e1sica de Granada, M\u00e1laga Camerata.<\/p>\n<p>Wind Orchestras and Ensembles:<\/p>\n<p>Orquestra Municipal De Sopros De Len\u00e7\u00f3is Paulista (Brazil), Banda Sinf\u00f3nica de la Guardia Real de Espa\u00f1a, Berry College Symphony Wind Ensemble (USA), Northern Iowa University Festival Wind Ensemble (USA), Rovereto Wind Orchestra (Italy), Banda Nacional de Conciertos de San Jos\u00e9 (Costa Rica), Banda Sinf\u00f3nica del Ej\u00e9rcito Nacional de Colombia, Banda Sinf\u00f3nica Nacional M.P. Grisol\u00eda (Argentina), Banda Oficial de Conciertos Sim\u00f3n Bol\u00edvar (Venezuela), Banda de Conciertos del Pac\u00edfico (Costa Rica), Bandas Nacionales de Guanacaste y Puntarenas (Costa Rica), Banda del Regimiento Inmemorial del Rey N\u00ba 1, M\u00fasica de la Inspecci\u00f3n General del Ej\u00e9rcito (Barcelona), M\u00fasica del Regimiento Soria N\u00ba 9 (Seville), M\u00fasica del Mando A\u00e9reo del Estrecho (Seville), M\u00fasica del Tercio Sur de Infanter\u00eda de Marina (Cartagena, Spain).<\/p>\n<p>Municipal Wind Bands:<\/p>\n<p>Madrid, Barcelona, La Coru\u00f1a, Santiago de Compostela, Oviedo, Bilbao, Vitoria, Santa Cruz de Tenerife, Albacete, Castell\u00f3n, Alicante, Badajoz, Granada, M\u00e1laga, Huelva, Almer\u00eda.<\/p>\n<p>Choirs and Vocal Ensembles:<\/p>\n<p>Banda Sinf\u00f3nica del Musikene (San Sebasti\u00e1n), Orquesta Sinf\u00f3nica del Conservatorio Fco. Guerrero, Coro de \u00d3pera del Teatro Maestranza (Seville), Coro de la Universidad de M\u00e1laga, Coro L\u00edrico de Huelva, Coro de \u00d3pera de C\u00f3rdoba, Coro Manuel de Falla (Seville), Compa\u00f1\u00eda Sevillana de Zarzuela, Coro Cl\u00e1sico de Granada.<\/p>\n<p>&nbsp;<\/p>","protected":false},"excerpt":{"rendered":"<p>Francisco Javier Gutierrez Juan A regular conductor of leading orchestras and professional symphonic bands in Europe and America, he performs in all musical genres and records albums, television programs, and film soundtracks. He holds the titles of: Superior Professor of Orchestra Conducting, Superior Professor of Composition, Superior Professor of Oboe, Professor of Solf\u00e8ge, A Vista&#8230;<\/p>\n","protected":false},"author":2,"featured_media":0,"parent":0,"menu_order":0,"comment_status":"closed","ping_status":"closed","template":"","meta":{"_kad_post_transparent":"default","_kad_post_title":"default","_kad_post_layout":"default","_kad_post_sidebar_id":"","_kad_post_content_style":"default","_kad_post_vertical_padding":"default","_kad_post_feature":"","_kad_post_feature_position":"","_kad_post_header":false,"_kad_post_footer":false,"footnotes":""},"class_list":["post-4591","page","type-page","status-publish","hentry"],"yoast_head":"<!-- This site is optimized with the Yoast SEO plugin v26.4 - https:\/\/yoast.com\/wordpress\/plugins\/seo\/ -->\n<title>Francisco Javier Gutierrez Juan - Pro Musica<\/title>\n<meta name=\"robots\" content=\"index, follow, max-snippet:-1, max-image-preview:large, max-video-preview:-1\" \/>\n<link rel=\"canonical\" href=\"https:\/\/promusica.org.pl\/en\/francisco-javier-gutierrez-juan\/\" \/>\n<meta property=\"og:locale\" content=\"en_US\" \/>\n<meta property=\"og:type\" content=\"article\" \/>\n<meta property=\"og:title\" content=\"Francisco Javier Gutierrez Juan - Pro Musica\" \/>\n<meta property=\"og:description\" content=\"Francisco Javier Gutierrez Juan A regular conductor of leading orchestras and professional symphonic bands in Europe and America, he performs in all musical genres and records albums, television programs, and film soundtracks. He holds the titles of: Superior Professor of Orchestra Conducting, Superior Professor of Composition, Superior Professor of Oboe, Professor of Solf\u00e8ge, A Vista...\" \/>\n<meta property=\"og:url\" content=\"https:\/\/promusica.org.pl\/en\/francisco-javier-gutierrez-juan\/\" \/>\n<meta property=\"og:site_name\" content=\"Pro Musica\" \/>\n<meta name=\"twitter:label1\" content=\"Est. reading time\" \/>\n\t<meta name=\"twitter:data1\" content=\"4 minutes\" \/>\n<script type=\"application\/ld+json\" class=\"yoast-schema-graph\">{\"@context\":\"https:\/\/schema.org\",\"@graph\":[{\"@type\":\"WebPage\",\"@id\":\"https:\/\/promusica.org.pl\/en\/francisco-javier-gutierrez-juan\/\",\"url\":\"https:\/\/promusica.org.pl\/en\/francisco-javier-gutierrez-juan\/\",\"name\":\"Francisco Javier Gutierrez Juan - Pro Musica\",\"isPartOf\":{\"@id\":\"https:\/\/promusica.org.pl\/en\/#website\"},\"datePublished\":\"2025-03-05T07:44:17+00:00\",\"breadcrumb\":{\"@id\":\"https:\/\/promusica.org.pl\/en\/francisco-javier-gutierrez-juan\/#breadcrumb\"},\"inLanguage\":\"en-US\",\"potentialAction\":[{\"@type\":\"ReadAction\",\"target\":[[\"https:\/\/promusica.org.pl\/en\/francisco-javier-gutierrez-juan\/\"]]}]},{\"@type\":\"BreadcrumbList\",\"@id\":\"https:\/\/promusica.org.pl\/en\/francisco-javier-gutierrez-juan\/#breadcrumb\",\"itemListElement\":[{\"@type\":\"ListItem\",\"position\":1,\"name\":\"Strona g\u0142\u00f3wna\",\"item\":\"https:\/\/promusica.org.pl\/en\/\"},{\"@type\":\"ListItem\",\"position\":2,\"name\":\"Francisco Javier Gutierrez Juan\"}]},{\"@type\":\"WebSite\",\"@id\":\"https:\/\/promusica.org.pl\/en\/#website\",\"url\":\"https:\/\/promusica.org.pl\/en\/\",\"name\":\"Pro Musica\",\"description\":\"warsztaty muzyczne, warsztaty orkiestrowe, konkurs na instrumenty solo\",\"publisher\":{\"@id\":\"https:\/\/promusica.org.pl\/en\/#organization\"},\"potentialAction\":[{\"@type\":\"SearchAction\",\"target\":{\"@type\":\"EntryPoint\",\"urlTemplate\":\"https:\/\/promusica.org.pl\/en\/?s={search_term_string}\"},\"query-input\":{\"@type\":\"PropertyValueSpecification\",\"valueRequired\":true,\"valueName\":\"search_term_string\"}}],\"inLanguage\":\"en-US\"},{\"@type\":\"Organization\",\"@id\":\"https:\/\/promusica.org.pl\/en\/#organization\",\"name\":\"Pro Musica\",\"url\":\"https:\/\/promusica.org.pl\/en\/\",\"logo\":{\"@type\":\"ImageObject\",\"inLanguage\":\"en-US\",\"@id\":\"https:\/\/promusica.org.pl\/en\/#\/schema\/logo\/image\/\",\"url\":\"https:\/\/promusica.org.pl\/assets\/cropped-logo.jpg\",\"contentUrl\":\"https:\/\/promusica.org.pl\/assets\/cropped-logo.jpg\",\"width\":239,\"height\":95,\"caption\":\"Pro Musica\"},\"image\":{\"@id\":\"https:\/\/promusica.org.pl\/en\/#\/schema\/logo\/image\/\"}}]}<\/script>\n<!-- \/ Yoast SEO plugin. -->","yoast_head_json":{"title":"Francisco Javier Gutierrez Juan - Pro Musica","robots":{"index":"index","follow":"follow","max-snippet":"max-snippet:-1","max-image-preview":"max-image-preview:large","max-video-preview":"max-video-preview:-1"},"canonical":"https:\/\/promusica.org.pl\/en\/francisco-javier-gutierrez-juan\/","og_locale":"en_US","og_type":"article","og_title":"Francisco Javier Gutierrez Juan - Pro Musica","og_description":"Francisco Javier Gutierrez Juan A regular conductor of leading orchestras and professional symphonic bands in Europe and America, he performs in all musical genres and records albums, television programs, and film soundtracks. He holds the titles of: Superior Professor of Orchestra Conducting, Superior Professor of Composition, Superior Professor of Oboe, Professor of Solf\u00e8ge, A Vista...","og_url":"https:\/\/promusica.org.pl\/en\/francisco-javier-gutierrez-juan\/","og_site_name":"Pro Musica","twitter_misc":{"Est. reading time":"4 minutes"},"schema":{"@context":"https:\/\/schema.org","@graph":[{"@type":"WebPage","@id":"https:\/\/promusica.org.pl\/en\/francisco-javier-gutierrez-juan\/","url":"https:\/\/promusica.org.pl\/en\/francisco-javier-gutierrez-juan\/","name":"Francisco Javier Gutierrez Juan - Pro Musica","isPartOf":{"@id":"https:\/\/promusica.org.pl\/en\/#website"},"datePublished":"2025-03-05T07:44:17+00:00","breadcrumb":{"@id":"https:\/\/promusica.org.pl\/en\/francisco-javier-gutierrez-juan\/#breadcrumb"},"inLanguage":"en-US","potentialAction":[{"@type":"ReadAction","target":[["https:\/\/promusica.org.pl\/en\/francisco-javier-gutierrez-juan\/"]]}]},{"@type":"BreadcrumbList","@id":"https:\/\/promusica.org.pl\/en\/francisco-javier-gutierrez-juan\/#breadcrumb","itemListElement":[{"@type":"ListItem","position":1,"name":"Strona g\u0142\u00f3wna","item":"https:\/\/promusica.org.pl\/en\/"},{"@type":"ListItem","position":2,"name":"Francisco Javier Gutierrez Juan"}]},{"@type":"WebSite","@id":"https:\/\/promusica.org.pl\/en\/#website","url":"https:\/\/promusica.org.pl\/en\/","name":"Pro Musica","description":"warsztaty muzyczne, warsztaty orkiestrowe, konkurs na instrumenty solo","publisher":{"@id":"https:\/\/promusica.org.pl\/en\/#organization"},"potentialAction":[{"@type":"SearchAction","target":{"@type":"EntryPoint","urlTemplate":"https:\/\/promusica.org.pl\/en\/?s={search_term_string}"},"query-input":{"@type":"PropertyValueSpecification","valueRequired":true,"valueName":"search_term_string"}}],"inLanguage":"en-US"},{"@type":"Organization","@id":"https:\/\/promusica.org.pl\/en\/#organization","name":"Pro Musica","url":"https:\/\/promusica.org.pl\/en\/","logo":{"@type":"ImageObject","inLanguage":"en-US","@id":"https:\/\/promusica.org.pl\/en\/#\/schema\/logo\/image\/","url":"https:\/\/promusica.org.pl\/assets\/cropped-logo.jpg","contentUrl":"https:\/\/promusica.org.pl\/assets\/cropped-logo.jpg","width":239,"height":95,"caption":"Pro Musica"},"image":{"@id":"https:\/\/promusica.org.pl\/en\/#\/schema\/logo\/image\/"}}]}},"_links":{"self":[{"href":"https:\/\/promusica.org.pl\/en\/wp-json\/wp\/v2\/pages\/4591","targetHints":{"allow":["GET"]}}],"collection":[{"href":"https:\/\/promusica.org.pl\/en\/wp-json\/wp\/v2\/pages"}],"about":[{"href":"https:\/\/promusica.org.pl\/en\/wp-json\/wp\/v2\/types\/page"}],"author":[{"embeddable":true,"href":"https:\/\/promusica.org.pl\/en\/wp-json\/wp\/v2\/users\/2"}],"replies":[{"embeddable":true,"href":"https:\/\/promusica.org.pl\/en\/wp-json\/wp\/v2\/comments?post=4591"}],"version-history":[{"count":1,"href":"https:\/\/promusica.org.pl\/en\/wp-json\/wp\/v2\/pages\/4591\/revisions"}],"predecessor-version":[{"id":4675,"href":"https:\/\/promusica.org.pl\/en\/wp-json\/wp\/v2\/pages\/4591\/revisions\/4675"}],"wp:attachment":[{"href":"https:\/\/promusica.org.pl\/en\/wp-json\/wp\/v2\/media?parent=4591"}],"curies":[{"name":"wp","href":"https:\/\/api.w.org\/{rel}","templated":true}]}}