{"id":4546,"date":"2025-03-05T10:12:05","date_gmt":"2025-03-05T09:12:05","guid":{"rendered":"https:\/\/promusica.org.pl\/?page_id=4546"},"modified":"2025-04-12T14:23:39","modified_gmt":"2025-04-12T12:23:39","slug":"akompaniatorzy-finalis-2025","status":"publish","type":"page","link":"https:\/\/promusica.org.pl\/en\/vii-miedzynarodowy-konkurs-instrumentow-detych-i-smyczkowych-finalis-2025\/akompaniatorzy-finalis-2025\/","title":{"rendered":"Accompanists Finalis 2025"},"content":{"rendered":"<p><strong><img loading=\"lazy\" decoding=\"async\" class=\"alignleft wp-image-4830\" src=\"https:\/\/promusica.org.pl\/assets\/internet-Karina-Komendera-104-666x999.jpg\" alt=\"\" width=\"229\" height=\"344\" srcset=\"https:\/\/promusica.org.pl\/assets\/internet-Karina-Komendera-104-666x999.jpg 666w, https:\/\/promusica.org.pl\/assets\/internet-Karina-Komendera-104-768x1152.jpg 768w, https:\/\/promusica.org.pl\/assets\/internet-Karina-Komendera-104.jpg 933w\" sizes=\"auto, (max-width: 229px) 100vw, 229px\" \/><\/strong><\/p>\n<p><strong>Karina Komendera<\/strong><\/p>\n<p>Graduated from the State Comprehensive Music School with I* and II* level \u00a0in Bielsko-Bia\u0142a\u00a0 in 2006 \u2013 piano and saxophone classes. Later she graduated from \u00a0Warsaw Fryderyk Chopin University of Music in piano class of prof. Pawe\u0142 Skrzypek (2011) and the Faculty of Management at the University of Warsaw (2012). She is the winner of many nationwide and international piano competitions. Awarded with scholarships from the President of the Council of Ministers of Poland, Ministry of Culture and National Heritage and the Department of Culture and Family Art of Bielsko-Bia\u0142a for outstanding scientific and artistic achievements. In the years 2007-2009 she was a Gold Country Piano Institute scholarship holder in California-USA. As a soloist and chamber musician she has performed \u00a0in Poland, Austria, Italy, Romania, Lithuania, Russia, Switzerland, Norway, Japan and USA. In 2010 she made her debut as a soloist on Broadway at La MaMa Theater in New York in the performance <em>&#8220;Chopin &#8211; an Impression&#8221;,<\/em> starting her international tour. She mastered her piano skills with Thomas Graham from Royal College of Music, John Collins , Jorgen Larsen, Kevin Kenner and many Polish artists. She participated in Festivals and Interpretation Courses: Gaetano Zinetti Chamber Music in Verona and Poland-Norway Piano Duo Cultural Bridge in Trondheim and GCPI in Nevada City. In the years 2010-2014 Karina Komendera was a lecturer at the Complex \u00a0of Fryderyk Chopin Music Schools in Warsaw and was a music director of the International Gospel Workshops in Bielsko-Bia\u0142a.<\/p>\n<p>Currently she is a pianist and saxophonist of the Podlasie Opera and Philharmonic Orchestra, accompanist and vocal coach. She is also a Ph.D. student, piano teacher assistant, saxophone accompanist , clarinet and percussion classes assistant at the Chopin University of Music in Bialystok. Acompanianist on Finalis 2016 and 2017.<\/p>\n<p>&nbsp;<\/p>\n<p>&nbsp;<\/p>\n<p><strong>LucaFerrini<\/strong><\/p>\n<p>&nbsp;<\/p>\n<p><img loading=\"lazy\" decoding=\"async\" class=\"alignleft size-medium wp-image-2378\" src=\"http:\/\/promusica.org.pl\/assets\/LUCA_FERRINI_photo_Darja_Stravs_Tisu-290x194.jpg\" alt=\"LUCA_FERRINI_(photo_Darja_Stravs_Tisu)\" width=\"290\" height=\"194\" srcset=\"https:\/\/promusica.org.pl\/assets\/LUCA_FERRINI_photo_Darja_Stravs_Tisu-290x194.jpg 290w, https:\/\/promusica.org.pl\/assets\/LUCA_FERRINI_photo_Darja_Stravs_Tisu-160x106.jpg 160w\" sizes=\"auto, (max-width: 290px) 100vw, 290px\" \/>studied piano, harpsichord, organ and organ composition, graduating with honors from the music conservatories in Trieste and Udine. For almost forty years he has performed all over Europe and the world (St. Petersburg Philharmonic Hall, Beijing Concert Hall, Venice\u2019s La Fenice theatre, Ljubljana\u2019s Cankar Hall and Philharmonic Hall, Vienna\u2019s Musikverein, Dublin\u2019s National Concert Hall, National Theatre of Malta, Seoul National University, Philharmonic Halls of Odessa, Kaunas and Ulan Bator, Brussel\u2019s St. Michel theatre, Prague, Budapest, Bucharest, Zagreb, Belgrade, Copenhagen, Madrid, Porto, Seoul, Brisbane, Melbourne, Hobart, Buenos Aires, in Chile, etc.), equally acclaimed on all three instruments, as a soloist, in chamber ensembles and as a soloist with orchestra, often under the baton of renowned conductors. Guest of important festivals for contemporary (Trieste, Ljubljana, Bucharest, Zagreb, Dublin, Kaunas, Odessa, Seoul) as well for ancient music (Venice, Bayreuth, Zagreb, etc.), his large repertoire consists of works spanning from Renaissance to contemporary music. As member and co-founder of the Ensemble for contemporary music MD7 and other chamber groups, he has premiered more than hundredsixty new works. In addition to his 40 CDs (as soloist and chamber musician) he made recordings for some ten European radios and televisions, as well as having performed on live radio programmes. He lectures in many piano and harpsichord seminars and he is the official accompanist at summer seminars and academies, as well as at international competitions of music interpretation in Denmark (Carl Nielsen International Competition), Mexico (Henryk Szeryng Violin Competition), China (Beijing International Music Competition), Belgium (Kortijk \u2013 now Ghent \u2013 clarinet competition), Poland (Finalis competition), Italy, Slovenia, Austria. He has taught at the Conservatories in Brescia, Salerno, Ljubljana (Slovenia) and Klagenfurt (Austria). His current post is professor of piano, harpsichord, chamber music and piano accompanist at the Koper-Capodistria Secondary Schools for the Arts, Slovenia, and piano accompanist at the Ljubljana Academy of Music.<\/p>","protected":false},"excerpt":{"rendered":"<p>Karina Komendera Graduated from the State Comprehensive Music School with I* and II* level \u00a0in Bielsko-Bia\u0142a\u00a0 in 2006 \u2013 piano and saxophone classes. Later she graduated from \u00a0Warsaw Fryderyk Chopin University of Music in piano class of prof. Pawe\u0142 Skrzypek (2011) and the Faculty of Management at the University of Warsaw (2012). She is the&#8230;<\/p>\n","protected":false},"author":1,"featured_media":0,"parent":4539,"menu_order":0,"comment_status":"closed","ping_status":"closed","template":"","meta":{"_kad_post_transparent":"default","_kad_post_title":"default","_kad_post_layout":"default","_kad_post_sidebar_id":"","_kad_post_content_style":"default","_kad_post_vertical_padding":"default","_kad_post_feature":"","_kad_post_feature_position":"","_kad_post_header":false,"_kad_post_footer":false,"footnotes":""},"class_list":["post-4546","page","type-page","status-publish","hentry"],"yoast_head":"<!-- This site is optimized with the Yoast SEO plugin v26.4 - https:\/\/yoast.com\/wordpress\/plugins\/seo\/ -->\n<title>Accompanists Finalis 2025 - Pro Musica<\/title>\n<meta name=\"robots\" content=\"index, follow, max-snippet:-1, max-image-preview:large, max-video-preview:-1\" \/>\n<link rel=\"canonical\" href=\"https:\/\/promusica.org.pl\/en\/vii-miedzynarodowy-konkurs-instrumentow-detych-i-smyczkowych-finalis-2025\/akompaniatorzy-finalis-2025\/\" \/>\n<meta property=\"og:locale\" content=\"en_US\" \/>\n<meta property=\"og:type\" content=\"article\" \/>\n<meta property=\"og:title\" content=\"Accompanists Finalis 2025 - Pro Musica\" \/>\n<meta property=\"og:description\" content=\"Karina Komendera Graduated from the State Comprehensive Music School with I* and II* level \u00a0in Bielsko-Bia\u0142a\u00a0 in 2006 \u2013 piano and saxophone classes. Later she graduated from \u00a0Warsaw Fryderyk Chopin University of Music in piano class of prof. Pawe\u0142 Skrzypek (2011) and the Faculty of Management at the University of Warsaw (2012). She is the...\" \/>\n<meta property=\"og:url\" content=\"https:\/\/promusica.org.pl\/en\/vii-miedzynarodowy-konkurs-instrumentow-detych-i-smyczkowych-finalis-2025\/akompaniatorzy-finalis-2025\/\" \/>\n<meta property=\"og:site_name\" content=\"Pro Musica\" \/>\n<meta property=\"article:modified_time\" content=\"2025-04-12T12:23:39+00:00\" \/>\n<meta property=\"og:image\" content=\"https:\/\/promusica.org.pl\/assets\/internet-Karina-Komendera-104.jpg\" \/>\n\t<meta property=\"og:image:width\" content=\"933\" \/>\n\t<meta property=\"og:image:height\" content=\"1400\" \/>\n\t<meta property=\"og:image:type\" content=\"image\/jpeg\" \/>\n<meta name=\"twitter:label1\" content=\"Est. reading time\" \/>\n\t<meta name=\"twitter:data1\" content=\"4 minutes\" \/>\n<script type=\"application\/ld+json\" class=\"yoast-schema-graph\">{\"@context\":\"https:\/\/schema.org\",\"@graph\":[{\"@type\":\"WebPage\",\"@id\":\"https:\/\/promusica.org.pl\/en\/vii-miedzynarodowy-konkurs-instrumentow-detych-i-smyczkowych-finalis-2025\/akompaniatorzy-finalis-2025\/\",\"url\":\"https:\/\/promusica.org.pl\/en\/vii-miedzynarodowy-konkurs-instrumentow-detych-i-smyczkowych-finalis-2025\/akompaniatorzy-finalis-2025\/\",\"name\":\"Accompanists Finalis 2025 - Pro Musica\",\"isPartOf\":{\"@id\":\"https:\/\/promusica.org.pl\/en\/#website\"},\"primaryImageOfPage\":{\"@id\":\"https:\/\/promusica.org.pl\/en\/vii-miedzynarodowy-konkurs-instrumentow-detych-i-smyczkowych-finalis-2025\/akompaniatorzy-finalis-2025\/#primaryimage\"},\"image\":{\"@id\":\"https:\/\/promusica.org.pl\/vii-miedzynarodowy-konkurs-instrumentow-detych-i-smyczkowych-finalis-2025\/akompaniatorzy-finalis-2025\/#primaryimage\"},\"thumbnailUrl\":\"https:\/\/promusica.org.pl\/assets\/internet-Karina-Komendera-104-666x999.jpg\",\"datePublished\":\"2025-03-05T09:12:05+00:00\",\"dateModified\":\"2025-04-12T12:23:39+00:00\",\"breadcrumb\":{\"@id\":\"https:\/\/promusica.org.pl\/en\/vii-miedzynarodowy-konkurs-instrumentow-detych-i-smyczkowych-finalis-2025\/akompaniatorzy-finalis-2025\/#breadcrumb\"},\"inLanguage\":\"en-US\",\"potentialAction\":[{\"@type\":\"ReadAction\",\"target\":[[\"https:\/\/promusica.org.pl\/en\/vii-miedzynarodowy-konkurs-instrumentow-detych-i-smyczkowych-finalis-2025\/akompaniatorzy-finalis-2025\/\"]]}]},{\"@type\":\"ImageObject\",\"inLanguage\":\"en-US\",\"@id\":\"https:\/\/promusica.org.pl\/en\/vii-miedzynarodowy-konkurs-instrumentow-detych-i-smyczkowych-finalis-2025\/akompaniatorzy-finalis-2025\/#primaryimage\",\"url\":\"https:\/\/promusica.org.pl\/assets\/internet-Karina-Komendera-104-666x999.jpg\",\"contentUrl\":\"https:\/\/promusica.org.pl\/assets\/internet-Karina-Komendera-104-666x999.jpg\"},{\"@type\":\"BreadcrumbList\",\"@id\":\"https:\/\/promusica.org.pl\/en\/vii-miedzynarodowy-konkurs-instrumentow-detych-i-smyczkowych-finalis-2025\/akompaniatorzy-finalis-2025\/#breadcrumb\",\"itemListElement\":[{\"@type\":\"ListItem\",\"position\":1,\"name\":\"Strona g\u0142\u00f3wna\",\"item\":\"https:\/\/promusica.org.pl\/en\/\"},{\"@type\":\"ListItem\",\"position\":2,\"name\":\"VII Mi\u0119dzynarodowy Konkurs Instrument\u00f3w D\u0119tych i Smyczkowych FINALIS 2025\",\"item\":\"https:\/\/promusica.org.pl\/en\/vii-miedzynarodowy-konkurs-instrumentow-detych-i-smyczkowych-finalis-2025\/\"},{\"@type\":\"ListItem\",\"position\":3,\"name\":\"Akompaniatorzy Finalis 2025\"}]},{\"@type\":\"WebSite\",\"@id\":\"https:\/\/promusica.org.pl\/en\/#website\",\"url\":\"https:\/\/promusica.org.pl\/en\/\",\"name\":\"Pro Musica\",\"description\":\"warsztaty muzyczne, warsztaty orkiestrowe, konkurs na instrumenty solo\",\"publisher\":{\"@id\":\"https:\/\/promusica.org.pl\/en\/#organization\"},\"potentialAction\":[{\"@type\":\"SearchAction\",\"target\":{\"@type\":\"EntryPoint\",\"urlTemplate\":\"https:\/\/promusica.org.pl\/en\/?s={search_term_string}\"},\"query-input\":{\"@type\":\"PropertyValueSpecification\",\"valueRequired\":true,\"valueName\":\"search_term_string\"}}],\"inLanguage\":\"en-US\"},{\"@type\":\"Organization\",\"@id\":\"https:\/\/promusica.org.pl\/en\/#organization\",\"name\":\"Pro Musica\",\"url\":\"https:\/\/promusica.org.pl\/en\/\",\"logo\":{\"@type\":\"ImageObject\",\"inLanguage\":\"en-US\",\"@id\":\"https:\/\/promusica.org.pl\/en\/#\/schema\/logo\/image\/\",\"url\":\"https:\/\/promusica.org.pl\/assets\/cropped-logo.jpg\",\"contentUrl\":\"https:\/\/promusica.org.pl\/assets\/cropped-logo.jpg\",\"width\":239,\"height\":95,\"caption\":\"Pro Musica\"},\"image\":{\"@id\":\"https:\/\/promusica.org.pl\/en\/#\/schema\/logo\/image\/\"}}]}<\/script>\n<!-- \/ Yoast SEO plugin. -->","yoast_head_json":{"title":"Accompanists Finalis 2025 - Pro Musica","robots":{"index":"index","follow":"follow","max-snippet":"max-snippet:-1","max-image-preview":"max-image-preview:large","max-video-preview":"max-video-preview:-1"},"canonical":"https:\/\/promusica.org.pl\/en\/vii-miedzynarodowy-konkurs-instrumentow-detych-i-smyczkowych-finalis-2025\/akompaniatorzy-finalis-2025\/","og_locale":"en_US","og_type":"article","og_title":"Accompanists Finalis 2025 - Pro Musica","og_description":"Karina Komendera Graduated from the State Comprehensive Music School with I* and II* level \u00a0in Bielsko-Bia\u0142a\u00a0 in 2006 \u2013 piano and saxophone classes. Later she graduated from \u00a0Warsaw Fryderyk Chopin University of Music in piano class of prof. Pawe\u0142 Skrzypek (2011) and the Faculty of Management at the University of Warsaw (2012). She is the...","og_url":"https:\/\/promusica.org.pl\/en\/vii-miedzynarodowy-konkurs-instrumentow-detych-i-smyczkowych-finalis-2025\/akompaniatorzy-finalis-2025\/","og_site_name":"Pro Musica","article_modified_time":"2025-04-12T12:23:39+00:00","og_image":[{"width":933,"height":1400,"url":"https:\/\/promusica.org.pl\/assets\/internet-Karina-Komendera-104.jpg","type":"image\/jpeg"}],"twitter_misc":{"Est. reading time":"4 minutes"},"schema":{"@context":"https:\/\/schema.org","@graph":[{"@type":"WebPage","@id":"https:\/\/promusica.org.pl\/en\/vii-miedzynarodowy-konkurs-instrumentow-detych-i-smyczkowych-finalis-2025\/akompaniatorzy-finalis-2025\/","url":"https:\/\/promusica.org.pl\/en\/vii-miedzynarodowy-konkurs-instrumentow-detych-i-smyczkowych-finalis-2025\/akompaniatorzy-finalis-2025\/","name":"Accompanists Finalis 2025 - Pro Musica","isPartOf":{"@id":"https:\/\/promusica.org.pl\/en\/#website"},"primaryImageOfPage":{"@id":"https:\/\/promusica.org.pl\/en\/vii-miedzynarodowy-konkurs-instrumentow-detych-i-smyczkowych-finalis-2025\/akompaniatorzy-finalis-2025\/#primaryimage"},"image":{"@id":"https:\/\/promusica.org.pl\/vii-miedzynarodowy-konkurs-instrumentow-detych-i-smyczkowych-finalis-2025\/akompaniatorzy-finalis-2025\/#primaryimage"},"thumbnailUrl":"https:\/\/promusica.org.pl\/assets\/internet-Karina-Komendera-104-666x999.jpg","datePublished":"2025-03-05T09:12:05+00:00","dateModified":"2025-04-12T12:23:39+00:00","breadcrumb":{"@id":"https:\/\/promusica.org.pl\/en\/vii-miedzynarodowy-konkurs-instrumentow-detych-i-smyczkowych-finalis-2025\/akompaniatorzy-finalis-2025\/#breadcrumb"},"inLanguage":"en-US","potentialAction":[{"@type":"ReadAction","target":[["https:\/\/promusica.org.pl\/en\/vii-miedzynarodowy-konkurs-instrumentow-detych-i-smyczkowych-finalis-2025\/akompaniatorzy-finalis-2025\/"]]}]},{"@type":"ImageObject","inLanguage":"en-US","@id":"https:\/\/promusica.org.pl\/en\/vii-miedzynarodowy-konkurs-instrumentow-detych-i-smyczkowych-finalis-2025\/akompaniatorzy-finalis-2025\/#primaryimage","url":"https:\/\/promusica.org.pl\/assets\/internet-Karina-Komendera-104-666x999.jpg","contentUrl":"https:\/\/promusica.org.pl\/assets\/internet-Karina-Komendera-104-666x999.jpg"},{"@type":"BreadcrumbList","@id":"https:\/\/promusica.org.pl\/en\/vii-miedzynarodowy-konkurs-instrumentow-detych-i-smyczkowych-finalis-2025\/akompaniatorzy-finalis-2025\/#breadcrumb","itemListElement":[{"@type":"ListItem","position":1,"name":"Strona g\u0142\u00f3wna","item":"https:\/\/promusica.org.pl\/en\/"},{"@type":"ListItem","position":2,"name":"VII Mi\u0119dzynarodowy Konkurs Instrument\u00f3w D\u0119tych i Smyczkowych FINALIS 2025","item":"https:\/\/promusica.org.pl\/en\/vii-miedzynarodowy-konkurs-instrumentow-detych-i-smyczkowych-finalis-2025\/"},{"@type":"ListItem","position":3,"name":"Akompaniatorzy Finalis 2025"}]},{"@type":"WebSite","@id":"https:\/\/promusica.org.pl\/en\/#website","url":"https:\/\/promusica.org.pl\/en\/","name":"Pro Musica","description":"warsztaty muzyczne, warsztaty orkiestrowe, konkurs na instrumenty solo","publisher":{"@id":"https:\/\/promusica.org.pl\/en\/#organization"},"potentialAction":[{"@type":"SearchAction","target":{"@type":"EntryPoint","urlTemplate":"https:\/\/promusica.org.pl\/en\/?s={search_term_string}"},"query-input":{"@type":"PropertyValueSpecification","valueRequired":true,"valueName":"search_term_string"}}],"inLanguage":"en-US"},{"@type":"Organization","@id":"https:\/\/promusica.org.pl\/en\/#organization","name":"Pro Musica","url":"https:\/\/promusica.org.pl\/en\/","logo":{"@type":"ImageObject","inLanguage":"en-US","@id":"https:\/\/promusica.org.pl\/en\/#\/schema\/logo\/image\/","url":"https:\/\/promusica.org.pl\/assets\/cropped-logo.jpg","contentUrl":"https:\/\/promusica.org.pl\/assets\/cropped-logo.jpg","width":239,"height":95,"caption":"Pro Musica"},"image":{"@id":"https:\/\/promusica.org.pl\/en\/#\/schema\/logo\/image\/"}}]}},"_links":{"self":[{"href":"https:\/\/promusica.org.pl\/en\/wp-json\/wp\/v2\/pages\/4546","targetHints":{"allow":["GET"]}}],"collection":[{"href":"https:\/\/promusica.org.pl\/en\/wp-json\/wp\/v2\/pages"}],"about":[{"href":"https:\/\/promusica.org.pl\/en\/wp-json\/wp\/v2\/types\/page"}],"author":[{"embeddable":true,"href":"https:\/\/promusica.org.pl\/en\/wp-json\/wp\/v2\/users\/1"}],"replies":[{"embeddable":true,"href":"https:\/\/promusica.org.pl\/en\/wp-json\/wp\/v2\/comments?post=4546"}],"version-history":[{"count":4,"href":"https:\/\/promusica.org.pl\/en\/wp-json\/wp\/v2\/pages\/4546\/revisions"}],"predecessor-version":[{"id":4832,"href":"https:\/\/promusica.org.pl\/en\/wp-json\/wp\/v2\/pages\/4546\/revisions\/4832"}],"up":[{"embeddable":true,"href":"https:\/\/promusica.org.pl\/en\/wp-json\/wp\/v2\/pages\/4539"}],"wp:attachment":[{"href":"https:\/\/promusica.org.pl\/en\/wp-json\/wp\/v2\/media?parent=4546"}],"curies":[{"name":"wp","href":"https:\/\/api.w.org\/{rel}","templated":true}]}}