{"id":4544,"date":"2025-03-02T17:20:59","date_gmt":"2025-03-02T16:20:59","guid":{"rendered":"https:\/\/promusica.org.pl\/?page_id=4544"},"modified":"2025-12-04T10:52:05","modified_gmt":"2025-12-04T09:52:05","slug":"nagrody-2025","status":"publish","type":"page","link":"https:\/\/promusica.org.pl\/en\/vii-miedzynarodowy-konkurs-instrumentow-detych-i-smyczkowych-finalis-2025\/nagrody-2025\/","title":{"rendered":"Awards 2025"},"content":{"rendered":"<p><\/p>\n<h2 style=\"text-align: center;\"><img loading=\"lazy\" decoding=\"async\" class=\"wp-image-4576 aligncenter\" src=\"https:\/\/promusica.org.pl\/assets\/logo-Finalis-2025-male-1170x536.jpg\" alt=\"\" width=\"723\" height=\"331\" srcset=\"https:\/\/promusica.org.pl\/assets\/logo-Finalis-2025-male-1170x536.jpg 1170w, https:\/\/promusica.org.pl\/assets\/logo-Finalis-2025-male-768x352.jpg 768w, https:\/\/promusica.org.pl\/assets\/logo-Finalis-2025-male-1536x703.jpg 1536w, https:\/\/promusica.org.pl\/assets\/logo-Finalis-2025-male-2048x937.jpg 2048w\" sizes=\"auto, (max-width: 723px) 100vw, 723px\" \/><\/h2>\n<p style=\"text-align: center;\">The Gold Prize is awarded to participants who score between 95.00 &#8211; 100.00 points. The Silver Prize is awarded to participants who score between 90.00 &#8211; 94.99 points. The Bronze Prize is awarded to participants who score between 85.00 &#8211; 89.99 points.<\/p>\n<p style=\"text-align: center;\">Participants who do not receive a Gold, Silver, or Bronze Prize will receive a certificate of participation in the &#8220;Finalis&#8221; competition.<\/p>\n<p style=\"text-align: center;\">The Organizer will award special prizes after Final Concert.<\/p>\n<h2><\/h2>\n<h2 style=\"text-align: center;\"><span style=\"color: #333399;\">SPECIAL AWARDS:<\/span><\/h2>\n<p>&nbsp;<\/p>\n<p>&nbsp;<\/p>\n<p style=\"text-align: center;\"><strong>Soloist concert with the Orchestra of the Opera and Philharmonic Podlaska \u2013 European Art Center in Bia\u0142ystok of Stanis\u0142aw Moniuszko :<br \/>\n<\/strong><strong><span style=\"color: #000080;\">1. SIDORUK DIANA MAGDALENA <\/span><br \/>\n<span style=\"color: #000080;\">2 MARUCHACZ LENA\u00a0<\/span><br \/>\n<\/strong><\/p>\n<p style=\"text-align: center;\"><a href=\"https:\/\/www.oifp.eu\/\">Website<\/a><\/p>\n<hr \/>\n<p style=\"text-align: center;\"><strong>Soloist concert with the Municipal Symphonic Band of Seville in the Real Alc\u00e1zar of Seville:<br \/>\n<span style=\"color: #000080;\">MARUCHACZ LENA<br \/>\n<\/span><\/strong><a href=\"http:\/\/bandasinfonicamunicipaldesevilla.blogspot.com\/\">Website<\/a><\/p>\n<hr \/>\n<p style=\"text-align: center;\"><strong>Soloist concert with the Panev\u0117\u017eys Musical Theatre Orchestra on Lithuania, during the &#8220;For Music and Childhood&#8221; festival concert in spring 2026:<br \/>\n<\/strong><span style=\"color: #000080;\"><strong>\u0141ACHUT BERNADETTA<\/strong><\/span><\/p>\n<p style=\"text-align: center;\"><a href=\"https:\/\/paneveziomuzikinis.lt\/\" target=\"_blank\" rel=\"noopener\"><span style=\"font-family: var(--global-body-font-family);\">Website<\/span><\/a><\/p>\n<hr \/>\n<p style=\"text-align: center;\"><strong>Soloist concert with the Orchestra of the Podkarpacka Philharmonic of Artur Malawski in Rzesz\u00f3w:<br \/>\n<span style=\"color: #000080;\">YAKAULEU KIRYL<\/span><\/strong><\/p>\n<p style=\"text-align: center;\"><a href=\"https:\/\/filharmonia.rzeszow.pl\/\">Website<\/a><\/p>\n<hr \/>\n<p style=\"text-align: center;\"><strong>Soloist concert with the Chamber Philharmonic Orchestra in \u0141om\u017ca:<br \/>\n<span style=\"color: #000080;\">SZLENDAK MARIANNA<\/span><\/strong><\/p>\n<p style=\"text-align: center;\"><a href=\"http:\/\/www.filharmonia.lomza.pl\/\">Website<\/a><\/p>\n<hr \/>\n<p style=\"text-align: center;\"><strong>Solo with the Orchestra of the Fryderyk Chopin University of Music,<span class=\"im\"><br \/>\nDepartment of Instrumental and Pedagogical, Music Education and Vocal Studies UMFC Branch in Bialystok:<\/span><br \/>\n<span style=\"color: #000080;\">1 JOKELA ANNARIINA<br \/>\n2 \u0141ACHUT BERNADETTA<\/span><\/strong><\/p>\n<p>&nbsp;<\/p>\n<p style=\"text-align: center;\"><a href=\"https:\/\/chopin.edu.pl\/bialystok\">Website<\/a><\/p>\n<hr \/>\n<p style=\"text-align: center;\"><strong>Soloist concert with the Suwalki Chamber Philharmonic Orchestra:<br \/>\n<span style=\"color: #000080;\">ADAMCZYK \u0141UKASZ\u00a0<\/span><\/strong><\/p>\n<p style=\"text-align: center;\"><a href=\"https:\/\/soksuwalki.eu\/grupy-artystyczne\/suwalska-orkiestra-kameralna\/\" target=\"_blank\" rel=\"noopener\">Strona internetowa<\/a><\/p>\n<hr \/>\n<p style=\"text-align: center;\"><strong>MONEY PRIZE\u00a0 FROM PRO MUSICA FUNDATION 1500pln:<br \/>\n<span style=\"color: #000080;\">JOKELA ANNARIINA<\/span><\/strong><\/p>\n<hr \/>\n<p style=\"text-align: center;\"><strong>Voucher in the Music shop and service \u201e Salonie i Serwisie\u00a0 Instrument\u00f3w D\u0119tych Piotr \u015amietana\u201d:<br \/>\n<span style=\"color: #000080;\">ADAMCZYK \u0141UKASZ<\/span><br \/>\n<\/strong><a href=\"https:\/\/sklep.smietanaserwis.pl\/\">Website<\/a><\/p>\n<hr \/>\n<hr \/>\n<h3 style=\"text-align: center;\">FOR A,B,C CATEGORY:<\/h3>\n<p style=\"text-align: center;\"><strong>Solo with\u00a0<\/strong><strong>Orchestra of\u00a0<\/strong><strong>Winter Orchestra Workshop\u00a0 in Bia\u0142ystok \u2013 maestro Andrea Loss:<br \/>\n<span style=\"color: #000080;\">KOMOSI\u0143SKA ALICJA\u00a0<\/span><\/strong><\/p>\n<p style=\"text-align: center;\"><strong><br \/>\n<\/strong><a style=\"color: #333333; transition-property: all;\" href=\"http:\/\/promusica.org.pl\/\">Website<\/a><\/p>\n<p style=\"text-align: center;\"><strong>Klarnet od Buffet Crampo : BC2541-2-0GB, BB CLARINET 17\/6 PRODIGE SP (442) WITH GIGBAG\u00a0<\/strong><a style=\"color: #333333; outline: 0px;\" href=\"https:\/\/www.smietanaserwis.pl\/klarnet-prodige-buffet-crampon.html\" target=\"_blank\" rel=\"noopener\">LINK<\/a><strong>:<br \/>\n<\/strong><span style=\"color: #000080;\"><strong>W\u0141ODARCZYK JAKUB<\/strong><\/span><\/p>\n<p>&nbsp;<\/p>\n<p style=\"text-align: center;\"><strong>Flet<\/strong> <strong>od Buffet Crampon: PS11CEF40101-2-0, POWELL SONARE 101 FLUTE OFFSET GSPLIT EC-FOOT WITH CASE <\/strong><a style=\"color: #333333;\" href=\"https:\/\/www.smietanaserwis.pl\/flet-powell-sonare-ps-101.html\" target=\"_blank\" rel=\"noopener\">LINK <\/a><strong>: <span style=\"color: #000080;\">SZYMA\u0143SKA \u0141UCJA\u00a0<\/span><\/strong><\/p>\n<h4 style=\"text-align: center;\"><strong style=\"font-family: Poppins, sans-serif; font-size: 16px; text-align: center;\">Voucher in the Music shop : HENGLEWSCY:<br \/>\n<span style=\"color: #000080;\">G\u0104SIEWSKA ANITA<\/span><\/strong><\/h4>\n<h4 style=\"text-align: center;\"><a style=\"color: #333333; transition-property: all; font-family: Poppins, sans-serif; font-size: 16px; font-weight: 400; text-align: center;\" href=\"https:\/\/www.henglewscy.com.pl\/pl\" target=\"_blank\" rel=\"noopener\">Website<\/a><\/h4>\n<h4 style=\"text-align: center;\"><\/h4>\n<p style=\"text-align: center;\"><strong>\u00a0<\/strong><\/p>\n<p style=\"text-align: center;\">\n<p><\/p>","protected":false},"excerpt":{"rendered":"<p>The Gold Prize is awarded to participants who score between 95.00 &#8211; 100.00 points. The Silver Prize is awarded to participants who score between 90.00 &#8211; 94.99 points. The Bronze Prize is awarded to participants who score between 85.00 &#8211; 89.99 points. Participants who do not receive a Gold, Silver, or Bronze Prize will receive&#8230;<\/p>\n","protected":false},"author":1,"featured_media":0,"parent":4539,"menu_order":0,"comment_status":"closed","ping_status":"closed","template":"","meta":{"_kad_post_transparent":"default","_kad_post_title":"default","_kad_post_layout":"default","_kad_post_sidebar_id":"","_kad_post_content_style":"default","_kad_post_vertical_padding":"default","_kad_post_feature":"","_kad_post_feature_position":"","_kad_post_header":false,"_kad_post_footer":false,"footnotes":""},"class_list":["post-4544","page","type-page","status-publish","hentry"],"yoast_head":"<!-- This site is optimized with the Yoast SEO plugin v26.4 - https:\/\/yoast.com\/wordpress\/plugins\/seo\/ -->\n<title>Awards 2025 - Pro Musica<\/title>\n<meta name=\"robots\" content=\"index, follow, max-snippet:-1, max-image-preview:large, max-video-preview:-1\" \/>\n<link rel=\"canonical\" href=\"https:\/\/promusica.org.pl\/en\/vii-miedzynarodowy-konkurs-instrumentow-detych-i-smyczkowych-finalis-2025\/nagrody-2025\/\" \/>\n<meta property=\"og:locale\" content=\"en_US\" \/>\n<meta property=\"og:type\" content=\"article\" \/>\n<meta property=\"og:title\" content=\"Awards 2025 - Pro Musica\" \/>\n<meta property=\"og:description\" content=\"The Gold Prize is awarded to participants who score between 95.00 &#8211; 100.00 points. The Silver Prize is awarded to participants who score between 90.00 &#8211; 94.99 points. The Bronze Prize is awarded to participants who score between 85.00 &#8211; 89.99 points. Participants who do not receive a Gold, Silver, or Bronze Prize will receive...\" \/>\n<meta property=\"og:url\" content=\"https:\/\/promusica.org.pl\/en\/vii-miedzynarodowy-konkurs-instrumentow-detych-i-smyczkowych-finalis-2025\/nagrody-2025\/\" \/>\n<meta property=\"og:site_name\" content=\"Pro Musica\" \/>\n<meta property=\"article:modified_time\" content=\"2025-12-04T09:52:05+00:00\" \/>\n<meta property=\"og:image\" content=\"https:\/\/promusica.org.pl\/assets\/logo-Finalis-2025-male-scaled.jpg\" \/>\n\t<meta property=\"og:image:width\" content=\"2560\" \/>\n\t<meta property=\"og:image:height\" content=\"1172\" \/>\n\t<meta property=\"og:image:type\" content=\"image\/jpeg\" \/>\n<meta name=\"twitter:label1\" content=\"Est. reading time\" \/>\n\t<meta name=\"twitter:data1\" content=\"3 minutes\" \/>\n<script type=\"application\/ld+json\" class=\"yoast-schema-graph\">{\"@context\":\"https:\/\/schema.org\",\"@graph\":[{\"@type\":\"WebPage\",\"@id\":\"https:\/\/promusica.org.pl\/en\/vii-miedzynarodowy-konkurs-instrumentow-detych-i-smyczkowych-finalis-2025\/nagrody-2025\/\",\"url\":\"https:\/\/promusica.org.pl\/en\/vii-miedzynarodowy-konkurs-instrumentow-detych-i-smyczkowych-finalis-2025\/nagrody-2025\/\",\"name\":\"Awards 2025 - Pro Musica\",\"isPartOf\":{\"@id\":\"https:\/\/promusica.org.pl\/en\/#website\"},\"primaryImageOfPage\":{\"@id\":\"https:\/\/promusica.org.pl\/en\/vii-miedzynarodowy-konkurs-instrumentow-detych-i-smyczkowych-finalis-2025\/nagrody-2025\/#primaryimage\"},\"image\":{\"@id\":\"https:\/\/promusica.org.pl\/vii-miedzynarodowy-konkurs-instrumentow-detych-i-smyczkowych-finalis-2025\/nagrody-2025\/#primaryimage\"},\"thumbnailUrl\":\"https:\/\/promusica.org.pl\/assets\/logo-Finalis-2025-male-1170x536.jpg\",\"datePublished\":\"2025-03-02T16:20:59+00:00\",\"dateModified\":\"2025-12-04T09:52:05+00:00\",\"breadcrumb\":{\"@id\":\"https:\/\/promusica.org.pl\/en\/vii-miedzynarodowy-konkurs-instrumentow-detych-i-smyczkowych-finalis-2025\/nagrody-2025\/#breadcrumb\"},\"inLanguage\":\"en-US\",\"potentialAction\":[{\"@type\":\"ReadAction\",\"target\":[[\"https:\/\/promusica.org.pl\/en\/vii-miedzynarodowy-konkurs-instrumentow-detych-i-smyczkowych-finalis-2025\/nagrody-2025\/\"]]}]},{\"@type\":\"ImageObject\",\"inLanguage\":\"en-US\",\"@id\":\"https:\/\/promusica.org.pl\/en\/vii-miedzynarodowy-konkurs-instrumentow-detych-i-smyczkowych-finalis-2025\/nagrody-2025\/#primaryimage\",\"url\":\"https:\/\/promusica.org.pl\/assets\/logo-Finalis-2025-male-1170x536.jpg\",\"contentUrl\":\"https:\/\/promusica.org.pl\/assets\/logo-Finalis-2025-male-1170x536.jpg\"},{\"@type\":\"BreadcrumbList\",\"@id\":\"https:\/\/promusica.org.pl\/en\/vii-miedzynarodowy-konkurs-instrumentow-detych-i-smyczkowych-finalis-2025\/nagrody-2025\/#breadcrumb\",\"itemListElement\":[{\"@type\":\"ListItem\",\"position\":1,\"name\":\"Strona g\u0142\u00f3wna\",\"item\":\"https:\/\/promusica.org.pl\/en\/\"},{\"@type\":\"ListItem\",\"position\":2,\"name\":\"VII Mi\u0119dzynarodowy Konkurs Instrument\u00f3w D\u0119tych i Smyczkowych FINALIS 2025\",\"item\":\"https:\/\/promusica.org.pl\/en\/vii-miedzynarodowy-konkurs-instrumentow-detych-i-smyczkowych-finalis-2025\/\"},{\"@type\":\"ListItem\",\"position\":3,\"name\":\"Nagrody 2025\"}]},{\"@type\":\"WebSite\",\"@id\":\"https:\/\/promusica.org.pl\/en\/#website\",\"url\":\"https:\/\/promusica.org.pl\/en\/\",\"name\":\"Pro Musica\",\"description\":\"warsztaty muzyczne, warsztaty orkiestrowe, konkurs na instrumenty solo\",\"publisher\":{\"@id\":\"https:\/\/promusica.org.pl\/en\/#organization\"},\"potentialAction\":[{\"@type\":\"SearchAction\",\"target\":{\"@type\":\"EntryPoint\",\"urlTemplate\":\"https:\/\/promusica.org.pl\/en\/?s={search_term_string}\"},\"query-input\":{\"@type\":\"PropertyValueSpecification\",\"valueRequired\":true,\"valueName\":\"search_term_string\"}}],\"inLanguage\":\"en-US\"},{\"@type\":\"Organization\",\"@id\":\"https:\/\/promusica.org.pl\/en\/#organization\",\"name\":\"Pro Musica\",\"url\":\"https:\/\/promusica.org.pl\/en\/\",\"logo\":{\"@type\":\"ImageObject\",\"inLanguage\":\"en-US\",\"@id\":\"https:\/\/promusica.org.pl\/en\/#\/schema\/logo\/image\/\",\"url\":\"https:\/\/promusica.org.pl\/assets\/cropped-logo.jpg\",\"contentUrl\":\"https:\/\/promusica.org.pl\/assets\/cropped-logo.jpg\",\"width\":239,\"height\":95,\"caption\":\"Pro Musica\"},\"image\":{\"@id\":\"https:\/\/promusica.org.pl\/en\/#\/schema\/logo\/image\/\"}}]}<\/script>\n<!-- \/ Yoast SEO plugin. -->","yoast_head_json":{"title":"Awards 2025 - Pro Musica","robots":{"index":"index","follow":"follow","max-snippet":"max-snippet:-1","max-image-preview":"max-image-preview:large","max-video-preview":"max-video-preview:-1"},"canonical":"https:\/\/promusica.org.pl\/en\/vii-miedzynarodowy-konkurs-instrumentow-detych-i-smyczkowych-finalis-2025\/nagrody-2025\/","og_locale":"en_US","og_type":"article","og_title":"Awards 2025 - Pro Musica","og_description":"The Gold Prize is awarded to participants who score between 95.00 &#8211; 100.00 points. The Silver Prize is awarded to participants who score between 90.00 &#8211; 94.99 points. The Bronze Prize is awarded to participants who score between 85.00 &#8211; 89.99 points. Participants who do not receive a Gold, Silver, or Bronze Prize will receive...","og_url":"https:\/\/promusica.org.pl\/en\/vii-miedzynarodowy-konkurs-instrumentow-detych-i-smyczkowych-finalis-2025\/nagrody-2025\/","og_site_name":"Pro Musica","article_modified_time":"2025-12-04T09:52:05+00:00","og_image":[{"width":2560,"height":1172,"url":"https:\/\/promusica.org.pl\/assets\/logo-Finalis-2025-male-scaled.jpg","type":"image\/jpeg"}],"twitter_misc":{"Est. reading time":"3 minutes"},"schema":{"@context":"https:\/\/schema.org","@graph":[{"@type":"WebPage","@id":"https:\/\/promusica.org.pl\/en\/vii-miedzynarodowy-konkurs-instrumentow-detych-i-smyczkowych-finalis-2025\/nagrody-2025\/","url":"https:\/\/promusica.org.pl\/en\/vii-miedzynarodowy-konkurs-instrumentow-detych-i-smyczkowych-finalis-2025\/nagrody-2025\/","name":"Awards 2025 - Pro Musica","isPartOf":{"@id":"https:\/\/promusica.org.pl\/en\/#website"},"primaryImageOfPage":{"@id":"https:\/\/promusica.org.pl\/en\/vii-miedzynarodowy-konkurs-instrumentow-detych-i-smyczkowych-finalis-2025\/nagrody-2025\/#primaryimage"},"image":{"@id":"https:\/\/promusica.org.pl\/vii-miedzynarodowy-konkurs-instrumentow-detych-i-smyczkowych-finalis-2025\/nagrody-2025\/#primaryimage"},"thumbnailUrl":"https:\/\/promusica.org.pl\/assets\/logo-Finalis-2025-male-1170x536.jpg","datePublished":"2025-03-02T16:20:59+00:00","dateModified":"2025-12-04T09:52:05+00:00","breadcrumb":{"@id":"https:\/\/promusica.org.pl\/en\/vii-miedzynarodowy-konkurs-instrumentow-detych-i-smyczkowych-finalis-2025\/nagrody-2025\/#breadcrumb"},"inLanguage":"en-US","potentialAction":[{"@type":"ReadAction","target":[["https:\/\/promusica.org.pl\/en\/vii-miedzynarodowy-konkurs-instrumentow-detych-i-smyczkowych-finalis-2025\/nagrody-2025\/"]]}]},{"@type":"ImageObject","inLanguage":"en-US","@id":"https:\/\/promusica.org.pl\/en\/vii-miedzynarodowy-konkurs-instrumentow-detych-i-smyczkowych-finalis-2025\/nagrody-2025\/#primaryimage","url":"https:\/\/promusica.org.pl\/assets\/logo-Finalis-2025-male-1170x536.jpg","contentUrl":"https:\/\/promusica.org.pl\/assets\/logo-Finalis-2025-male-1170x536.jpg"},{"@type":"BreadcrumbList","@id":"https:\/\/promusica.org.pl\/en\/vii-miedzynarodowy-konkurs-instrumentow-detych-i-smyczkowych-finalis-2025\/nagrody-2025\/#breadcrumb","itemListElement":[{"@type":"ListItem","position":1,"name":"Strona g\u0142\u00f3wna","item":"https:\/\/promusica.org.pl\/en\/"},{"@type":"ListItem","position":2,"name":"VII Mi\u0119dzynarodowy Konkurs Instrument\u00f3w D\u0119tych i Smyczkowych FINALIS 2025","item":"https:\/\/promusica.org.pl\/en\/vii-miedzynarodowy-konkurs-instrumentow-detych-i-smyczkowych-finalis-2025\/"},{"@type":"ListItem","position":3,"name":"Nagrody 2025"}]},{"@type":"WebSite","@id":"https:\/\/promusica.org.pl\/en\/#website","url":"https:\/\/promusica.org.pl\/en\/","name":"Pro Musica","description":"warsztaty muzyczne, warsztaty orkiestrowe, konkurs na instrumenty solo","publisher":{"@id":"https:\/\/promusica.org.pl\/en\/#organization"},"potentialAction":[{"@type":"SearchAction","target":{"@type":"EntryPoint","urlTemplate":"https:\/\/promusica.org.pl\/en\/?s={search_term_string}"},"query-input":{"@type":"PropertyValueSpecification","valueRequired":true,"valueName":"search_term_string"}}],"inLanguage":"en-US"},{"@type":"Organization","@id":"https:\/\/promusica.org.pl\/en\/#organization","name":"Pro Musica","url":"https:\/\/promusica.org.pl\/en\/","logo":{"@type":"ImageObject","inLanguage":"en-US","@id":"https:\/\/promusica.org.pl\/en\/#\/schema\/logo\/image\/","url":"https:\/\/promusica.org.pl\/assets\/cropped-logo.jpg","contentUrl":"https:\/\/promusica.org.pl\/assets\/cropped-logo.jpg","width":239,"height":95,"caption":"Pro Musica"},"image":{"@id":"https:\/\/promusica.org.pl\/en\/#\/schema\/logo\/image\/"}}]}},"_links":{"self":[{"href":"https:\/\/promusica.org.pl\/en\/wp-json\/wp\/v2\/pages\/4544","targetHints":{"allow":["GET"]}}],"collection":[{"href":"https:\/\/promusica.org.pl\/en\/wp-json\/wp\/v2\/pages"}],"about":[{"href":"https:\/\/promusica.org.pl\/en\/wp-json\/wp\/v2\/types\/page"}],"author":[{"embeddable":true,"href":"https:\/\/promusica.org.pl\/en\/wp-json\/wp\/v2\/users\/1"}],"replies":[{"embeddable":true,"href":"https:\/\/promusica.org.pl\/en\/wp-json\/wp\/v2\/comments?post=4544"}],"version-history":[{"count":10,"href":"https:\/\/promusica.org.pl\/en\/wp-json\/wp\/v2\/pages\/4544\/revisions"}],"predecessor-version":[{"id":4988,"href":"https:\/\/promusica.org.pl\/en\/wp-json\/wp\/v2\/pages\/4544\/revisions\/4988"}],"up":[{"embeddable":true,"href":"https:\/\/promusica.org.pl\/en\/wp-json\/wp\/v2\/pages\/4539"}],"wp:attachment":[{"href":"https:\/\/promusica.org.pl\/en\/wp-json\/wp\/v2\/media?parent=4544"}],"curies":[{"name":"wp","href":"https:\/\/api.w.org\/{rel}","templated":true}]}}