{"id":4541,"date":"2025-03-02T16:38:42","date_gmt":"2025-03-02T15:38:42","guid":{"rendered":"https:\/\/promusica.org.pl\/?page_id=4541"},"modified":"2025-09-30T11:46:00","modified_gmt":"2025-09-30T09:46:00","slug":"jury","status":"publish","type":"page","link":"https:\/\/promusica.org.pl\/en\/vii-miedzynarodowy-konkurs-instrumentow-detych-i-smyczkowych-finalis-2025\/jury\/","title":{"rendered":"Jury"},"content":{"rendered":"<p><\/p>\n<div class=\"row\">\n<h2 style=\"text-align: center;\"><img loading=\"lazy\" decoding=\"async\" class=\"wp-image-4576 aligncenter\" src=\"https:\/\/promusica.org.pl\/assets\/logo-Finalis-2025-male-1170x536.jpg\" alt=\"\" width=\"586\" height=\"268\" srcset=\"https:\/\/promusica.org.pl\/assets\/logo-Finalis-2025-male-1170x536.jpg 1170w, https:\/\/promusica.org.pl\/assets\/logo-Finalis-2025-male-768x352.jpg 768w, https:\/\/promusica.org.pl\/assets\/logo-Finalis-2025-male-1536x703.jpg 1536w, https:\/\/promusica.org.pl\/assets\/logo-Finalis-2025-male-2048x937.jpg 2048w\" sizes=\"auto, (max-width: 586px) 100vw, 586px\" \/><\/h2>\n<h2><\/h2>\n<h2 style=\"text-align: center;\"><\/h2>\n<h2 style=\"text-align: center;\"><span style=\"color: #0000ff;\">Woodwind dyscypline:<\/span><\/h2>\n<p>&nbsp;<\/p>\n<p>&nbsp;<\/p>\n<div class=\"row\">\n<div class=\"row\">\n<div class=\"span3\">\n<h4><img loading=\"lazy\" decoding=\"async\" class=\"alignleft wp-image-4562\" src=\"https:\/\/promusica.org.pl\/assets\/FINALIS5-Kaspar.png\" alt=\"\" width=\"273\" height=\"273\" \/> Kaspar Zehnder<\/h4>\n<h4><a href=\"https:\/\/promusica.org.pl\/en\/kaspar-zehnder\/#\" target=\"_blank\" rel=\"noopener\"><span style=\"color: #0000ff;\">read more<\/span><\/a><\/h4>\n<\/div>\n<div class=\"span3\">\n<h4><\/h4>\n<h4><\/h4>\n<h4><\/h4>\n<h4><img loading=\"lazy\" decoding=\"async\" class=\"alignleft wp-image-4565\" src=\"https:\/\/promusica.org.pl\/assets\/FINALIS4-Joze.png\" alt=\"\" width=\"280\" height=\"280\" \/><\/h4>\n<h4>Jo\u017ee Kotar<\/h4>\n<h4><a href=\"https:\/\/promusica.org.pl\/joze-kotar\/?preview=true\" target=\"_blank\" rel=\"noopener\"><span style=\"color: #0000ff;\">read more<\/span><\/a><\/h4>\n<\/div>\n<div class=\"span3\">\n<h4><\/h4>\n<h4><\/h4>\n<h4><\/h4>\n<h4><\/h4>\n<h4><strong><img loading=\"lazy\" decoding=\"async\" class=\"alignleft wp-image-4561\" src=\"https:\/\/promusica.org.pl\/assets\/FINALIS6-Mihajlo.png\" alt=\"\" width=\"312\" height=\"312\" \/>Mihajlo Radivojevi\u0107<br \/>\n<\/strong><\/h4>\n<h4><a href=\"https:\/\/promusica.org.pl\/en\/mihajlo-radivojevic\/#\" target=\"_blank\" rel=\"noopener\"><span style=\"color: #0000ff;\">read more<\/span><\/a><\/h4>\n<\/div>\n<\/div>\n<\/div>\n<h2 style=\"text-align: center;\"><\/h2>\n<h2 style=\"text-align: center;\"><\/h2>\n<h2 style=\"text-align: center;\"><\/h2>\n<h2 style=\"text-align: center;\"><\/h2>\n<h2 style=\"text-align: center;\"><\/h2>\n<h2 style=\"text-align: center;\"><\/h2>\n<h4 style=\"text-align: center;\"><span style=\"color: #0000ff;\">BRASS DYSCYPLINE<\/span><\/h4>\n<\/div>\n<p>&nbsp;<\/p>\n<p>&nbsp;<\/p>\n<div class=\"row\">\n<div class=\"row\">\n<div class=\"span3\">\n<h4><strong><img loading=\"lazy\" decoding=\"async\" class=\"alignleft wp-image-4563\" src=\"https:\/\/promusica.org.pl\/assets\/FINALIS2-Marco.png\" alt=\"\" width=\"346\" height=\"346\" \/><\/strong>Marco Pierobon<\/h4>\n<h4><a href=\"https:\/\/promusica.org.pl\/en\/marco-pierobon\/\" target=\"_blank\" rel=\"noopener\"><span style=\"color: #3366ff;\"> read more<\/span><\/a><\/h4>\n<\/div>\n<div class=\"span3\">\n<h4><\/h4>\n<\/div>\n<\/div>\n<h4><\/h4>\n<p>&nbsp;<\/p>\n<p>&nbsp;<\/p>\n<p>&nbsp;<\/p>\n<div class=\"row\">\n<div class=\"span3\">\n<h4><strong><img loading=\"lazy\" decoding=\"async\" class=\"alignleft wp-image-4564\" src=\"https:\/\/promusica.org.pl\/assets\/FINALIS3-Marius.png\" alt=\"\" width=\"348\" height=\"348\" \/><\/strong>Marius Bal\u010dytis<\/h4>\n<h4><a href=\"https:\/\/promusica.org.pl\/en\/marius-balcytis\/\" target=\"_blank\" rel=\"noopener\"><span style=\"color: #3366ff;\"> read more<\/span><\/a><\/h4>\n<\/div>\n<div class=\"span3\">\n<h4><\/h4>\n<h4><\/h4>\n<h4><\/h4>\n<h4><\/h4>\n<h4><\/h4>\n<h4><strong><img loading=\"lazy\" decoding=\"async\" class=\"alignleft wp-image-4566\" src=\"https:\/\/promusica.org.pl\/assets\/FINALIS-Francisco.png\" alt=\"\" width=\"251\" height=\"251\" \/>Francisco Javier Gutierrez Juan<br \/>\n<\/strong><\/h4>\n<h4><a href=\"https:\/\/promusica.org.pl\/en\/francisco-javier-gutierrez-juan\/#\" target=\"_blank\" rel=\"noopener\"><span style=\"color: #3366ff;\"> read more<\/span><\/a><\/h4>\n<\/div>\n<\/div>\n<p>&nbsp;<\/p>\n<p>&nbsp;<\/p>\n<p>&nbsp;<\/p>\n<p>&nbsp;<\/p>\n<p>&nbsp;<\/p>\n<h2 style=\"text-align: center;\"><\/h2>\n<h4 style=\"text-align: center;\"><span style=\"color: #0000ff;\">DYSCYPLINE STRINGS INSTRUMENTS<\/span><\/h4>\n<\/div>\n<p>&nbsp;<\/p>\n<p>&nbsp;<\/p>\n<div class=\"row\">\n<h4><img loading=\"lazy\" decoding=\"async\" class=\"wp-image-4558 alignleft\" style=\"display: inline-block; font-family: var(--global-body-font-family); font-size: 16px; font-weight: normal;\" src=\"https:\/\/promusica.org.pl\/assets\/FINALIS9-Kim.png\" alt=\"\" width=\"290\" height=\"290\" \/><\/h4>\n<h4><strong>Wonji Kim-Ozim<\/strong><\/h4>\n<h4><a href=\"https:\/\/promusica.org.pl\/en\/wonji-kim-ozim-2\/\" target=\"_blank\" rel=\"noopener\"><span style=\"color: #3366ff;\">read more\u00a0\u00a0<\/span><\/a><\/h4>\n<p>&nbsp;<\/p>\n<h4><\/h4>\n<h4><\/h4>\n<\/div>\n<h4><\/h4>\n<p>&nbsp;<\/p>\n<div class=\"row\">\n<h4><img loading=\"lazy\" decoding=\"async\" class=\"alignleft wp-image-4560\" src=\"https:\/\/promusica.org.pl\/assets\/FINALIS8-Vladim.png\" alt=\"\" width=\"276\" height=\"276\" \/>Vladim\u00edr Buka\u010d<\/h4>\n<h4><a href=\"https:\/\/promusica.org.pl\/en\/vladimir-bukac\/\" target=\"_blank\" rel=\"noopener\"><span style=\"color: #0000ff;\"><span style=\"color: #3366ff;\">read more\u00a0<\/span><\/span><\/a><\/h4>\n<p>&nbsp;<\/p>\n<p>&nbsp;<\/p>\n<p>&nbsp;<\/p>\n<\/div>\n<p>&nbsp;<\/p>\n<p>&nbsp;<\/p>\n<div class=\"row\">\n<h4><img loading=\"lazy\" decoding=\"async\" class=\"alignleft  wp-image-4875\" src=\"https:\/\/promusica.org.pl\/assets\/Oskars-Bokanovs_bw-999x999.png\" alt=\"\" width=\"280\" height=\"280\" srcset=\"https:\/\/promusica.org.pl\/assets\/Oskars-Bokanovs_bw-999x999.png 999w, https:\/\/promusica.org.pl\/assets\/Oskars-Bokanovs_bw-768x768.png 768w, https:\/\/promusica.org.pl\/assets\/Oskars-Bokanovs_bw-1536x1536.png 1536w, https:\/\/promusica.org.pl\/assets\/Oskars-Bokanovs_bw-2048x2048.png 2048w\" sizes=\"auto, (max-width: 280px) 100vw, 280px\" \/>Oskar Bokanoves<\/h4>\n<h4><a href=\"https:\/\/promusica.org.pl\/en\/josef-niederhammer\/#\" target=\"_blank\" rel=\"noopener\"><span style=\"color: #3366ff;\">read more<\/span><\/a><\/h4>\n<p>&nbsp;<\/p>\n<h2 style=\"text-align: center;\"><\/h2>\n<h2 style=\"text-align: center;\"><\/h2>\n<h2 style=\"text-align: center;\"><\/h2>\n<h2 style=\"text-align: center;\"><\/h2>\n<h2 style=\"text-align: center;\"><\/h2>\n<div class=\"row\">\n<div class=\"span3\">\n<h4><\/h4>\n<\/div>\n<\/div>\n<\/div>\n<p><\/p>","protected":false},"excerpt":{"rendered":"<p>Woodwind dyscypline: &nbsp; &nbsp; Kaspar Zehnder read more Jo\u017ee Kotar read more Mihajlo Radivojevi\u0107 read more BRASS DYSCYPLINE &nbsp; &nbsp; Marco Pierobon read more &nbsp; &nbsp; &nbsp; Marius Bal\u010dytis read more Francisco Javier Gutierrez Juan read more &nbsp; &nbsp; &nbsp; &nbsp; &nbsp; DYSCYPLINE STRINGS INSTRUMENTS &nbsp; &nbsp; Wonji Kim-Ozim read more\u00a0\u00a0 &nbsp; &nbsp; Vladim\u00edr Buka\u010d&#8230;<\/p>\n","protected":false},"author":1,"featured_media":0,"parent":4539,"menu_order":0,"comment_status":"closed","ping_status":"closed","template":"","meta":{"_kad_post_transparent":"default","_kad_post_title":"default","_kad_post_layout":"default","_kad_post_sidebar_id":"","_kad_post_content_style":"default","_kad_post_vertical_padding":"default","_kad_post_feature":"","_kad_post_feature_position":"","_kad_post_header":false,"_kad_post_footer":false,"footnotes":""},"class_list":["post-4541","page","type-page","status-publish","hentry"],"yoast_head":"<!-- This site is optimized with the Yoast SEO plugin v26.4 - https:\/\/yoast.com\/wordpress\/plugins\/seo\/ -->\n<title>Jury - Pro Musica<\/title>\n<meta name=\"robots\" content=\"index, follow, max-snippet:-1, max-image-preview:large, max-video-preview:-1\" \/>\n<link rel=\"canonical\" href=\"https:\/\/promusica.org.pl\/en\/vii-miedzynarodowy-konkurs-instrumentow-detych-i-smyczkowych-finalis-2025\/jury\/\" \/>\n<meta property=\"og:locale\" content=\"en_US\" \/>\n<meta property=\"og:type\" content=\"article\" \/>\n<meta property=\"og:title\" content=\"Jury - Pro Musica\" \/>\n<meta property=\"og:description\" content=\"Woodwind dyscypline: &nbsp; &nbsp; Kaspar Zehnder read more Jo\u017ee Kotar read more Mihajlo Radivojevi\u0107 read more BRASS DYSCYPLINE &nbsp; &nbsp; Marco Pierobon read more &nbsp; &nbsp; &nbsp; Marius Bal\u010dytis read more Francisco Javier Gutierrez Juan read more &nbsp; &nbsp; &nbsp; &nbsp; &nbsp; DYSCYPLINE STRINGS INSTRUMENTS &nbsp; &nbsp; Wonji Kim-Ozim read more\u00a0\u00a0 &nbsp; &nbsp; Vladim\u00edr Buka\u010d...\" \/>\n<meta property=\"og:url\" content=\"https:\/\/promusica.org.pl\/en\/vii-miedzynarodowy-konkurs-instrumentow-detych-i-smyczkowych-finalis-2025\/jury\/\" \/>\n<meta property=\"og:site_name\" content=\"Pro Musica\" \/>\n<meta property=\"article:modified_time\" content=\"2025-09-30T09:46:00+00:00\" \/>\n<meta property=\"og:image\" content=\"https:\/\/promusica.org.pl\/assets\/logo-Finalis-2025-male-scaled.jpg\" \/>\n\t<meta property=\"og:image:width\" content=\"2560\" \/>\n\t<meta property=\"og:image:height\" content=\"1172\" \/>\n\t<meta property=\"og:image:type\" content=\"image\/jpeg\" \/>\n<meta name=\"twitter:label1\" content=\"Est. reading time\" \/>\n\t<meta name=\"twitter:data1\" content=\"3 minutes\" \/>\n<script type=\"application\/ld+json\" class=\"yoast-schema-graph\">{\"@context\":\"https:\/\/schema.org\",\"@graph\":[{\"@type\":\"WebPage\",\"@id\":\"https:\/\/promusica.org.pl\/en\/vii-miedzynarodowy-konkurs-instrumentow-detych-i-smyczkowych-finalis-2025\/jury\/\",\"url\":\"https:\/\/promusica.org.pl\/en\/vii-miedzynarodowy-konkurs-instrumentow-detych-i-smyczkowych-finalis-2025\/jury\/\",\"name\":\"Jury - Pro Musica\",\"isPartOf\":{\"@id\":\"https:\/\/promusica.org.pl\/en\/#website\"},\"primaryImageOfPage\":{\"@id\":\"https:\/\/promusica.org.pl\/en\/vii-miedzynarodowy-konkurs-instrumentow-detych-i-smyczkowych-finalis-2025\/jury\/#primaryimage\"},\"image\":{\"@id\":\"https:\/\/promusica.org.pl\/vii-miedzynarodowy-konkurs-instrumentow-detych-i-smyczkowych-finalis-2025\/jury\/#primaryimage\"},\"thumbnailUrl\":\"https:\/\/promusica.org.pl\/assets\/logo-Finalis-2025-male-1170x536.jpg\",\"datePublished\":\"2025-03-02T15:38:42+00:00\",\"dateModified\":\"2025-09-30T09:46:00+00:00\",\"breadcrumb\":{\"@id\":\"https:\/\/promusica.org.pl\/en\/vii-miedzynarodowy-konkurs-instrumentow-detych-i-smyczkowych-finalis-2025\/jury\/#breadcrumb\"},\"inLanguage\":\"en-US\",\"potentialAction\":[{\"@type\":\"ReadAction\",\"target\":[[\"https:\/\/promusica.org.pl\/en\/vii-miedzynarodowy-konkurs-instrumentow-detych-i-smyczkowych-finalis-2025\/jury\/\"]]}]},{\"@type\":\"ImageObject\",\"inLanguage\":\"en-US\",\"@id\":\"https:\/\/promusica.org.pl\/en\/vii-miedzynarodowy-konkurs-instrumentow-detych-i-smyczkowych-finalis-2025\/jury\/#primaryimage\",\"url\":\"https:\/\/promusica.org.pl\/assets\/logo-Finalis-2025-male-1170x536.jpg\",\"contentUrl\":\"https:\/\/promusica.org.pl\/assets\/logo-Finalis-2025-male-1170x536.jpg\"},{\"@type\":\"BreadcrumbList\",\"@id\":\"https:\/\/promusica.org.pl\/en\/vii-miedzynarodowy-konkurs-instrumentow-detych-i-smyczkowych-finalis-2025\/jury\/#breadcrumb\",\"itemListElement\":[{\"@type\":\"ListItem\",\"position\":1,\"name\":\"Strona g\u0142\u00f3wna\",\"item\":\"https:\/\/promusica.org.pl\/en\/\"},{\"@type\":\"ListItem\",\"position\":2,\"name\":\"VII Mi\u0119dzynarodowy Konkurs Instrument\u00f3w D\u0119tych i Smyczkowych FINALIS 2025\",\"item\":\"https:\/\/promusica.org.pl\/en\/vii-miedzynarodowy-konkurs-instrumentow-detych-i-smyczkowych-finalis-2025\/\"},{\"@type\":\"ListItem\",\"position\":3,\"name\":\"Jury\"}]},{\"@type\":\"WebSite\",\"@id\":\"https:\/\/promusica.org.pl\/en\/#website\",\"url\":\"https:\/\/promusica.org.pl\/en\/\",\"name\":\"Pro Musica\",\"description\":\"warsztaty muzyczne, warsztaty orkiestrowe, konkurs na instrumenty solo\",\"publisher\":{\"@id\":\"https:\/\/promusica.org.pl\/en\/#organization\"},\"potentialAction\":[{\"@type\":\"SearchAction\",\"target\":{\"@type\":\"EntryPoint\",\"urlTemplate\":\"https:\/\/promusica.org.pl\/en\/?s={search_term_string}\"},\"query-input\":{\"@type\":\"PropertyValueSpecification\",\"valueRequired\":true,\"valueName\":\"search_term_string\"}}],\"inLanguage\":\"en-US\"},{\"@type\":\"Organization\",\"@id\":\"https:\/\/promusica.org.pl\/en\/#organization\",\"name\":\"Pro Musica\",\"url\":\"https:\/\/promusica.org.pl\/en\/\",\"logo\":{\"@type\":\"ImageObject\",\"inLanguage\":\"en-US\",\"@id\":\"https:\/\/promusica.org.pl\/en\/#\/schema\/logo\/image\/\",\"url\":\"https:\/\/promusica.org.pl\/assets\/cropped-logo.jpg\",\"contentUrl\":\"https:\/\/promusica.org.pl\/assets\/cropped-logo.jpg\",\"width\":239,\"height\":95,\"caption\":\"Pro Musica\"},\"image\":{\"@id\":\"https:\/\/promusica.org.pl\/en\/#\/schema\/logo\/image\/\"}}]}<\/script>\n<!-- \/ Yoast SEO plugin. -->","yoast_head_json":{"title":"Jury - Pro Musica","robots":{"index":"index","follow":"follow","max-snippet":"max-snippet:-1","max-image-preview":"max-image-preview:large","max-video-preview":"max-video-preview:-1"},"canonical":"https:\/\/promusica.org.pl\/en\/vii-miedzynarodowy-konkurs-instrumentow-detych-i-smyczkowych-finalis-2025\/jury\/","og_locale":"en_US","og_type":"article","og_title":"Jury - Pro Musica","og_description":"Woodwind dyscypline: &nbsp; &nbsp; Kaspar Zehnder read more Jo\u017ee Kotar read more Mihajlo Radivojevi\u0107 read more BRASS DYSCYPLINE &nbsp; &nbsp; Marco Pierobon read more &nbsp; &nbsp; &nbsp; Marius Bal\u010dytis read more Francisco Javier Gutierrez Juan read more &nbsp; &nbsp; &nbsp; &nbsp; &nbsp; DYSCYPLINE STRINGS INSTRUMENTS &nbsp; &nbsp; Wonji Kim-Ozim read more\u00a0\u00a0 &nbsp; &nbsp; Vladim\u00edr Buka\u010d...","og_url":"https:\/\/promusica.org.pl\/en\/vii-miedzynarodowy-konkurs-instrumentow-detych-i-smyczkowych-finalis-2025\/jury\/","og_site_name":"Pro Musica","article_modified_time":"2025-09-30T09:46:00+00:00","og_image":[{"width":2560,"height":1172,"url":"https:\/\/promusica.org.pl\/assets\/logo-Finalis-2025-male-scaled.jpg","type":"image\/jpeg"}],"twitter_misc":{"Est. reading time":"3 minutes"},"schema":{"@context":"https:\/\/schema.org","@graph":[{"@type":"WebPage","@id":"https:\/\/promusica.org.pl\/en\/vii-miedzynarodowy-konkurs-instrumentow-detych-i-smyczkowych-finalis-2025\/jury\/","url":"https:\/\/promusica.org.pl\/en\/vii-miedzynarodowy-konkurs-instrumentow-detych-i-smyczkowych-finalis-2025\/jury\/","name":"Jury - Pro Musica","isPartOf":{"@id":"https:\/\/promusica.org.pl\/en\/#website"},"primaryImageOfPage":{"@id":"https:\/\/promusica.org.pl\/en\/vii-miedzynarodowy-konkurs-instrumentow-detych-i-smyczkowych-finalis-2025\/jury\/#primaryimage"},"image":{"@id":"https:\/\/promusica.org.pl\/vii-miedzynarodowy-konkurs-instrumentow-detych-i-smyczkowych-finalis-2025\/jury\/#primaryimage"},"thumbnailUrl":"https:\/\/promusica.org.pl\/assets\/logo-Finalis-2025-male-1170x536.jpg","datePublished":"2025-03-02T15:38:42+00:00","dateModified":"2025-09-30T09:46:00+00:00","breadcrumb":{"@id":"https:\/\/promusica.org.pl\/en\/vii-miedzynarodowy-konkurs-instrumentow-detych-i-smyczkowych-finalis-2025\/jury\/#breadcrumb"},"inLanguage":"en-US","potentialAction":[{"@type":"ReadAction","target":[["https:\/\/promusica.org.pl\/en\/vii-miedzynarodowy-konkurs-instrumentow-detych-i-smyczkowych-finalis-2025\/jury\/"]]}]},{"@type":"ImageObject","inLanguage":"en-US","@id":"https:\/\/promusica.org.pl\/en\/vii-miedzynarodowy-konkurs-instrumentow-detych-i-smyczkowych-finalis-2025\/jury\/#primaryimage","url":"https:\/\/promusica.org.pl\/assets\/logo-Finalis-2025-male-1170x536.jpg","contentUrl":"https:\/\/promusica.org.pl\/assets\/logo-Finalis-2025-male-1170x536.jpg"},{"@type":"BreadcrumbList","@id":"https:\/\/promusica.org.pl\/en\/vii-miedzynarodowy-konkurs-instrumentow-detych-i-smyczkowych-finalis-2025\/jury\/#breadcrumb","itemListElement":[{"@type":"ListItem","position":1,"name":"Strona g\u0142\u00f3wna","item":"https:\/\/promusica.org.pl\/en\/"},{"@type":"ListItem","position":2,"name":"VII Mi\u0119dzynarodowy Konkurs Instrument\u00f3w D\u0119tych i Smyczkowych FINALIS 2025","item":"https:\/\/promusica.org.pl\/en\/vii-miedzynarodowy-konkurs-instrumentow-detych-i-smyczkowych-finalis-2025\/"},{"@type":"ListItem","position":3,"name":"Jury"}]},{"@type":"WebSite","@id":"https:\/\/promusica.org.pl\/en\/#website","url":"https:\/\/promusica.org.pl\/en\/","name":"Pro Musica","description":"warsztaty muzyczne, warsztaty orkiestrowe, konkurs na instrumenty solo","publisher":{"@id":"https:\/\/promusica.org.pl\/en\/#organization"},"potentialAction":[{"@type":"SearchAction","target":{"@type":"EntryPoint","urlTemplate":"https:\/\/promusica.org.pl\/en\/?s={search_term_string}"},"query-input":{"@type":"PropertyValueSpecification","valueRequired":true,"valueName":"search_term_string"}}],"inLanguage":"en-US"},{"@type":"Organization","@id":"https:\/\/promusica.org.pl\/en\/#organization","name":"Pro Musica","url":"https:\/\/promusica.org.pl\/en\/","logo":{"@type":"ImageObject","inLanguage":"en-US","@id":"https:\/\/promusica.org.pl\/en\/#\/schema\/logo\/image\/","url":"https:\/\/promusica.org.pl\/assets\/cropped-logo.jpg","contentUrl":"https:\/\/promusica.org.pl\/assets\/cropped-logo.jpg","width":239,"height":95,"caption":"Pro Musica"},"image":{"@id":"https:\/\/promusica.org.pl\/en\/#\/schema\/logo\/image\/"}}]}},"_links":{"self":[{"href":"https:\/\/promusica.org.pl\/en\/wp-json\/wp\/v2\/pages\/4541","targetHints":{"allow":["GET"]}}],"collection":[{"href":"https:\/\/promusica.org.pl\/en\/wp-json\/wp\/v2\/pages"}],"about":[{"href":"https:\/\/promusica.org.pl\/en\/wp-json\/wp\/v2\/types\/page"}],"author":[{"embeddable":true,"href":"https:\/\/promusica.org.pl\/en\/wp-json\/wp\/v2\/users\/1"}],"replies":[{"embeddable":true,"href":"https:\/\/promusica.org.pl\/en\/wp-json\/wp\/v2\/comments?post=4541"}],"version-history":[{"count":10,"href":"https:\/\/promusica.org.pl\/en\/wp-json\/wp\/v2\/pages\/4541\/revisions"}],"predecessor-version":[{"id":4877,"href":"https:\/\/promusica.org.pl\/en\/wp-json\/wp\/v2\/pages\/4541\/revisions\/4877"}],"up":[{"embeddable":true,"href":"https:\/\/promusica.org.pl\/en\/wp-json\/wp\/v2\/pages\/4539"}],"wp:attachment":[{"href":"https:\/\/promusica.org.pl\/en\/wp-json\/wp\/v2\/media?parent=4541"}],"curies":[{"name":"wp","href":"https:\/\/api.w.org\/{rel}","templated":true}]}}