{"id":4539,"date":"2025-02-06T20:06:16","date_gmt":"2025-02-06T19:06:16","guid":{"rendered":"https:\/\/promusica.org.pl\/?page_id=4539"},"modified":"2025-11-03T09:50:36","modified_gmt":"2025-11-03T08:50:36","slug":"vii-miedzynarodowy-konkurs-instrumentow-detych-i-smyczkowych-finalis-2025","status":"publish","type":"page","link":"https:\/\/promusica.org.pl\/en\/vii-miedzynarodowy-konkurs-instrumentow-detych-i-smyczkowych-finalis-2025\/","title":{"rendered":"VII International Competition for Wind and String Instruments FINALIS 2025"},"content":{"rendered":"<p><\/p>\n<h1 style=\"text-align: center;\"><span style=\"color: #0000ff;\">FINALIS 2025<\/span><\/h1>\n<h1 style=\"text-align: center;\"><span style=\"color: #0000ff;\">VII International Competition for Wind and String Instruments\u00a0<\/span><\/h1>\n<h4 style=\"text-align: center;\"><img loading=\"lazy\" decoding=\"async\" class=\"size-large wp-image-4872 aligncenter\" src=\"https:\/\/promusica.org.pl\/assets\/FINALIS2025__-706x999.jpg\" alt=\"\" width=\"706\" height=\"999\" srcset=\"https:\/\/promusica.org.pl\/assets\/FINALIS2025__-706x999.jpg 706w, https:\/\/promusica.org.pl\/assets\/FINALIS2025__-768x1086.jpg 768w, https:\/\/promusica.org.pl\/assets\/FINALIS2025__-1086x1536.jpg 1086w, https:\/\/promusica.org.pl\/assets\/FINALIS2025__-1448x2048.jpg 1448w, https:\/\/promusica.org.pl\/assets\/FINALIS2025__-scaled.jpg 1810w\" sizes=\"auto, (max-width: 706px) 100vw, 706px\" \/><\/h4>\n<p>&nbsp;<\/p>\n<p>&nbsp;<\/p>\n<p>&nbsp;<\/p>\n<h2 style=\"text-align: center;\"><\/h2>\n<h5 style=\"text-align: center;\">THE COMPETITION WILL TAKE PLACE ON NOVEMBER 12-15, 2025<br \/>\nAT THE HEADQUARTERS OF THE UMFC: DEPARTMENT OF INSTRUMENTAL AND PEDAGOGICAL STUDIES, MUSIC EDUCATION AND VOCAL STUDIES &#8211; BRANCH IN BIA\u0141YSTOK, AND THE IGNACY PADEREWSKI MUSIC SCHOOL COMPLEX IN BIA\u0141YSTOK.<br \/>\nCONTACT: finalis2025@gmail.com<\/h5>\n<h2 style=\"text-align: center;\"><strong><span style=\"color: #3366ff;\">COMPETITION ORGANIZERS<\/span><\/strong><\/h2>\n<figure id=\"attachment_1648\" aria-describedby=\"caption-attachment-1648\" style=\"width: 300px\" class=\"wp-caption alignleft\"><a href=\"https:\/\/promusica.org.pl\/assets\/logo-UMFC_firm\u00f3wka.jpg\"><img loading=\"lazy\" decoding=\"async\" class=\"wp-image-1648\" src=\"http:\/\/promusica.org.pl\/assets\/umfc-lock1-rgb.jpg\" alt=\"logo+UMFC_firm\u00f3wka\" width=\"300\" height=\"199\" \/><\/a><figcaption id=\"caption-attachment-1648\" class=\"wp-caption-text\">Uniwersytet Muzyczny Fryderyka Chopina Wydzia\u0142 Instrumentalno-Pedagogiczny w Bia\u0142ymstoku<\/figcaption><\/figure>\n<figure id=\"attachment_2079\" aria-describedby=\"caption-attachment-2079\" style=\"width: 201px\" class=\"wp-caption alignleft\"><a href=\"https:\/\/promusica.org.pl\/assets\/logo-zsm.png\"><img loading=\"lazy\" decoding=\"async\" class=\"wp-image-2079 size-full\" src=\"https:\/\/promusica.org.pl\/assets\/logo-zsm.png\" alt=\"logo zsm\" width=\"201\" height=\"188\" \/><\/a><figcaption id=\"caption-attachment-2079\" class=\"wp-caption-text\">Zesp\u00f3\u0142 Szk\u00f3\u0142 Muzycznych im. Ignacego Paderewskiego w Bia\u0142ymstoku<\/figcaption><\/figure>\n<figure id=\"attachment_1649\" aria-describedby=\"caption-attachment-1649\" style=\"width: 278px\" class=\"wp-caption alignleft\"><a href=\"https:\/\/promusica.org.pl\/assets\/PROmusica-1-1.jpg\"><img loading=\"lazy\" decoding=\"async\" class=\"mr-0 wp-image-1649\" src=\"http:\/\/promusica.org.pl\/assets\/PROmusica-1-1.jpg\" alt=\"PROmusica (1) (1)\" width=\"278\" height=\"97\" srcset=\"https:\/\/promusica.org.pl\/assets\/PROmusica-1-1.jpg 3543w, https:\/\/promusica.org.pl\/assets\/PROmusica-1-1-1170x409.jpg 1170w\" sizes=\"auto, (max-width: 278px) 100vw, 278px\" \/><\/a><figcaption id=\"caption-attachment-1649\" class=\"wp-caption-text\">Fundacja &#8220;Centrum Kultury i Sztuki Pro Musica&#8221;<\/figcaption><\/figure>\n<p>&nbsp;<\/p>\n<p>&nbsp;<\/p>\n<p>&nbsp;<\/p>\n<p>&nbsp;<\/p>\n<p>&nbsp;<\/p>\n<p>&nbsp;<\/p>\n<p>&nbsp;<\/p>\n<p>&nbsp;<\/p>\n<h3 style=\"text-align: center;\"><a href=\"https:\/\/promusica.org.pl\/assets\/Woodwinds-FINALIS-2025.pdf\" target=\"_blank\" rel=\"noopener\"><span style=\"color: #ff0000;\">\u21d2 Finalis 2025 SCHEDULE &amp; REHEARSAL: WOODWINDS \u21d0<\/span><\/a><\/h3>\n<p>&nbsp;<\/p>\n<h3 style=\"text-align: center;\"><a href=\"https:\/\/promusica.org.pl\/assets\/Brass-FINALIS-2025.pdf\" target=\"_blank\" rel=\"noopener\"><span style=\"color: #ff0000;\">\u21d2 Finalis 2025 SCHEDULE &amp; REHEARSAL : BRASS \u21d0<\/span><\/a><\/h3>\n<p>&nbsp;<\/p>\n<h3 style=\"text-align: center;\"><a href=\"https:\/\/promusica.org.pl\/assets\/Strings-FINALIS-2025.pdf\" target=\"_blank\" rel=\"noopener\"><span style=\"color: #ff0000;\">\u21d2 Finalis 2025 SCHEDULE &amp; REHEARSAL: STRINGS \u21d0<\/span><\/a><\/h3>\n<hr \/>\n<p style=\"text-align: center;\">COMPETITION DIRECTOR: Przemys\u0142aw Kosieli\u0144ski<\/p>\n<p style=\"text-align: center;\">ARTISTIC DIRECTOR : Wojciech Dunaj<\/p>\n<p style=\"text-align: center;\">ART ADVISOR: Simon Percic<\/p>\n<hr \/>\n<h3 style=\"text-align: center;\"><span style=\"color: #3366ff;\"><strong>SPONSORS AND COOPERATION<\/strong><\/span><\/h3>\n<p>&nbsp;<\/p>\n<div id='gallery-2' class='gallery galleryid-4539 gallery-columns-4 gallery-size-large'><figure class='gallery-item'>\n\t\t\t<div class='gallery-icon landscape'>\n\t\t\t\t<img loading=\"lazy\" decoding=\"async\" width=\"750\" height=\"427\" src=\"https:\/\/promusica.org.pl\/assets\/LOGO-Alcazar-sewilla.jpg\" class=\"attachment-large size-large\" alt=\"\" \/>\n\t\t\t<\/div><\/figure><figure class='gallery-item'>\n\t\t\t<div class='gallery-icon landscape'>\n\t\t\t\t<img loading=\"lazy\" decoding=\"async\" width=\"1170\" height=\"527\" src=\"https:\/\/promusica.org.pl\/assets\/OIFP_BLACK-1-1170x527.jpg\" class=\"attachment-large size-large\" alt=\"\" srcset=\"https:\/\/promusica.org.pl\/assets\/OIFP_BLACK-1-1170x527.jpg 1170w, https:\/\/promusica.org.pl\/assets\/OIFP_BLACK-1-768x346.jpg 768w, https:\/\/promusica.org.pl\/assets\/OIFP_BLACK-1.jpg 1193w\" sizes=\"auto, (max-width: 1170px) 100vw, 1170px\" \/>\n\t\t\t<\/div><\/figure><figure class='gallery-item'>\n\t\t\t<div class='gallery-icon landscape'>\n\t\t\t\t<img loading=\"lazy\" decoding=\"async\" width=\"1170\" height=\"975\" src=\"https:\/\/promusica.org.pl\/assets\/Smietana-02-2023-logo-strona_Strona_1-1170x975.jpg\" class=\"attachment-large size-large\" alt=\"\" \/>\n\t\t\t<\/div><\/figure><figure class='gallery-item'>\n\t\t\t<div class='gallery-icon landscape'>\n\t\t\t\t<img loading=\"lazy\" decoding=\"async\" width=\"1170\" height=\"660\" src=\"https:\/\/promusica.org.pl\/assets\/Logo-Podkarpacka-filh-1170x660.jpg\" class=\"attachment-large size-large\" alt=\"\" srcset=\"https:\/\/promusica.org.pl\/assets\/Logo-Podkarpacka-filh-1170x660.jpg 1170w, https:\/\/promusica.org.pl\/assets\/Logo-Podkarpacka-filh-768x434.jpg 768w, https:\/\/promusica.org.pl\/assets\/Logo-Podkarpacka-filh-1536x867.jpg 1536w, https:\/\/promusica.org.pl\/assets\/Logo-Podkarpacka-filh.jpg 1814w\" sizes=\"auto, (max-width: 1170px) 100vw, 1170px\" \/>\n\t\t\t<\/div><\/figure><figure class='gallery-item'>\n\t\t\t<div class='gallery-icon landscape'>\n\t\t\t\t<img loading=\"lazy\" decoding=\"async\" width=\"1170\" height=\"839\" src=\"https:\/\/promusica.org.pl\/assets\/Logo-wersja-ostateczna-\u0142om\u017ca-1170x839.jpg\" class=\"attachment-large size-large\" alt=\"\" srcset=\"https:\/\/promusica.org.pl\/assets\/Logo-wersja-ostateczna-\u0142om\u017ca-1170x839.jpg 1170w, https:\/\/promusica.org.pl\/assets\/Logo-wersja-ostateczna-\u0142om\u017ca.jpg 1840w\" sizes=\"auto, (max-width: 1170px) 100vw, 1170px\" \/>\n\t\t\t<\/div><\/figure><figure class='gallery-item'>\n\t\t\t<div class='gallery-icon landscape'>\n\t\t\t\t<img loading=\"lazy\" decoding=\"async\" width=\"1170\" height=\"289\" src=\"https:\/\/promusica.org.pl\/assets\/logo-skrzypek-2-1170x289.jpg\" class=\"attachment-large size-large\" alt=\"\" srcset=\"https:\/\/promusica.org.pl\/assets\/logo-skrzypek-2-1170x289.jpg 1170w, https:\/\/promusica.org.pl\/assets\/logo-skrzypek-2-768x190.jpg 768w, https:\/\/promusica.org.pl\/assets\/logo-skrzypek-2-1536x379.jpg 1536w, https:\/\/promusica.org.pl\/assets\/logo-skrzypek-2-2048x506.jpg 2048w\" sizes=\"auto, (max-width: 1170px) 100vw, 1170px\" \/>\n\t\t\t<\/div><\/figure><figure class='gallery-item'>\n\t\t\t<div class='gallery-icon landscape'>\n\t\t\t\t<img loading=\"lazy\" decoding=\"async\" width=\"1170\" height=\"658\" src=\"https:\/\/promusica.org.pl\/assets\/PMT24-Logo-New-Final-1-1170x658.png\" class=\"attachment-large size-large\" alt=\"\" srcset=\"https:\/\/promusica.org.pl\/assets\/PMT24-Logo-New-Final-1-1170x658.png 1170w, https:\/\/promusica.org.pl\/assets\/PMT24-Logo-New-Final-1-768x432.png 768w, https:\/\/promusica.org.pl\/assets\/PMT24-Logo-New-Final-1-1536x864.png 1536w, https:\/\/promusica.org.pl\/assets\/PMT24-Logo-New-Final-1-2048x1152.png 2048w\" sizes=\"auto, (max-width: 1170px) 100vw, 1170px\" \/>\n\t\t\t<\/div><\/figure><figure class='gallery-item'>\n\t\t\t<div class='gallery-icon landscape'>\n\t\t\t\t<img loading=\"lazy\" decoding=\"async\" width=\"600\" height=\"400\" src=\"https:\/\/promusica.org.pl\/assets\/BC10_experience_400x600px_V2.jpg\" class=\"attachment-large size-large\" alt=\"\" srcset=\"https:\/\/promusica.org.pl\/assets\/BC10_experience_400x600px_V2.jpg 600w, https:\/\/promusica.org.pl\/assets\/BC10_experience_400x600px_V2-160x106.jpg 160w, https:\/\/promusica.org.pl\/assets\/BC10_experience_400x600px_V2-290x194.jpg 290w\" sizes=\"auto, (max-width: 600px) 100vw, 600px\" \/>\n\t\t\t<\/div><\/figure><figure class='gallery-item'>\n\t\t\t<div class='gallery-icon landscape'>\n\t\t\t\t<img loading=\"lazy\" decoding=\"async\" width=\"1170\" height=\"254\" src=\"https:\/\/promusica.org.pl\/assets\/propagator-logo-1170x254.jpg\" class=\"attachment-large size-large\" alt=\"\" srcset=\"https:\/\/promusica.org.pl\/assets\/propagator-logo-1170x254.jpg 1170w, https:\/\/promusica.org.pl\/assets\/propagator-logo.jpg 1620w\" sizes=\"auto, (max-width: 1170px) 100vw, 1170px\" \/>\n\t\t\t<\/div><\/figure><figure class='gallery-item'>\n\t\t\t<div class='gallery-icon portrait'>\n\t\t\t\t<img loading=\"lazy\" decoding=\"async\" width=\"120\" height=\"127\" src=\"https:\/\/promusica.org.pl\/assets\/logo_villa_tradycja.jpg\" class=\"attachment-large size-large\" alt=\"\" \/>\n\t\t\t<\/div><\/figure>\n\t\t<\/div>\n\n<hr \/>\n<h3 style=\"text-align: center;\"><span style=\"color: #3366ff;\">OFFCIAL E-MAIL<\/span><\/h3>\n<h2 style=\"text-align: center;\">finalis2025@gmail.com<\/h2>\n<p><\/p>","protected":false},"excerpt":{"rendered":"<p>FINALIS 2025 VII International Competition for Wind and String Instruments\u00a0 &nbsp; &nbsp; &nbsp; THE COMPETITION WILL TAKE PLACE ON NOVEMBER 12-15, 2025 AT THE HEADQUARTERS OF THE UMFC: DEPARTMENT OF INSTRUMENTAL AND PEDAGOGICAL STUDIES, MUSIC EDUCATION AND VOCAL STUDIES &#8211; BRANCH IN BIA\u0141YSTOK, AND THE IGNACY PADEREWSKI MUSIC SCHOOL COMPLEX IN BIA\u0141YSTOK. CONTACT: finalis2025@gmail.com COMPETITION&#8230;<\/p>\n","protected":false},"author":1,"featured_media":0,"parent":0,"menu_order":0,"comment_status":"closed","ping_status":"closed","template":"","meta":{"_kad_post_transparent":"default","_kad_post_title":"default","_kad_post_layout":"default","_kad_post_sidebar_id":"","_kad_post_content_style":"default","_kad_post_vertical_padding":"default","_kad_post_feature":"","_kad_post_feature_position":"","_kad_post_header":false,"_kad_post_footer":false,"footnotes":""},"class_list":["post-4539","page","type-page","status-publish","hentry"],"yoast_head":"<!-- This site is optimized with the Yoast SEO plugin v26.4 - https:\/\/yoast.com\/wordpress\/plugins\/seo\/ -->\n<title>VII International Competition for Wind and String Instruments FINALIS 2025 - Pro Musica<\/title>\n<meta name=\"robots\" content=\"index, follow, max-snippet:-1, max-image-preview:large, max-video-preview:-1\" \/>\n<link rel=\"canonical\" href=\"https:\/\/promusica.org.pl\/en\/vii-miedzynarodowy-konkurs-instrumentow-detych-i-smyczkowych-finalis-2025\/\" \/>\n<meta property=\"og:locale\" content=\"en_US\" \/>\n<meta property=\"og:type\" content=\"article\" \/>\n<meta property=\"og:title\" content=\"VII International Competition for Wind and String Instruments FINALIS 2025 - Pro Musica\" \/>\n<meta property=\"og:description\" content=\"FINALIS 2025 VII International Competition for Wind and String Instruments\u00a0 &nbsp; &nbsp; &nbsp; THE COMPETITION WILL TAKE PLACE ON NOVEMBER 12-15, 2025 AT THE HEADQUARTERS OF THE UMFC: DEPARTMENT OF INSTRUMENTAL AND PEDAGOGICAL STUDIES, MUSIC EDUCATION AND VOCAL STUDIES &#8211; BRANCH IN BIA\u0141YSTOK, AND THE IGNACY PADEREWSKI MUSIC SCHOOL COMPLEX IN BIA\u0141YSTOK. CONTACT: finalis2025@gmail.com COMPETITION...\" \/>\n<meta property=\"og:url\" content=\"https:\/\/promusica.org.pl\/en\/vii-miedzynarodowy-konkurs-instrumentow-detych-i-smyczkowych-finalis-2025\/\" \/>\n<meta property=\"og:site_name\" content=\"Pro Musica\" \/>\n<meta property=\"article:modified_time\" content=\"2025-11-03T08:50:36+00:00\" \/>\n<meta property=\"og:image\" content=\"https:\/\/promusica.org.pl\/assets\/LOGO-Alcazar-sewilla.jpg\" \/>\n<meta name=\"twitter:label1\" content=\"Est. reading time\" \/>\n\t<meta name=\"twitter:data1\" content=\"2 minutes\" \/>\n<script type=\"application\/ld+json\" class=\"yoast-schema-graph\">{\"@context\":\"https:\/\/schema.org\",\"@graph\":[{\"@type\":\"WebPage\",\"@id\":\"https:\/\/promusica.org.pl\/en\/vii-miedzynarodowy-konkurs-instrumentow-detych-i-smyczkowych-finalis-2025\/\",\"url\":\"https:\/\/promusica.org.pl\/en\/vii-miedzynarodowy-konkurs-instrumentow-detych-i-smyczkowych-finalis-2025\/\",\"name\":\"VII International Competition for Wind and String Instruments FINALIS 2025 - Pro Musica\",\"isPartOf\":{\"@id\":\"https:\/\/promusica.org.pl\/en\/#website\"},\"primaryImageOfPage\":{\"@id\":\"https:\/\/promusica.org.pl\/en\/vii-miedzynarodowy-konkurs-instrumentow-detych-i-smyczkowych-finalis-2025\/#primaryimage\"},\"image\":{\"@id\":\"https:\/\/promusica.org.pl\/vii-miedzynarodowy-konkurs-instrumentow-detych-i-smyczkowych-finalis-2025\/#primaryimage\"},\"thumbnailUrl\":\"https:\/\/promusica.org.pl\/assets\/FINALIS2025__-706x999.jpg\",\"datePublished\":\"2025-02-06T19:06:16+00:00\",\"dateModified\":\"2025-11-03T08:50:36+00:00\",\"breadcrumb\":{\"@id\":\"https:\/\/promusica.org.pl\/en\/vii-miedzynarodowy-konkurs-instrumentow-detych-i-smyczkowych-finalis-2025\/#breadcrumb\"},\"inLanguage\":\"en-US\",\"potentialAction\":[{\"@type\":\"ReadAction\",\"target\":[[\"https:\/\/promusica.org.pl\/en\/vii-miedzynarodowy-konkurs-instrumentow-detych-i-smyczkowych-finalis-2025\/\"]]}]},{\"@type\":\"ImageObject\",\"inLanguage\":\"en-US\",\"@id\":\"https:\/\/promusica.org.pl\/en\/vii-miedzynarodowy-konkurs-instrumentow-detych-i-smyczkowych-finalis-2025\/#primaryimage\",\"url\":\"https:\/\/promusica.org.pl\/assets\/FINALIS2025__-706x999.jpg\",\"contentUrl\":\"https:\/\/promusica.org.pl\/assets\/FINALIS2025__-706x999.jpg\"},{\"@type\":\"BreadcrumbList\",\"@id\":\"https:\/\/promusica.org.pl\/en\/vii-miedzynarodowy-konkurs-instrumentow-detych-i-smyczkowych-finalis-2025\/#breadcrumb\",\"itemListElement\":[{\"@type\":\"ListItem\",\"position\":1,\"name\":\"Strona g\u0142\u00f3wna\",\"item\":\"https:\/\/promusica.org.pl\/en\/\"},{\"@type\":\"ListItem\",\"position\":2,\"name\":\"VII Mi\u0119dzynarodowy Konkurs Instrument\u00f3w D\u0119tych i Smyczkowych FINALIS 2025\"}]},{\"@type\":\"WebSite\",\"@id\":\"https:\/\/promusica.org.pl\/en\/#website\",\"url\":\"https:\/\/promusica.org.pl\/en\/\",\"name\":\"Pro Musica\",\"description\":\"warsztaty muzyczne, warsztaty orkiestrowe, konkurs na instrumenty solo\",\"publisher\":{\"@id\":\"https:\/\/promusica.org.pl\/en\/#organization\"},\"potentialAction\":[{\"@type\":\"SearchAction\",\"target\":{\"@type\":\"EntryPoint\",\"urlTemplate\":\"https:\/\/promusica.org.pl\/en\/?s={search_term_string}\"},\"query-input\":{\"@type\":\"PropertyValueSpecification\",\"valueRequired\":true,\"valueName\":\"search_term_string\"}}],\"inLanguage\":\"en-US\"},{\"@type\":\"Organization\",\"@id\":\"https:\/\/promusica.org.pl\/en\/#organization\",\"name\":\"Pro Musica\",\"url\":\"https:\/\/promusica.org.pl\/en\/\",\"logo\":{\"@type\":\"ImageObject\",\"inLanguage\":\"en-US\",\"@id\":\"https:\/\/promusica.org.pl\/en\/#\/schema\/logo\/image\/\",\"url\":\"https:\/\/promusica.org.pl\/assets\/cropped-logo.jpg\",\"contentUrl\":\"https:\/\/promusica.org.pl\/assets\/cropped-logo.jpg\",\"width\":239,\"height\":95,\"caption\":\"Pro Musica\"},\"image\":{\"@id\":\"https:\/\/promusica.org.pl\/en\/#\/schema\/logo\/image\/\"}}]}<\/script>\n<!-- \/ Yoast SEO plugin. -->","yoast_head_json":{"title":"VII International Competition for Wind and String Instruments FINALIS 2025 - Pro Musica","robots":{"index":"index","follow":"follow","max-snippet":"max-snippet:-1","max-image-preview":"max-image-preview:large","max-video-preview":"max-video-preview:-1"},"canonical":"https:\/\/promusica.org.pl\/en\/vii-miedzynarodowy-konkurs-instrumentow-detych-i-smyczkowych-finalis-2025\/","og_locale":"en_US","og_type":"article","og_title":"VII International Competition for Wind and String Instruments FINALIS 2025 - Pro Musica","og_description":"FINALIS 2025 VII International Competition for Wind and String Instruments\u00a0 &nbsp; &nbsp; &nbsp; THE COMPETITION WILL TAKE PLACE ON NOVEMBER 12-15, 2025 AT THE HEADQUARTERS OF THE UMFC: DEPARTMENT OF INSTRUMENTAL AND PEDAGOGICAL STUDIES, MUSIC EDUCATION AND VOCAL STUDIES &#8211; BRANCH IN BIA\u0141YSTOK, AND THE IGNACY PADEREWSKI MUSIC SCHOOL COMPLEX IN BIA\u0141YSTOK. CONTACT: finalis2025@gmail.com COMPETITION...","og_url":"https:\/\/promusica.org.pl\/en\/vii-miedzynarodowy-konkurs-instrumentow-detych-i-smyczkowych-finalis-2025\/","og_site_name":"Pro Musica","article_modified_time":"2025-11-03T08:50:36+00:00","og_image":[{"url":"https:\/\/promusica.org.pl\/assets\/LOGO-Alcazar-sewilla.jpg","type":"","width":"","height":""}],"twitter_misc":{"Est. reading time":"2 minutes"},"schema":{"@context":"https:\/\/schema.org","@graph":[{"@type":"WebPage","@id":"https:\/\/promusica.org.pl\/en\/vii-miedzynarodowy-konkurs-instrumentow-detych-i-smyczkowych-finalis-2025\/","url":"https:\/\/promusica.org.pl\/en\/vii-miedzynarodowy-konkurs-instrumentow-detych-i-smyczkowych-finalis-2025\/","name":"VII International Competition for Wind and String Instruments FINALIS 2025 - Pro Musica","isPartOf":{"@id":"https:\/\/promusica.org.pl\/en\/#website"},"primaryImageOfPage":{"@id":"https:\/\/promusica.org.pl\/en\/vii-miedzynarodowy-konkurs-instrumentow-detych-i-smyczkowych-finalis-2025\/#primaryimage"},"image":{"@id":"https:\/\/promusica.org.pl\/vii-miedzynarodowy-konkurs-instrumentow-detych-i-smyczkowych-finalis-2025\/#primaryimage"},"thumbnailUrl":"https:\/\/promusica.org.pl\/assets\/FINALIS2025__-706x999.jpg","datePublished":"2025-02-06T19:06:16+00:00","dateModified":"2025-11-03T08:50:36+00:00","breadcrumb":{"@id":"https:\/\/promusica.org.pl\/en\/vii-miedzynarodowy-konkurs-instrumentow-detych-i-smyczkowych-finalis-2025\/#breadcrumb"},"inLanguage":"en-US","potentialAction":[{"@type":"ReadAction","target":[["https:\/\/promusica.org.pl\/en\/vii-miedzynarodowy-konkurs-instrumentow-detych-i-smyczkowych-finalis-2025\/"]]}]},{"@type":"ImageObject","inLanguage":"en-US","@id":"https:\/\/promusica.org.pl\/en\/vii-miedzynarodowy-konkurs-instrumentow-detych-i-smyczkowych-finalis-2025\/#primaryimage","url":"https:\/\/promusica.org.pl\/assets\/FINALIS2025__-706x999.jpg","contentUrl":"https:\/\/promusica.org.pl\/assets\/FINALIS2025__-706x999.jpg"},{"@type":"BreadcrumbList","@id":"https:\/\/promusica.org.pl\/en\/vii-miedzynarodowy-konkurs-instrumentow-detych-i-smyczkowych-finalis-2025\/#breadcrumb","itemListElement":[{"@type":"ListItem","position":1,"name":"Strona g\u0142\u00f3wna","item":"https:\/\/promusica.org.pl\/en\/"},{"@type":"ListItem","position":2,"name":"VII Mi\u0119dzynarodowy Konkurs Instrument\u00f3w D\u0119tych i Smyczkowych FINALIS 2025"}]},{"@type":"WebSite","@id":"https:\/\/promusica.org.pl\/en\/#website","url":"https:\/\/promusica.org.pl\/en\/","name":"Pro Musica","description":"warsztaty muzyczne, warsztaty orkiestrowe, konkurs na instrumenty solo","publisher":{"@id":"https:\/\/promusica.org.pl\/en\/#organization"},"potentialAction":[{"@type":"SearchAction","target":{"@type":"EntryPoint","urlTemplate":"https:\/\/promusica.org.pl\/en\/?s={search_term_string}"},"query-input":{"@type":"PropertyValueSpecification","valueRequired":true,"valueName":"search_term_string"}}],"inLanguage":"en-US"},{"@type":"Organization","@id":"https:\/\/promusica.org.pl\/en\/#organization","name":"Pro Musica","url":"https:\/\/promusica.org.pl\/en\/","logo":{"@type":"ImageObject","inLanguage":"en-US","@id":"https:\/\/promusica.org.pl\/en\/#\/schema\/logo\/image\/","url":"https:\/\/promusica.org.pl\/assets\/cropped-logo.jpg","contentUrl":"https:\/\/promusica.org.pl\/assets\/cropped-logo.jpg","width":239,"height":95,"caption":"Pro Musica"},"image":{"@id":"https:\/\/promusica.org.pl\/en\/#\/schema\/logo\/image\/"}}]}},"_links":{"self":[{"href":"https:\/\/promusica.org.pl\/en\/wp-json\/wp\/v2\/pages\/4539","targetHints":{"allow":["GET"]}}],"collection":[{"href":"https:\/\/promusica.org.pl\/en\/wp-json\/wp\/v2\/pages"}],"about":[{"href":"https:\/\/promusica.org.pl\/en\/wp-json\/wp\/v2\/types\/page"}],"author":[{"embeddable":true,"href":"https:\/\/promusica.org.pl\/en\/wp-json\/wp\/v2\/users\/1"}],"replies":[{"embeddable":true,"href":"https:\/\/promusica.org.pl\/en\/wp-json\/wp\/v2\/comments?post=4539"}],"version-history":[{"count":10,"href":"https:\/\/promusica.org.pl\/en\/wp-json\/wp\/v2\/pages\/4539\/revisions"}],"predecessor-version":[{"id":4924,"href":"https:\/\/promusica.org.pl\/en\/wp-json\/wp\/v2\/pages\/4539\/revisions\/4924"}],"wp:attachment":[{"href":"https:\/\/promusica.org.pl\/en\/wp-json\/wp\/v2\/media?parent=4539"}],"curies":[{"name":"wp","href":"https:\/\/api.w.org\/{rel}","templated":true}]}}