{"id":4081,"date":"2024-02-17T20:21:24","date_gmt":"2024-02-17T19:21:24","guid":{"rendered":"https:\/\/promusica.org.pl\/?page_id=4081"},"modified":"2024-05-14T13:56:40","modified_gmt":"2024-05-14T11:56:40","slug":"kadra-sow-2024","status":"publish","type":"page","link":"https:\/\/promusica.org.pl\/en\/sow-2024\/kadra-sow-2024\/","title":{"rendered":"TEAM SOW 2024"},"content":{"rendered":"<p>&nbsp;<\/p>\n<h3>OUR TEAM:<\/h3>\n<h3><\/h3>\n<h3>Conductor :<\/h3>\n<p><img loading=\"lazy\" decoding=\"async\" class=\"\" src=\"http:\/\/promusica.org.pl\/assets\/andrea-loss.jpg\" alt=\"loss\" width=\"274\" height=\"183\" \/><\/p>\n<p><strong>Andrea Loss<\/strong>\u00a0\u2013 graduated at the Conservatory in Udine (Clarinet) and studied conducting with Jan Cober (NL), Ronald Johnson (USA), Felix Hauswirth (CH) , Isaac Karabtchevsky (BR), Diego Dini Ciacci (I) orchestration , harmony , composition and singing.<\/p>\n<p>He conducted several wind orchestra in Italy, Europe, and USA. He is the principal conductor of the \u201cOrchestra di fiati Rosmini \u201d from Rovereto (I), Orchestra di Fiati della Provincia di Vicenza (I) , Banda cittadina Peschiera del Garda (I), Corpo bandistico di Lizzana (I) and he is teacher and artistic director of ISEB (Wind Band European Institute ).<\/p>\n<p>&nbsp;<\/p>\n<hr class=\"clearfix\" \/>\n<h3><\/h3>\n<h3><\/h3>\n<h3>Leading artists:<\/h3>\n<p><strong>Andrea Loss-clarinet<\/strong><\/p>\n<p>&nbsp;<\/p>\n<p>&nbsp;<\/p>\n<p>&nbsp;<\/p>\n<p><img loading=\"lazy\" decoding=\"async\" class=\"alignleft size-full wp-image-101\" src=\"http:\/\/promusica.org.pl\/assets\/fotoluca5-e1421137250894.jpg\" alt=\"foto Luca Neccia\" width=\"250\" height=\"359\" \/><\/p>\n<p><strong>Luca Neccia<\/strong><\/p>\n<p><strong>Oboe<\/strong>. Born in Italy, graduate at the Conservatory \u201eL. Refice\u201d in Frosinone. After that, he improved his skills under\u00a0 the guide of\u00a0 A. Loppi at the Academy \u201eSanta Cecilia\u201d in Rome, and A. Negroni\u00a0 (principal oboe at the \u201eScala\u201d theater, Milan).<\/p>\n<p>He partecipated in several courses, in 1995 in Austria with Martin Gabriel\u00a0 (principal oboe at the \u201eWiener Philarmoniker), in 1997 in Poland with Ingo Goritzki for oboe and Aurele Nicolet for chamber music.<\/p>\n<p>In 1998 joined the \u201eCyprus chamber orchestra\u201d.<\/p>\n<p>From 2001 principal oboe at the Podlasie Opera and Philarmonic in Bialystok, Poland.<\/p>\n<p>In 2006 formed the ensemble \u201e orchestra di otto\u201d with whom recorded a CD of Mozart\u2019s Serenades for wind, celebrating the 300ht anniversary of Mozart\u2019s birthday.<\/p>\n<p>&nbsp;<\/p>\n<p>&nbsp;<\/p>\n<p>&nbsp;<\/p>\n<p>&nbsp;<\/p>\n<p>&nbsp;<\/p>\n<p>&nbsp;<\/p>\n<p>&nbsp;<\/p>\n<p>&nbsp;<\/p>\n<p>&nbsp;<\/p>\n<p><img loading=\"lazy\" decoding=\"async\" class=\"alignleft thumbnail size-full wp-image-92\" src=\"http:\/\/promusica.org.pl\/assets\/T.Witek_.jpg\" alt=\"T.Witek\" width=\"250\" height=\"359\" \/><strong>Tomasz Witek<\/strong><\/p>\n<p>Graduated at Music Academy of Frederic Chopin in Warsaw 1993-1995 (trumpet) and Chopin Academy of Music in Warsaw, \u00a0\/ 1995-1998 instrumental-pedagogical faculty, class trumpet.<\/p>\n<p>Works in the Podlasie Opera and Philharmonic from 1995 first trumpet. Since 1996, trumpet teacher in Music Schools. IJPaderewski in Bialystok .In 2005, the founder and leader of Big-Band ZSM in Bia\u0142ystok. From 2006 proffesor on chamber ensembles Big Band at the Fryderyk Chopin University of Music filia in Bia\u0142ystok . In 2007 the show-band trumpeter in the ship-Oceania Cruises Insignia.<\/p>\n<p>He has concerts and participated in various musical projects-stage \/ Germany, Austria, Belgium, the Netherlands, France, Lithuania, Latvia, Russia, China, Egypt, Brazil, Argentina \u2026 \/<\/p>\n<p>tel. 0 606 119 927<\/p>\n<p><a href=\"mailto:tomaszwitek@interia.pl\">tomaszwitek@interia.pl<\/a><\/p>\n<p>&nbsp;<\/p>\n<p>&nbsp;<\/p>\n<p>&nbsp;<\/p>\n<p>&nbsp;<\/p>\n<p>&nbsp;<\/p>\n<p><strong><img loading=\"lazy\" decoding=\"async\" class=\"size-full wp-image-3260 alignleft\" src=\"http:\/\/promusica.org.pl\/assets\/Magda-Nowicka.jpg\" alt=\"Magda Nowicka\" width=\"323\" height=\"323\" \/>Magdalena Nowicka<\/strong><\/p>\n<p><strong>Flute.\u00a0<\/strong>Graduated with honors from the Fryderyk Chopin Academy of Music, Branch in Bia\u0142ystok in the flute class of prof. Krystyna Go\u0142aszewska and education management. He is a certified teacher with 25 years of experience, since 2007 he has been the head of the wind instruments section. For many years he has been working at the State Music School of the 1st and 2nd degree in Ostro\u0142\u0119ka, the Private Music School of the 1st degree No.2 and the Youth Cultural Center in Bialystok. Its students are successful in international, national and regional competitions and receive artistic scholarships. He constantly improves his skills and raises his qualifications under the guidance of outstanding Polish and world-class flutists as well as specialists in the field of psychology and pedagogy.<\/p>\n<p>&nbsp;<\/p>\n<p>&nbsp;<\/p>\n<p>&nbsp;<\/p>\n<p>&nbsp;<\/p>\n<p>&nbsp;<\/p>\n<p>&nbsp;<\/p>\n<p>&nbsp;<\/p>\n<p>&nbsp;<\/p>\n<p>&nbsp;<\/p>\n<p>&nbsp;<\/p>\n<p>&nbsp;<\/p>\n<p><img loading=\"lazy\" decoding=\"async\" class=\" wp-image-3251 alignleft\" src=\"http:\/\/promusica.org.pl\/assets\/ewa-paw\u0142owska1.jpg\" alt=\"ewa paw\u0142owska1\" width=\"188\" height=\"282\" \/><strong>Ewa Paw\u0142owska<\/strong>.<\/p>\n<p><strong>Cello. Double bass. Basson.\u00a0 <\/strong>Graduated State Primary and Secondary Music School in Nysa and the Academy of Music in Krakow (diploma with honors in 2007 in the class of Adam Klock) .<\/p>\n<p>Laureate of the National Bach Competition Stanis\u0142aw Hajzer in Zielona G\u00f3ra, the Youth Cello Competition for them. Kazimierz Wi\u0142komirski in Pozna\u0144 and the International Competition Leos Janack in Brno (in the string quartet category).<\/p>\n<p>She perfected the orchestral workshop, among others. during courses and tours with Young Musicians International Symphony Orchestra (now known as ESYO) led by Igor Coretti-Kuret.<\/p>\n<p>Currently, he pursues his passion for music by teaching at the Ignacy Paderewski in Bia\u0142ystok and playing in the orchestra of the Podlasie Opera and Philharmonic.<\/p>\n<p>&nbsp;<\/p>\n<p>&nbsp;<\/p>\n<p>&nbsp;<\/p>\n<p>&nbsp;<\/p>\n<p><strong>Ewa Sajko<\/strong>\u00a0&#8211; In \u00a02017 graduated with a master&#8217;s degree,\u00a0 Fryderyk Chopin University of Music in Warsaw\u00a0 the instrumental and pedagogical department. From September 2018, he is a percussion teacher at the State Music School in Bia\u0142ystok. He takes part in numerous projects and concerts organized by the Opera and the Podlasie Philharmonic.<\/p>\n<p>&nbsp;<\/p>\n<p>&nbsp;<\/p>\n<p>&nbsp;<\/p>\n<p>&nbsp;<\/p>\n<p>&nbsp;<\/p>\n<p>&nbsp;<\/p>\n<p>&nbsp;<\/p>\n<p>&nbsp;<\/p>\n<p>&nbsp;<\/p>\n<p>&nbsp;<\/p>\n<p>&nbsp;<\/p>\n<p>&nbsp;<\/p>\n<p>&nbsp;<\/p>\n<p>&nbsp;<\/p>\n<p>&nbsp;<\/p>\n<p>&nbsp;<\/p>\n<p>&nbsp;<\/p>\n<p>&nbsp;<\/p>\n<p><img loading=\"lazy\" decoding=\"async\" class=\"alignleft wp-image-3414\" src=\"http:\/\/promusica.org.pl\/assets\/Piotr-Kania1-750x999.jpg\" alt=\"Piotr Kania1\" width=\"285\" height=\"379\" srcset=\"https:\/\/promusica.org.pl\/assets\/Piotr-Kania1-750x999.jpg 750w, https:\/\/promusica.org.pl\/assets\/Piotr-Kania1.jpg 1275w\" sizes=\"auto, (max-width: 285px) 100vw, 285px\" \/><\/p>\n<p><strong>Piotr Kania<\/strong><\/p>\n<p><strong>\u00a0PUZON, TUBA, EUPHONIUM.<\/strong>\u00a0Graduated of the Faculty of Instrumental and Pedagogy at the Fryderyk Chopin University of Music in the trombone class of prof. Juliusz Pietrachowicz and performs as an orchestral and chamber musician. He is a trombonist in the orchestra of the Podlasie Opera and Philharmonic, with which he has recorded many albums and made numerous artistic trips around Europe and the USA.<\/p>\n<p>For over 20 years he has also been involved in music pedagogy. He teaches the trombone class at the Music School Complex of Ignacy Paderewski in Bia\u0142ystok. He was the conductor of the brass band of the PKP\u00a0 School Complex of\u00a0Ernest Malinowski in Bia\u0142ystok, he led the trombone and tuba section in the brass band of the Mechanical School Complex in Bia\u0142ystok and in the Municipal Brass Band of the City of Bia\u0142ystok.<\/p>\n<p>He shares his knowledge and experience with young people also during summer music courses<\/p>\n<p>&nbsp;<\/p>\n<p>&nbsp;<\/p>\n<p>&nbsp;<\/p>\n<p>&nbsp;<\/p>\n<p>&nbsp;<\/p>\n<p>&nbsp;<\/p>\n<p>&nbsp;<\/p>\n<p>&nbsp;<\/p>\n<p><strong><img loading=\"lazy\" decoding=\"async\" class=\"alignleft wp-image-3799\" src=\"http:\/\/promusica.org.pl\/assets\/Micha\u0142-Kalinowski-1.jpg\" alt=\"Micha\u0142 Kalinowski 1\" width=\"255\" height=\"389\" \/><\/strong><\/p>\n<p><strong>Michal Kalinowski<\/strong><\/p>\n<p><strong>Saxophone<\/strong>, Saxophonist, actor of music scenes. A graduate of the Music University of F. Chopin, the State Jazz School named after H. Majewski in Warsaw and the State Vocal and Acting School in Bia\u0142ystok. He played in bands led by: Zbigniew Namys\u0142owski (Namys\u0142owski Super Band), Ryszard Borowski (Big Band Akwarium). He recorded the saxophone part on several albums, including &#8220;The Funk to Change&#8221; &#8211; KEN LEE, &#8220;You saved me&#8221; &#8211; Schola Adonai. Winner of the Young Forms dance festivals in Mr\u0105gowo and the Po\u0142czy\u0144ski Dance Festival. He created acting roles, e.g. musicals: &#8220;Beautiful Cellist&#8221; dir. Jakub Wocial, Ark Naomi, dir. Robert Drobniuch.<\/p>\n<p>He teaches the saxophone class at the State Primary Music School. J.S. Bach in Grajewo. From 2022,\u00a0and Music School in Sok\u00f3\u0142ka.<\/p>\n<p>In 2021, he performed as a soloist with the Orchestra of the Podlasie Opera and Philharmonic, currently works with the Opera as a saxophonist in the show &#8220;Broadway Dance Club&#8221;<\/p>\n<p>Participant of international and national workshops conducted e.g. by Jerry Bergonzi, Bob Reynolds (Snarky Puppy), Greg Osby, Alex Terrier, Ari Roland, Bronis\u0142aw Suchanek, \u0141ukasz Ojdana. His main musical interests are: jazz, fusion, funk, soul, r&#8217;n&#8217;b, latin jazz and contemporary classical saxophone music.<\/p>\n<p>&nbsp;<\/p>\n<p>&nbsp;<\/p>\n<p>&nbsp;<\/p>\n<p>&nbsp;<\/p>\n<p>&nbsp;<\/p>\n<p>&nbsp;<\/p>\n<p>&nbsp;<\/p>\n<p>&nbsp;<\/p>\n<p>&nbsp;<\/p>\n<p>&nbsp;<\/p>\n<p>&nbsp;<\/p>\n<p><img loading=\"lazy\" decoding=\"async\" class=\"alignleft size-full wp-image-855\" src=\"http:\/\/promusica.org.pl\/assets\/photo-artur-nowicki.jpg\" alt=\"photo artur nowicki\" width=\"120\" height=\"120\" \/><strong>Artur Nowicki<\/strong><\/p>\n<p><strong>French Horn.<\/strong>\u00a0Graduated \u00a0Music Academy. Frederic Chopin in Warsaw . Certified teacher with many years of experience teaching. He teaches horn at the School of Music in Bialystok. \u00a0Constantly improving their professional skills by participating in numerous courses, seminars and workshops organized in the country and abroad. Co-organizer and organizer of numerous seminars (flute, oboe, bassoons, Trumpet,\u2019s Horn, percussion ). Section Manager woodwind, brass and percussion. French horn player Podlasie Opera and Philharmonic in Bia\u0142ystok.\u00a0The orchestra has performed in most European countries and China.<\/p>\n<p>&nbsp;<\/p>\n<p>&nbsp;<\/p>\n<p>&nbsp;<\/p>\n<p>&nbsp;<\/p>\n<p><strong>\u00a0<\/strong><\/p>\n<p>&nbsp;<\/p>\n<p>&nbsp;<\/p>\n<p>&nbsp;<\/p>\n<p>&nbsp;<\/p>\n<p>&nbsp;<\/p>\n<p>&nbsp;<\/p>\n<p>&nbsp;<\/p>\n<p><strong>\u00a0<\/strong><\/p>\n<p>&nbsp;<\/p>\n<p>&nbsp;<\/p>\n<p>&nbsp;<\/p>\n<p>&nbsp;<\/p>\n<p>&nbsp;<\/p>\n<p>&nbsp;<\/p>\n<p>&nbsp;<\/p>\n<p>&nbsp;<\/p>\n<p><strong>\u00a0<\/strong><\/p>\n<p>&nbsp;<\/p>\n<p>&nbsp;<\/p>","protected":false},"excerpt":{"rendered":"<p>&nbsp; OUR TEAM: Conductor : Andrea Loss\u00a0\u2013 graduated at the Conservatory in Udine (Clarinet) and studied conducting with Jan Cober (NL), Ronald Johnson (USA), Felix Hauswirth (CH) , Isaac Karabtchevsky (BR), Diego Dini Ciacci (I) orchestration , harmony , composition and singing. He conducted several wind orchestra in Italy, Europe, and USA. He is the&#8230;<\/p>\n","protected":false},"author":1,"featured_media":0,"parent":4077,"menu_order":0,"comment_status":"closed","ping_status":"closed","template":"","meta":{"_kad_post_transparent":"default","_kad_post_title":"default","_kad_post_layout":"default","_kad_post_sidebar_id":"","_kad_post_content_style":"default","_kad_post_vertical_padding":"default","_kad_post_feature":"","_kad_post_feature_position":"","_kad_post_header":false,"_kad_post_footer":false,"footnotes":""},"class_list":["post-4081","page","type-page","status-publish","hentry"],"yoast_head":"<!-- This site is optimized with the Yoast SEO plugin v26.4 - https:\/\/yoast.com\/wordpress\/plugins\/seo\/ -->\n<title>TEAM SOW 2024 - Pro Musica<\/title>\n<meta name=\"robots\" content=\"index, follow, max-snippet:-1, max-image-preview:large, max-video-preview:-1\" \/>\n<link rel=\"canonical\" href=\"https:\/\/promusica.org.pl\/en\/sow-2024\/kadra-sow-2024\/\" \/>\n<meta property=\"og:locale\" content=\"en_US\" \/>\n<meta property=\"og:type\" content=\"article\" \/>\n<meta property=\"og:title\" content=\"TEAM SOW 2024 - Pro Musica\" \/>\n<meta property=\"og:description\" content=\"&nbsp; OUR TEAM: Conductor : Andrea Loss\u00a0\u2013 graduated at the Conservatory in Udine (Clarinet) and studied conducting with Jan Cober (NL), Ronald Johnson (USA), Felix Hauswirth (CH) , Isaac Karabtchevsky (BR), Diego Dini Ciacci (I) orchestration , harmony , composition and singing. He conducted several wind orchestra in Italy, Europe, and USA. He is the...\" \/>\n<meta property=\"og:url\" content=\"https:\/\/promusica.org.pl\/en\/sow-2024\/kadra-sow-2024\/\" \/>\n<meta property=\"og:site_name\" content=\"Pro Musica\" \/>\n<meta property=\"article:modified_time\" content=\"2024-05-14T11:56:40+00:00\" \/>\n<meta property=\"og:image\" content=\"http:\/\/promusica.org.pl\/assets\/andrea-loss.jpg\" \/>\n<meta name=\"twitter:label1\" content=\"Est. reading time\" \/>\n\t<meta name=\"twitter:data1\" content=\"8 minutes\" \/>\n<script type=\"application\/ld+json\" class=\"yoast-schema-graph\">{\"@context\":\"https:\/\/schema.org\",\"@graph\":[{\"@type\":\"WebPage\",\"@id\":\"https:\/\/promusica.org.pl\/en\/sow-2024\/kadra-sow-2024\/\",\"url\":\"https:\/\/promusica.org.pl\/en\/sow-2024\/kadra-sow-2024\/\",\"name\":\"TEAM SOW 2024 - Pro Musica\",\"isPartOf\":{\"@id\":\"https:\/\/promusica.org.pl\/en\/#website\"},\"primaryImageOfPage\":{\"@id\":\"https:\/\/promusica.org.pl\/en\/sow-2024\/kadra-sow-2024\/#primaryimage\"},\"image\":{\"@id\":\"https:\/\/promusica.org.pl\/sow-2024\/kadra-sow-2024\/#primaryimage\"},\"thumbnailUrl\":\"http:\/\/promusica.org.pl\/assets\/andrea-loss.jpg\",\"datePublished\":\"2024-02-17T19:21:24+00:00\",\"dateModified\":\"2024-05-14T11:56:40+00:00\",\"breadcrumb\":{\"@id\":\"https:\/\/promusica.org.pl\/en\/sow-2024\/kadra-sow-2024\/#breadcrumb\"},\"inLanguage\":\"en-US\",\"potentialAction\":[{\"@type\":\"ReadAction\",\"target\":[[\"https:\/\/promusica.org.pl\/en\/sow-2024\/kadra-sow-2024\/\"]]}]},{\"@type\":\"ImageObject\",\"inLanguage\":\"en-US\",\"@id\":\"https:\/\/promusica.org.pl\/en\/sow-2024\/kadra-sow-2024\/#primaryimage\",\"url\":\"http:\/\/promusica.org.pl\/assets\/andrea-loss.jpg\",\"contentUrl\":\"http:\/\/promusica.org.pl\/assets\/andrea-loss.jpg\"},{\"@type\":\"BreadcrumbList\",\"@id\":\"https:\/\/promusica.org.pl\/en\/sow-2024\/kadra-sow-2024\/#breadcrumb\",\"itemListElement\":[{\"@type\":\"ListItem\",\"position\":1,\"name\":\"Strona g\u0142\u00f3wna\",\"item\":\"https:\/\/promusica.org.pl\/en\/\"},{\"@type\":\"ListItem\",\"position\":2,\"name\":\"SOW 2024 \u2013 IV Letnie Warsztaty Orkiestrowe\",\"item\":\"https:\/\/promusica.org.pl\/en\/sow-2024\/\"},{\"@type\":\"ListItem\",\"position\":3,\"name\":\"Kadra SOW 2024\"}]},{\"@type\":\"WebSite\",\"@id\":\"https:\/\/promusica.org.pl\/en\/#website\",\"url\":\"https:\/\/promusica.org.pl\/en\/\",\"name\":\"Pro Musica\",\"description\":\"warsztaty muzyczne, warsztaty orkiestrowe, konkurs na instrumenty solo\",\"publisher\":{\"@id\":\"https:\/\/promusica.org.pl\/en\/#organization\"},\"potentialAction\":[{\"@type\":\"SearchAction\",\"target\":{\"@type\":\"EntryPoint\",\"urlTemplate\":\"https:\/\/promusica.org.pl\/en\/?s={search_term_string}\"},\"query-input\":{\"@type\":\"PropertyValueSpecification\",\"valueRequired\":true,\"valueName\":\"search_term_string\"}}],\"inLanguage\":\"en-US\"},{\"@type\":\"Organization\",\"@id\":\"https:\/\/promusica.org.pl\/en\/#organization\",\"name\":\"Pro Musica\",\"url\":\"https:\/\/promusica.org.pl\/en\/\",\"logo\":{\"@type\":\"ImageObject\",\"inLanguage\":\"en-US\",\"@id\":\"https:\/\/promusica.org.pl\/en\/#\/schema\/logo\/image\/\",\"url\":\"https:\/\/promusica.org.pl\/assets\/cropped-logo.jpg\",\"contentUrl\":\"https:\/\/promusica.org.pl\/assets\/cropped-logo.jpg\",\"width\":239,\"height\":95,\"caption\":\"Pro Musica\"},\"image\":{\"@id\":\"https:\/\/promusica.org.pl\/en\/#\/schema\/logo\/image\/\"}}]}<\/script>\n<!-- \/ Yoast SEO plugin. -->","yoast_head_json":{"title":"TEAM SOW 2024 - Pro Musica","robots":{"index":"index","follow":"follow","max-snippet":"max-snippet:-1","max-image-preview":"max-image-preview:large","max-video-preview":"max-video-preview:-1"},"canonical":"https:\/\/promusica.org.pl\/en\/sow-2024\/kadra-sow-2024\/","og_locale":"en_US","og_type":"article","og_title":"TEAM SOW 2024 - Pro Musica","og_description":"&nbsp; OUR TEAM: Conductor : Andrea Loss\u00a0\u2013 graduated at the Conservatory in Udine (Clarinet) and studied conducting with Jan Cober (NL), Ronald Johnson (USA), Felix Hauswirth (CH) , Isaac Karabtchevsky (BR), Diego Dini Ciacci (I) orchestration , harmony , composition and singing. He conducted several wind orchestra in Italy, Europe, and USA. He is the...","og_url":"https:\/\/promusica.org.pl\/en\/sow-2024\/kadra-sow-2024\/","og_site_name":"Pro Musica","article_modified_time":"2024-05-14T11:56:40+00:00","og_image":[{"url":"http:\/\/promusica.org.pl\/assets\/andrea-loss.jpg","type":"","width":"","height":""}],"twitter_misc":{"Est. reading time":"8 minutes"},"schema":{"@context":"https:\/\/schema.org","@graph":[{"@type":"WebPage","@id":"https:\/\/promusica.org.pl\/en\/sow-2024\/kadra-sow-2024\/","url":"https:\/\/promusica.org.pl\/en\/sow-2024\/kadra-sow-2024\/","name":"TEAM SOW 2024 - Pro Musica","isPartOf":{"@id":"https:\/\/promusica.org.pl\/en\/#website"},"primaryImageOfPage":{"@id":"https:\/\/promusica.org.pl\/en\/sow-2024\/kadra-sow-2024\/#primaryimage"},"image":{"@id":"https:\/\/promusica.org.pl\/sow-2024\/kadra-sow-2024\/#primaryimage"},"thumbnailUrl":"http:\/\/promusica.org.pl\/assets\/andrea-loss.jpg","datePublished":"2024-02-17T19:21:24+00:00","dateModified":"2024-05-14T11:56:40+00:00","breadcrumb":{"@id":"https:\/\/promusica.org.pl\/en\/sow-2024\/kadra-sow-2024\/#breadcrumb"},"inLanguage":"en-US","potentialAction":[{"@type":"ReadAction","target":[["https:\/\/promusica.org.pl\/en\/sow-2024\/kadra-sow-2024\/"]]}]},{"@type":"ImageObject","inLanguage":"en-US","@id":"https:\/\/promusica.org.pl\/en\/sow-2024\/kadra-sow-2024\/#primaryimage","url":"http:\/\/promusica.org.pl\/assets\/andrea-loss.jpg","contentUrl":"http:\/\/promusica.org.pl\/assets\/andrea-loss.jpg"},{"@type":"BreadcrumbList","@id":"https:\/\/promusica.org.pl\/en\/sow-2024\/kadra-sow-2024\/#breadcrumb","itemListElement":[{"@type":"ListItem","position":1,"name":"Strona g\u0142\u00f3wna","item":"https:\/\/promusica.org.pl\/en\/"},{"@type":"ListItem","position":2,"name":"SOW 2024 \u2013 IV Letnie Warsztaty Orkiestrowe","item":"https:\/\/promusica.org.pl\/en\/sow-2024\/"},{"@type":"ListItem","position":3,"name":"Kadra SOW 2024"}]},{"@type":"WebSite","@id":"https:\/\/promusica.org.pl\/en\/#website","url":"https:\/\/promusica.org.pl\/en\/","name":"Pro Musica","description":"warsztaty muzyczne, warsztaty orkiestrowe, konkurs na instrumenty solo","publisher":{"@id":"https:\/\/promusica.org.pl\/en\/#organization"},"potentialAction":[{"@type":"SearchAction","target":{"@type":"EntryPoint","urlTemplate":"https:\/\/promusica.org.pl\/en\/?s={search_term_string}"},"query-input":{"@type":"PropertyValueSpecification","valueRequired":true,"valueName":"search_term_string"}}],"inLanguage":"en-US"},{"@type":"Organization","@id":"https:\/\/promusica.org.pl\/en\/#organization","name":"Pro Musica","url":"https:\/\/promusica.org.pl\/en\/","logo":{"@type":"ImageObject","inLanguage":"en-US","@id":"https:\/\/promusica.org.pl\/en\/#\/schema\/logo\/image\/","url":"https:\/\/promusica.org.pl\/assets\/cropped-logo.jpg","contentUrl":"https:\/\/promusica.org.pl\/assets\/cropped-logo.jpg","width":239,"height":95,"caption":"Pro Musica"},"image":{"@id":"https:\/\/promusica.org.pl\/en\/#\/schema\/logo\/image\/"}}]}},"_links":{"self":[{"href":"https:\/\/promusica.org.pl\/en\/wp-json\/wp\/v2\/pages\/4081","targetHints":{"allow":["GET"]}}],"collection":[{"href":"https:\/\/promusica.org.pl\/en\/wp-json\/wp\/v2\/pages"}],"about":[{"href":"https:\/\/promusica.org.pl\/en\/wp-json\/wp\/v2\/types\/page"}],"author":[{"embeddable":true,"href":"https:\/\/promusica.org.pl\/en\/wp-json\/wp\/v2\/users\/1"}],"replies":[{"embeddable":true,"href":"https:\/\/promusica.org.pl\/en\/wp-json\/wp\/v2\/comments?post=4081"}],"version-history":[{"count":10,"href":"https:\/\/promusica.org.pl\/en\/wp-json\/wp\/v2\/pages\/4081\/revisions"}],"predecessor-version":[{"id":4283,"href":"https:\/\/promusica.org.pl\/en\/wp-json\/wp\/v2\/pages\/4081\/revisions\/4283"}],"up":[{"embeddable":true,"href":"https:\/\/promusica.org.pl\/en\/wp-json\/wp\/v2\/pages\/4077"}],"wp:attachment":[{"href":"https:\/\/promusica.org.pl\/en\/wp-json\/wp\/v2\/media?parent=4081"}],"curies":[{"name":"wp","href":"https:\/\/api.w.org\/{rel}","templated":true}]}}