{"id":3621,"date":"2023-04-08T09:27:22","date_gmt":"2023-04-08T09:27:22","guid":{"rendered":"http:\/\/promusica.org.pl\/?page_id=3621"},"modified":"2023-04-12T16:14:30","modified_gmt":"2023-04-12T16:14:30","slug":"dusan-kranjc-puzonista","status":"publish","type":"page","link":"https:\/\/promusica.org.pl\/en\/dusan-kranjc-puzonista\/","title":{"rendered":"Du\u0161an Kranjc &#8211; trombonist"},"content":{"rendered":"<p><\/p>\n<p><p style=\"text-align: left;\"><img loading=\"lazy\" decoding=\"async\" class=\" wp-image-3671 alignleft\" src=\"http:\/\/promusica.org.pl\/assets\/Dusan-Kranjc-2023-999x999.jpg\" alt=\"Dusan Kranjc 2023\" width=\"199\" height=\"199\" \/>Du\u0161an Kranjc\u00a0graduated as a trombone soloist at the university in Ljubljana. For several years he has been principle trombone player at the Slowenic Philharmonic Orchestra and the Mozarteum Orchestra Salzburg. Later on he studied with Branimir Slokar in Trossingen (Germany). Actually he is theaching at the university for music in Ljubljana and in music school in Austria. He is a solo trombone player of the Camerata Academica Salzburg, MAS (Salzburg baroque ensemble) \u2013 Musica antiqua Salzburg, the baroque orchestra L`Orfeo, the \u00d6ENM (Austrian ensemble for contemporary music). Du\u0161an has been a member of the Juvavum Brass Quintett since 1990. He has played at many festivals around the world: Salzburger Festspiele \/ Festival fuer neue Musik Bozen \/ Kammermusik Festival Allegro Vivo \/ Int. Musikwochen Millstatt \/ Festival Sandstein &amp; Musik Dresden \/ Bluval Straubing \/ Haydn Festspiele Eisenstadt \/ Jeunesse Musicales \/ contemporary autumn \/ Musica Sacra Trient \/ Festival Ljubljana \/ Festival Lent Maribor \/ Groedener Musikwochen \/ Concerts in Italia, Slowenia, Croatia, Serbia, Russia, Baltikum, England, France, Poland, Germany, Mexiko, Columbia, Japan, Taiwan, USA, Israel\u2026<\/p>\n<\/p>\n<p><\/p>","protected":false},"excerpt":{"rendered":"<p>Du\u0161an Kranjc\u00a0graduated as a trombone soloist at the university in Ljubljana. For several years he has been principle trombone player at the Slowenic Philharmonic Orchestra and the Mozarteum Orchestra Salzburg. Later on he studied with Branimir Slokar in Trossingen (Germany). Actually he is theaching at the university for music in Ljubljana and in music school&#8230;<\/p>\n","protected":false},"author":1,"featured_media":0,"parent":0,"menu_order":0,"comment_status":"closed","ping_status":"closed","template":"","meta":{"_kad_post_transparent":"","_kad_post_title":"","_kad_post_layout":"","_kad_post_sidebar_id":"","_kad_post_content_style":"","_kad_post_vertical_padding":"","_kad_post_feature":"","_kad_post_feature_position":"","_kad_post_header":false,"_kad_post_footer":false,"footnotes":""},"class_list":["post-3621","page","type-page","status-publish","hentry"],"yoast_head":"<!-- This site is optimized with the Yoast SEO plugin v26.4 - https:\/\/yoast.com\/wordpress\/plugins\/seo\/ -->\n<title>Du\u0161an Kranjc - puzonistaDu\u0161an Kranjc - trombonist - Pro Musica<\/title>\n<meta name=\"robots\" content=\"index, follow, max-snippet:-1, max-image-preview:large, max-video-preview:-1\" \/>\n<link rel=\"canonical\" href=\"https:\/\/promusica.org.pl\/en\/dusan-kranjc-puzonista\/\" \/>\n<meta property=\"og:locale\" content=\"en_US\" \/>\n<meta property=\"og:type\" content=\"article\" \/>\n<meta property=\"og:title\" content=\"Du\u0161an Kranjc - puzonistaDu\u0161an Kranjc - trombonist - Pro Musica\" \/>\n<meta property=\"og:description\" content=\"Du\u0161an Kranjc\u00a0graduated as a trombone soloist at the university in Ljubljana. For several years he has been principle trombone player at the Slowenic Philharmonic Orchestra and the Mozarteum Orchestra Salzburg. Later on he studied with Branimir Slokar in Trossingen (Germany). Actually he is theaching at the university for music in Ljubljana and in music school...\" \/>\n<meta property=\"og:url\" content=\"https:\/\/promusica.org.pl\/en\/dusan-kranjc-puzonista\/\" \/>\n<meta property=\"og:site_name\" content=\"Pro Musica\" \/>\n<meta property=\"article:modified_time\" content=\"2023-04-12T16:14:30+00:00\" \/>\n<meta property=\"og:image\" content=\"http:\/\/promusica.org.pl\/assets\/Dusan-Kranjc-2023-999x999.jpg\" \/>\n<meta name=\"twitter:label1\" content=\"Est. reading time\" \/>\n\t<meta name=\"twitter:data1\" content=\"2 minutes\" \/>\n<script type=\"application\/ld+json\" class=\"yoast-schema-graph\">{\"@context\":\"https:\/\/schema.org\",\"@graph\":[{\"@type\":\"WebPage\",\"@id\":\"https:\/\/promusica.org.pl\/en\/dusan-kranjc-puzonista\/\",\"url\":\"https:\/\/promusica.org.pl\/en\/dusan-kranjc-puzonista\/\",\"name\":\"Du\u0161an Kranjc - puzonistaDu\u0161an Kranjc - trombonist - Pro Musica\",\"isPartOf\":{\"@id\":\"https:\/\/promusica.org.pl\/en\/#website\"},\"primaryImageOfPage\":{\"@id\":\"https:\/\/promusica.org.pl\/en\/dusan-kranjc-puzonista\/#primaryimage\"},\"image\":{\"@id\":\"https:\/\/promusica.org.pl\/dusan-kranjc-puzonista\/#primaryimage\"},\"thumbnailUrl\":\"http:\/\/promusica.org.pl\/assets\/Dusan-Kranjc-2023-999x999.jpg\",\"datePublished\":\"2023-04-08T09:27:22+00:00\",\"dateModified\":\"2023-04-12T16:14:30+00:00\",\"breadcrumb\":{\"@id\":\"https:\/\/promusica.org.pl\/en\/dusan-kranjc-puzonista\/#breadcrumb\"},\"inLanguage\":\"en-US\",\"potentialAction\":[{\"@type\":\"ReadAction\",\"target\":[[\"https:\/\/promusica.org.pl\/en\/dusan-kranjc-puzonista\/\"]]}]},{\"@type\":\"ImageObject\",\"inLanguage\":\"en-US\",\"@id\":\"https:\/\/promusica.org.pl\/en\/dusan-kranjc-puzonista\/#primaryimage\",\"url\":\"http:\/\/promusica.org.pl\/assets\/Dusan-Kranjc-2023-999x999.jpg\",\"contentUrl\":\"http:\/\/promusica.org.pl\/assets\/Dusan-Kranjc-2023-999x999.jpg\"},{\"@type\":\"BreadcrumbList\",\"@id\":\"https:\/\/promusica.org.pl\/en\/dusan-kranjc-puzonista\/#breadcrumb\",\"itemListElement\":[{\"@type\":\"ListItem\",\"position\":1,\"name\":\"Strona g\u0142\u00f3wna\",\"item\":\"https:\/\/promusica.org.pl\/en\/\"},{\"@type\":\"ListItem\",\"position\":2,\"name\":\"Du\u0161an Kranjc &#8211; puzonista\"}]},{\"@type\":\"WebSite\",\"@id\":\"https:\/\/promusica.org.pl\/en\/#website\",\"url\":\"https:\/\/promusica.org.pl\/en\/\",\"name\":\"Pro Musica\",\"description\":\"warsztaty muzyczne, warsztaty orkiestrowe, konkurs na instrumenty solo\",\"publisher\":{\"@id\":\"https:\/\/promusica.org.pl\/en\/#organization\"},\"potentialAction\":[{\"@type\":\"SearchAction\",\"target\":{\"@type\":\"EntryPoint\",\"urlTemplate\":\"https:\/\/promusica.org.pl\/en\/?s={search_term_string}\"},\"query-input\":{\"@type\":\"PropertyValueSpecification\",\"valueRequired\":true,\"valueName\":\"search_term_string\"}}],\"inLanguage\":\"en-US\"},{\"@type\":\"Organization\",\"@id\":\"https:\/\/promusica.org.pl\/en\/#organization\",\"name\":\"Pro Musica\",\"url\":\"https:\/\/promusica.org.pl\/en\/\",\"logo\":{\"@type\":\"ImageObject\",\"inLanguage\":\"en-US\",\"@id\":\"https:\/\/promusica.org.pl\/en\/#\/schema\/logo\/image\/\",\"url\":\"https:\/\/promusica.org.pl\/assets\/cropped-logo.jpg\",\"contentUrl\":\"https:\/\/promusica.org.pl\/assets\/cropped-logo.jpg\",\"width\":239,\"height\":95,\"caption\":\"Pro Musica\"},\"image\":{\"@id\":\"https:\/\/promusica.org.pl\/en\/#\/schema\/logo\/image\/\"}}]}<\/script>\n<!-- \/ Yoast SEO plugin. -->","yoast_head_json":{"title":"Du\u0161an Kranjc - puzonistaDu\u0161an Kranjc - trombonist - Pro Musica","robots":{"index":"index","follow":"follow","max-snippet":"max-snippet:-1","max-image-preview":"max-image-preview:large","max-video-preview":"max-video-preview:-1"},"canonical":"https:\/\/promusica.org.pl\/en\/dusan-kranjc-puzonista\/","og_locale":"en_US","og_type":"article","og_title":"Du\u0161an Kranjc - puzonistaDu\u0161an Kranjc - trombonist - Pro Musica","og_description":"Du\u0161an Kranjc\u00a0graduated as a trombone soloist at the university in Ljubljana. For several years he has been principle trombone player at the Slowenic Philharmonic Orchestra and the Mozarteum Orchestra Salzburg. Later on he studied with Branimir Slokar in Trossingen (Germany). Actually he is theaching at the university for music in Ljubljana and in music school...","og_url":"https:\/\/promusica.org.pl\/en\/dusan-kranjc-puzonista\/","og_site_name":"Pro Musica","article_modified_time":"2023-04-12T16:14:30+00:00","og_image":[{"url":"http:\/\/promusica.org.pl\/assets\/Dusan-Kranjc-2023-999x999.jpg","type":"","width":"","height":""}],"twitter_misc":{"Est. reading time":"2 minutes"},"schema":{"@context":"https:\/\/schema.org","@graph":[{"@type":"WebPage","@id":"https:\/\/promusica.org.pl\/en\/dusan-kranjc-puzonista\/","url":"https:\/\/promusica.org.pl\/en\/dusan-kranjc-puzonista\/","name":"Du\u0161an Kranjc - puzonistaDu\u0161an Kranjc - trombonist - Pro Musica","isPartOf":{"@id":"https:\/\/promusica.org.pl\/en\/#website"},"primaryImageOfPage":{"@id":"https:\/\/promusica.org.pl\/en\/dusan-kranjc-puzonista\/#primaryimage"},"image":{"@id":"https:\/\/promusica.org.pl\/dusan-kranjc-puzonista\/#primaryimage"},"thumbnailUrl":"http:\/\/promusica.org.pl\/assets\/Dusan-Kranjc-2023-999x999.jpg","datePublished":"2023-04-08T09:27:22+00:00","dateModified":"2023-04-12T16:14:30+00:00","breadcrumb":{"@id":"https:\/\/promusica.org.pl\/en\/dusan-kranjc-puzonista\/#breadcrumb"},"inLanguage":"en-US","potentialAction":[{"@type":"ReadAction","target":[["https:\/\/promusica.org.pl\/en\/dusan-kranjc-puzonista\/"]]}]},{"@type":"ImageObject","inLanguage":"en-US","@id":"https:\/\/promusica.org.pl\/en\/dusan-kranjc-puzonista\/#primaryimage","url":"http:\/\/promusica.org.pl\/assets\/Dusan-Kranjc-2023-999x999.jpg","contentUrl":"http:\/\/promusica.org.pl\/assets\/Dusan-Kranjc-2023-999x999.jpg"},{"@type":"BreadcrumbList","@id":"https:\/\/promusica.org.pl\/en\/dusan-kranjc-puzonista\/#breadcrumb","itemListElement":[{"@type":"ListItem","position":1,"name":"Strona g\u0142\u00f3wna","item":"https:\/\/promusica.org.pl\/en\/"},{"@type":"ListItem","position":2,"name":"Du\u0161an Kranjc &#8211; puzonista"}]},{"@type":"WebSite","@id":"https:\/\/promusica.org.pl\/en\/#website","url":"https:\/\/promusica.org.pl\/en\/","name":"Pro Musica","description":"warsztaty muzyczne, warsztaty orkiestrowe, konkurs na instrumenty solo","publisher":{"@id":"https:\/\/promusica.org.pl\/en\/#organization"},"potentialAction":[{"@type":"SearchAction","target":{"@type":"EntryPoint","urlTemplate":"https:\/\/promusica.org.pl\/en\/?s={search_term_string}"},"query-input":{"@type":"PropertyValueSpecification","valueRequired":true,"valueName":"search_term_string"}}],"inLanguage":"en-US"},{"@type":"Organization","@id":"https:\/\/promusica.org.pl\/en\/#organization","name":"Pro Musica","url":"https:\/\/promusica.org.pl\/en\/","logo":{"@type":"ImageObject","inLanguage":"en-US","@id":"https:\/\/promusica.org.pl\/en\/#\/schema\/logo\/image\/","url":"https:\/\/promusica.org.pl\/assets\/cropped-logo.jpg","contentUrl":"https:\/\/promusica.org.pl\/assets\/cropped-logo.jpg","width":239,"height":95,"caption":"Pro Musica"},"image":{"@id":"https:\/\/promusica.org.pl\/en\/#\/schema\/logo\/image\/"}}]}},"_links":{"self":[{"href":"https:\/\/promusica.org.pl\/en\/wp-json\/wp\/v2\/pages\/3621","targetHints":{"allow":["GET"]}}],"collection":[{"href":"https:\/\/promusica.org.pl\/en\/wp-json\/wp\/v2\/pages"}],"about":[{"href":"https:\/\/promusica.org.pl\/en\/wp-json\/wp\/v2\/types\/page"}],"author":[{"embeddable":true,"href":"https:\/\/promusica.org.pl\/en\/wp-json\/wp\/v2\/users\/1"}],"replies":[{"embeddable":true,"href":"https:\/\/promusica.org.pl\/en\/wp-json\/wp\/v2\/comments?post=3621"}],"version-history":[{"count":4,"href":"https:\/\/promusica.org.pl\/en\/wp-json\/wp\/v2\/pages\/3621\/revisions"}],"predecessor-version":[{"id":3742,"href":"https:\/\/promusica.org.pl\/en\/wp-json\/wp\/v2\/pages\/3621\/revisions\/3742"}],"wp:attachment":[{"href":"https:\/\/promusica.org.pl\/en\/wp-json\/wp\/v2\/media?parent=3621"}],"curies":[{"name":"wp","href":"https:\/\/api.w.org\/{rel}","templated":true}]}}