{"id":3619,"date":"2023-04-08T09:26:17","date_gmt":"2023-04-08T09:26:17","guid":{"rendered":"http:\/\/promusica.org.pl\/?page_id=3619"},"modified":"2023-04-12T16:13:08","modified_gmt":"2023-04-12T16:13:08","slug":"ales-klancar-trebacz","status":"publish","type":"page","link":"https:\/\/promusica.org.pl\/en\/ales-klancar-trebacz\/","title":{"rendered":"Ale\u0161 Klan\u010dar &#8211; trumpetist"},"content":{"rendered":"<p><img loading=\"lazy\" decoding=\"async\" class=\" wp-image-3669 alignleft\" src=\"http:\/\/promusica.org.pl\/assets\/Ales-Klancar-2023-999x999.jpg\" alt=\"Ales Klancar 2023\" width=\"194\" height=\"194\" \/>Ale\u0161 Klan\u010dar (born 1981) started playing the trumpet at age of 11. During his studies, he won several national competitions and prizes and in 2015 he took his Master Degree in Fine Arts at the Malm\u00f6 Academy of Music (Sweden), graduating in the class of the world-renowned soloist and professor H\u00e5kan Hardenberger. In addition, he was frequently attending masterclasses and taking lessons with other established professors such as Bo Nilsson, Stephen Burns, Stanko Arnold, Matthias H\u00f6fs, Rex Martin, Gabriele Cassone, Thomas Stevens\u2026<\/p>\n<p>Under the influence of his professor H\u00e5kan Hardenberger he began focusing on contemporary classical music and after finishing his studies he started to collaborate with various international ensembles. Today he is a regular member of Remix Ensemble Casa da Musica (Portugal) and Insomnio ensemble (the Netherlands). In addition, he often performs with other European ensembles for contemporary music such as MusikFabrik (Germany), KlangForum (Austria), Contrechamps (Switzerland), Ensemble Schwerpunkt (Germany), Ensemble Ars Nova (Sweden), Athelas Sinfonietta (Denmark), Ives ensemble (the Netherlands) among others. He performed under the baton of several renowned conductors, including Peter Rundel, Pascal Roph\u00e9, Emilio Pomarico, P\u00e9ter E\u00f6tv\u00f6s and played on many prominent festivals world-wide such as Acht Br\u00fccken (K\u00f6ln), Warsaw Autumn, Axes Festival (Krakow), Donaueschingen Festival, Ultraschall (Berlin), Wien Modern, Time of Music (Viitasaari), Wittener Tage f\u00fcr neue Kammermusik, Printemps des arts (Monte-Carlo), Agora Festival Paris, Autumn Sound (Chengdu), New music Week (Shanghai), Lincoln Center Festival (New York), Festival d\u2019Automne (Pariz), Musikfest (Berlin), Copenhagen Avantgarde Music Festival (Copenhagen), Slowind festival (Ljubljana). During his musical career, he collaborated with numerous symphony and opera orchestras (Gothenburg Symphony Orchestra, Royal Stockholm Philharmonic, Royal Danish Opera, Malm\u00f6 Symphony Orchestra, Copenhagen Philharmonic, Aalborg Symphony Orchestra, Malm\u00f6 Opera, Turku Symphony Orchestra, Slovenian Philharmonic\u2026) and he also performed as a soloist with Radio Orchestra WDR, Korean Chamber Orchestra, Remix ensemble, Insomnio ensemble, Malm\u00f6 Symphony Orchestra, Slovenian Philharmonic, latest being the Danish premier of Olga Neuwirth\u2019s trumpet concerto \u2013 Miramondo multiplo with Athelas sinfonietta in March this year.<\/p>\n<p>Lately he has also been devoting his attention to teaching young musicians at music summer courses and daily seminars as well as participating in the jury panels of music competitions.<\/p>\n<p>Ale\u0161 Klan\u010dar is a Yamaha performing artist.<\/p>","protected":false},"excerpt":{"rendered":"<p>Ale\u0161 Klan\u010dar (born 1981) started playing the trumpet at age of 11. During his studies, he won several national competitions and prizes and in 2015 he took his Master Degree in Fine Arts at the Malm\u00f6 Academy of Music (Sweden), graduating in the class of the world-renowned soloist and professor H\u00e5kan Hardenberger. In addition, he&#8230;<\/p>\n","protected":false},"author":1,"featured_media":0,"parent":0,"menu_order":0,"comment_status":"closed","ping_status":"closed","template":"","meta":{"_kad_post_transparent":"","_kad_post_title":"","_kad_post_layout":"","_kad_post_sidebar_id":"","_kad_post_content_style":"","_kad_post_vertical_padding":"","_kad_post_feature":"","_kad_post_feature_position":"","_kad_post_header":false,"_kad_post_footer":false,"footnotes":""},"class_list":["post-3619","page","type-page","status-publish","hentry"],"yoast_head":"<!-- This site is optimized with the Yoast SEO plugin v26.4 - https:\/\/yoast.com\/wordpress\/plugins\/seo\/ -->\n<title>Ale\u0161 Klan\u010dar \u2013 tr\u0119baczAle\u0161 Klan\u010dar - trumpetist - Pro Musica<\/title>\n<meta name=\"robots\" content=\"index, follow, max-snippet:-1, max-image-preview:large, max-video-preview:-1\" \/>\n<link rel=\"canonical\" href=\"https:\/\/promusica.org.pl\/en\/ales-klancar-trebacz\/\" \/>\n<meta property=\"og:locale\" content=\"en_US\" \/>\n<meta property=\"og:type\" content=\"article\" \/>\n<meta property=\"og:title\" content=\"Ale\u0161 Klan\u010dar \u2013 tr\u0119baczAle\u0161 Klan\u010dar - trumpetist - Pro Musica\" \/>\n<meta property=\"og:description\" content=\"Ale\u0161 Klan\u010dar (born 1981) started playing the trumpet at age of 11. During his studies, he won several national competitions and prizes and in 2015 he took his Master Degree in Fine Arts at the Malm\u00f6 Academy of Music (Sweden), graduating in the class of the world-renowned soloist and professor H\u00e5kan Hardenberger. In addition, he...\" \/>\n<meta property=\"og:url\" content=\"https:\/\/promusica.org.pl\/en\/ales-klancar-trebacz\/\" \/>\n<meta property=\"og:site_name\" content=\"Pro Musica\" \/>\n<meta property=\"article:modified_time\" content=\"2023-04-12T16:13:08+00:00\" \/>\n<meta property=\"og:image\" content=\"http:\/\/promusica.org.pl\/assets\/Ales-Klancar-2023-999x999.jpg\" \/>\n<meta name=\"twitter:label1\" content=\"Est. reading time\" \/>\n\t<meta name=\"twitter:data1\" content=\"4 minutes\" \/>\n<script type=\"application\/ld+json\" class=\"yoast-schema-graph\">{\"@context\":\"https:\/\/schema.org\",\"@graph\":[{\"@type\":\"WebPage\",\"@id\":\"https:\/\/promusica.org.pl\/en\/ales-klancar-trebacz\/\",\"url\":\"https:\/\/promusica.org.pl\/en\/ales-klancar-trebacz\/\",\"name\":\"Ale\u0161 Klan\u010dar \u2013 tr\u0119baczAle\u0161 Klan\u010dar - trumpetist - Pro Musica\",\"isPartOf\":{\"@id\":\"https:\/\/promusica.org.pl\/en\/#website\"},\"primaryImageOfPage\":{\"@id\":\"https:\/\/promusica.org.pl\/en\/ales-klancar-trebacz\/#primaryimage\"},\"image\":{\"@id\":\"https:\/\/promusica.org.pl\/ales-klancar-trebacz\/#primaryimage\"},\"thumbnailUrl\":\"http:\/\/promusica.org.pl\/assets\/Ales-Klancar-2023-999x999.jpg\",\"datePublished\":\"2023-04-08T09:26:17+00:00\",\"dateModified\":\"2023-04-12T16:13:08+00:00\",\"breadcrumb\":{\"@id\":\"https:\/\/promusica.org.pl\/en\/ales-klancar-trebacz\/#breadcrumb\"},\"inLanguage\":\"en-US\",\"potentialAction\":[{\"@type\":\"ReadAction\",\"target\":[[\"https:\/\/promusica.org.pl\/en\/ales-klancar-trebacz\/\"]]}]},{\"@type\":\"ImageObject\",\"inLanguage\":\"en-US\",\"@id\":\"https:\/\/promusica.org.pl\/en\/ales-klancar-trebacz\/#primaryimage\",\"url\":\"http:\/\/promusica.org.pl\/assets\/Ales-Klancar-2023-999x999.jpg\",\"contentUrl\":\"http:\/\/promusica.org.pl\/assets\/Ales-Klancar-2023-999x999.jpg\"},{\"@type\":\"BreadcrumbList\",\"@id\":\"https:\/\/promusica.org.pl\/en\/ales-klancar-trebacz\/#breadcrumb\",\"itemListElement\":[{\"@type\":\"ListItem\",\"position\":1,\"name\":\"Strona g\u0142\u00f3wna\",\"item\":\"https:\/\/promusica.org.pl\/en\/\"},{\"@type\":\"ListItem\",\"position\":2,\"name\":\"Ale\u0161 Klan\u010dar \u2013 tr\u0119bacz\"}]},{\"@type\":\"WebSite\",\"@id\":\"https:\/\/promusica.org.pl\/en\/#website\",\"url\":\"https:\/\/promusica.org.pl\/en\/\",\"name\":\"Pro Musica\",\"description\":\"warsztaty muzyczne, warsztaty orkiestrowe, konkurs na instrumenty solo\",\"publisher\":{\"@id\":\"https:\/\/promusica.org.pl\/en\/#organization\"},\"potentialAction\":[{\"@type\":\"SearchAction\",\"target\":{\"@type\":\"EntryPoint\",\"urlTemplate\":\"https:\/\/promusica.org.pl\/en\/?s={search_term_string}\"},\"query-input\":{\"@type\":\"PropertyValueSpecification\",\"valueRequired\":true,\"valueName\":\"search_term_string\"}}],\"inLanguage\":\"en-US\"},{\"@type\":\"Organization\",\"@id\":\"https:\/\/promusica.org.pl\/en\/#organization\",\"name\":\"Pro Musica\",\"url\":\"https:\/\/promusica.org.pl\/en\/\",\"logo\":{\"@type\":\"ImageObject\",\"inLanguage\":\"en-US\",\"@id\":\"https:\/\/promusica.org.pl\/en\/#\/schema\/logo\/image\/\",\"url\":\"https:\/\/promusica.org.pl\/assets\/cropped-logo.jpg\",\"contentUrl\":\"https:\/\/promusica.org.pl\/assets\/cropped-logo.jpg\",\"width\":239,\"height\":95,\"caption\":\"Pro Musica\"},\"image\":{\"@id\":\"https:\/\/promusica.org.pl\/en\/#\/schema\/logo\/image\/\"}}]}<\/script>\n<!-- \/ Yoast SEO plugin. -->","yoast_head_json":{"title":"Ale\u0161 Klan\u010dar \u2013 tr\u0119baczAle\u0161 Klan\u010dar - trumpetist - Pro Musica","robots":{"index":"index","follow":"follow","max-snippet":"max-snippet:-1","max-image-preview":"max-image-preview:large","max-video-preview":"max-video-preview:-1"},"canonical":"https:\/\/promusica.org.pl\/en\/ales-klancar-trebacz\/","og_locale":"en_US","og_type":"article","og_title":"Ale\u0161 Klan\u010dar \u2013 tr\u0119baczAle\u0161 Klan\u010dar - trumpetist - Pro Musica","og_description":"Ale\u0161 Klan\u010dar (born 1981) started playing the trumpet at age of 11. During his studies, he won several national competitions and prizes and in 2015 he took his Master Degree in Fine Arts at the Malm\u00f6 Academy of Music (Sweden), graduating in the class of the world-renowned soloist and professor H\u00e5kan Hardenberger. In addition, he...","og_url":"https:\/\/promusica.org.pl\/en\/ales-klancar-trebacz\/","og_site_name":"Pro Musica","article_modified_time":"2023-04-12T16:13:08+00:00","og_image":[{"url":"http:\/\/promusica.org.pl\/assets\/Ales-Klancar-2023-999x999.jpg","type":"","width":"","height":""}],"twitter_misc":{"Est. reading time":"4 minutes"},"schema":{"@context":"https:\/\/schema.org","@graph":[{"@type":"WebPage","@id":"https:\/\/promusica.org.pl\/en\/ales-klancar-trebacz\/","url":"https:\/\/promusica.org.pl\/en\/ales-klancar-trebacz\/","name":"Ale\u0161 Klan\u010dar \u2013 tr\u0119baczAle\u0161 Klan\u010dar - trumpetist - Pro Musica","isPartOf":{"@id":"https:\/\/promusica.org.pl\/en\/#website"},"primaryImageOfPage":{"@id":"https:\/\/promusica.org.pl\/en\/ales-klancar-trebacz\/#primaryimage"},"image":{"@id":"https:\/\/promusica.org.pl\/ales-klancar-trebacz\/#primaryimage"},"thumbnailUrl":"http:\/\/promusica.org.pl\/assets\/Ales-Klancar-2023-999x999.jpg","datePublished":"2023-04-08T09:26:17+00:00","dateModified":"2023-04-12T16:13:08+00:00","breadcrumb":{"@id":"https:\/\/promusica.org.pl\/en\/ales-klancar-trebacz\/#breadcrumb"},"inLanguage":"en-US","potentialAction":[{"@type":"ReadAction","target":[["https:\/\/promusica.org.pl\/en\/ales-klancar-trebacz\/"]]}]},{"@type":"ImageObject","inLanguage":"en-US","@id":"https:\/\/promusica.org.pl\/en\/ales-klancar-trebacz\/#primaryimage","url":"http:\/\/promusica.org.pl\/assets\/Ales-Klancar-2023-999x999.jpg","contentUrl":"http:\/\/promusica.org.pl\/assets\/Ales-Klancar-2023-999x999.jpg"},{"@type":"BreadcrumbList","@id":"https:\/\/promusica.org.pl\/en\/ales-klancar-trebacz\/#breadcrumb","itemListElement":[{"@type":"ListItem","position":1,"name":"Strona g\u0142\u00f3wna","item":"https:\/\/promusica.org.pl\/en\/"},{"@type":"ListItem","position":2,"name":"Ale\u0161 Klan\u010dar \u2013 tr\u0119bacz"}]},{"@type":"WebSite","@id":"https:\/\/promusica.org.pl\/en\/#website","url":"https:\/\/promusica.org.pl\/en\/","name":"Pro Musica","description":"warsztaty muzyczne, warsztaty orkiestrowe, konkurs na instrumenty solo","publisher":{"@id":"https:\/\/promusica.org.pl\/en\/#organization"},"potentialAction":[{"@type":"SearchAction","target":{"@type":"EntryPoint","urlTemplate":"https:\/\/promusica.org.pl\/en\/?s={search_term_string}"},"query-input":{"@type":"PropertyValueSpecification","valueRequired":true,"valueName":"search_term_string"}}],"inLanguage":"en-US"},{"@type":"Organization","@id":"https:\/\/promusica.org.pl\/en\/#organization","name":"Pro Musica","url":"https:\/\/promusica.org.pl\/en\/","logo":{"@type":"ImageObject","inLanguage":"en-US","@id":"https:\/\/promusica.org.pl\/en\/#\/schema\/logo\/image\/","url":"https:\/\/promusica.org.pl\/assets\/cropped-logo.jpg","contentUrl":"https:\/\/promusica.org.pl\/assets\/cropped-logo.jpg","width":239,"height":95,"caption":"Pro Musica"},"image":{"@id":"https:\/\/promusica.org.pl\/en\/#\/schema\/logo\/image\/"}}]}},"_links":{"self":[{"href":"https:\/\/promusica.org.pl\/en\/wp-json\/wp\/v2\/pages\/3619","targetHints":{"allow":["GET"]}}],"collection":[{"href":"https:\/\/promusica.org.pl\/en\/wp-json\/wp\/v2\/pages"}],"about":[{"href":"https:\/\/promusica.org.pl\/en\/wp-json\/wp\/v2\/types\/page"}],"author":[{"embeddable":true,"href":"https:\/\/promusica.org.pl\/en\/wp-json\/wp\/v2\/users\/1"}],"replies":[{"embeddable":true,"href":"https:\/\/promusica.org.pl\/en\/wp-json\/wp\/v2\/comments?post=3619"}],"version-history":[{"count":5,"href":"https:\/\/promusica.org.pl\/en\/wp-json\/wp\/v2\/pages\/3619\/revisions"}],"predecessor-version":[{"id":3739,"href":"https:\/\/promusica.org.pl\/en\/wp-json\/wp\/v2\/pages\/3619\/revisions\/3739"}],"wp:attachment":[{"href":"https:\/\/promusica.org.pl\/en\/wp-json\/wp\/v2\/media?parent=3619"}],"curies":[{"name":"wp","href":"https:\/\/api.w.org\/{rel}","templated":true}]}}