{"id":323,"date":"2015-03-24T22:03:04","date_gmt":"2015-03-24T22:03:04","guid":{"rendered":"http:\/\/promusica.org.pl\/?page_id=323"},"modified":"2016-04-11T07:41:02","modified_gmt":"2016-04-11T07:41:02","slug":"junior-orchestra","status":"publish","type":"page","link":"https:\/\/promusica.org.pl\/en\/junior-orchestra\/","title":{"rendered":"Summer Orchestra Workshop SOW 2016 Suprasl &#8211; Junior Orchestra"},"content":{"rendered":"<p><\/p>\n<p><p>&nbsp;<\/p>\n<h1>International Summer Orchestra Workshop\u00a0in Suprasl &#8220;<\/h1>\n<h3>17th &#8211; 22nd August 2015<\/h3>\n<p>conductor \/ conductor: Andrea Loss (I)<\/p>\n<p><strong>The Pro Musica Foundation and Culture Center in Supra\u015bl\u00a0<\/strong>\u00a0would like to cordially invite you to the charming little resort town of Suprasl.<\/p>\n<p>Peacefully located near the serene Knyszynska Forest, This town is the perfect setting for active recreation, tourism, and makes a fantastic location for a summer music camp!<\/p>\n<p>Young musicians will have the opportunity to train under the watchful eye of some of the most respected conductors<\/p>\n<p>and professors in Europe. Students will have the opportunity to refine their talents whilst participating in chamber ensembles<\/p>\n<p>and orchestra rehearsals. This camp will provide a fantastic, fun, learning environment for your young musician to hone their respective skills.<\/p>\n<p>Every day, for 4 hours young musicians will be extensively trained in the sections under the guidance of the best Polish and foreign professors. Orchestral rehearsal and final concert will be led by internationally renowned conductor Andrea Loss.<\/p>\n<p>&nbsp;<\/p>\n<h3>Windband Orchestra Camp offers:<\/h3>\n<p>&#8211; will be led by a well known\u00a0conductor with a several international achievements:\u00a0Andrea Loss<\/p>\n<p>&#8211; There will be six days of intensive training at a professional level, In addition to the afternoon recreational activities planned for the students. Taking advantage of \u00a0 \u00a0all the surrounding area has to offer in beautiful Suprasl.<\/p>\n<p>&#8211; training under the expert guidance of well recognized Polish and foreign professors<\/p>\n<p>&#8211; A repertoire of masterpieces and modern windband arrangements including movie hits.<\/p>\n<p>&#8211; Instrument sections will have a chance to hone already existing skills in chamber concerts conducted by sections over 2 days<\/p>\n<p>&#8211; Culminating in 2 final concert performances in front of an audience<\/p>\n<p><strong>Age of participants 8-13\u00a0years \u00a0old. Difficulty: Medium 1-2 (on a scale of 1-6).<\/strong><\/p>\n<p><strong>\u00a0<\/strong><\/p>\n<p>I<strong>nstruments in the orchestra:<\/strong> piccolo, flute, oboe, bassoon, clarinet, bass clarinet, alto saxophone, tenor saxophone, baritone saxophone, French horn, trumpet, trombone, euphonium, tuba, percussion different instruments, cello, double bass, harp, piano.<\/p>\n<p><strong>Course fee: 400\u00a0PLN ( ACCOMMODATION not included)<\/strong><\/p>\n<p><strong>A deposit of 200PLNmust be made\u00a0till\u00a015may\u00a0 to secure limited seats<\/strong><\/p>\n<h3><span style=\"color: #ff0000;\">Promotion Fee 300PLN \u00a0for participants registered till 20th APRIL<\/span><\/h3>\n<p>You can pay hereby by PayPal after registration or directly on account:<\/p>\n<p><em>Bia\u0142ostocka Fundacja Pro Musica<\/em><\/p>\n<p><em>ul. Korzeniowskiego 19<\/em><\/p>\n<p><em>15-519 Bia\u0142ystok<\/em><\/p>\n<p><em>Bank\u00a0BGZ BNP Paribas S.A.<\/em><\/p>\n<p>Oddzia\u0142 w Bialymstoku<\/p>\n<p>ul Mazowiecka 48<\/p>\n<p>15-302 Bialystok<\/p>\n<p><em>BIC (SWIFT): GOPZPLPW<\/em><\/p>\n<p><em>IBAN (Nr konta) PL59203000451110000004066350\u00a0<\/em>(with name and surname of participant , type of orchestra)<\/p>\n<p>Or PayPal<\/p>\n<p><input alt=\"PayPal \u2014 P\u0142a\u0107 wygodnie i bezpiecznie\" name=\"submit\" src=\"https:\/\/www.paypalobjects.com\/pl_PL\/PL\/i\/btn\/btn_buynowCC_LG.gif\" type=\"image\" \/><img loading=\"lazy\" decoding=\"async\" src=\"https:\/\/www.paypalobjects.com\/pl_PL\/i\/scr\/pixel.gif\" alt=\"\" width=\"1\" height=\"1\" border=\"0\" \/><\/p>\n<form action=\"https:\/\/www.paypal.com\/cgi-bin\/webscr\" method=\"post\" target=\"_top\">Faculty team: <em>Conductor<\/em>: Andrea Loss ,<em>flute<\/em> Magdalena Jakubowska Puchalska , <em>clarinet<\/em> Krzysztof Zbijowski, <em>oboe \/ bassoon<\/em> Luca Neccia, <em>saxophone<\/em> S\u0142awomir Bielski , <em>trumpet \/ euphonium<\/em> Paul Wroblewski,<em> trombone \/ tuba \u00a0<\/em>\u00a0Marius Balcytis,<em> horn<\/em>\u00a0Tomasz Czeka\u0142a, <em>percussion<\/em>\u00a0Lukasz Zamaryka<\/p>\n<h4><strong>DEADLINE 15 May\u00a02016<\/strong><\/h4>\n<p>registration form<\/p>\n<h3><a class=\"btn\" title=\"Rejestracja\" href=\"https:\/\/promusica.org.pl\/en\/rejestracja-sow-2016\/\">formularz rejestracji<\/a><\/h3>\n<p>Contact:<\/p>\n<p>email:<\/p>\n<h4>sekretariat.promusica@gmail.com\u00a0, Tel +48603188108<\/h4>\n<p><strong>Accommodation<\/strong>: 5 days x 35zl = 175 PLN in pensions in Suprasl + under the constant supervision of windband instuctors<\/p>\n<p>&#8220;Stokrotka&#8221;-Pension<\/p>\n<p>Meals: 6 days x 35 = 210\u00a0PLN includes breakfast, lunch, and dinner (last day breakfast and lunch) in the restaurant &#8220;Incognito&#8221; in Suprasl<\/p>\n<p>You can opt out of accommodation and meals unfortunately you will have to organize other arrangements individually.<\/p>\n<p>&nbsp;<\/p>\n<p>&nbsp;<\/p>\n<p><strong><a href=\"http:\/\/promusica.org.pl\/assets\/Page1.jpg\"><img loading=\"lazy\" decoding=\"async\" class=\"alignleft  wp-image-507\" src=\"http:\/\/promusica.org.pl\/assets\/Page1.jpg\" alt=\"Page1\" width=\"244\" height=\"162\" \/><\/a><\/strong>\u00a0<strong>Recommended: Hotel Supra\u015bl<\/strong><\/p>\n<p>Hotel Supra\u015bl \u00a0offers for the participants and their families a 20% discount:<\/p>\n<p>1 person room with breakfast: 150 PLN<\/p>\n<p>Room 2 pers. Breakfast: 180 PLN<\/p>\n<p>Room 3 pers. Breakfast; 240 PLN<\/p>\n<p>&nbsp;<\/p>\n<p>Our distinguised instructor cadre:<\/p>\n<h4><\/h4>\n<h4>Conductor<\/h4>\n<p><img loading=\"lazy\" decoding=\"async\" class=\"alignleft thumbnail size-full wp-image-73\" src=\"http:\/\/promusica.org.pl\/assets\/loss.jpg\" alt=\"loss\" width=\"250\" height=\"168\" \/><strong>\u00a0Andrea Loss<\/strong><\/p>\n<p>Graduated at the Conservatory in Udine (Clarinet) and studied conducting with Jan Cober (NL), Ronald Johnson (USA), \u00a0Felix Hauswirth (CH) , Isaac Karabtchevsky (BR), Diego Dini Ciacci (I) orchestration , harmony , composition and singing.<\/p>\n<p>He conducted several wind orchestra in Italy, Europe, and USA. He is the principal conductor of the \u201cOrchestra di fiati \u00a0Rosmini \u201d from Rovereto (I), Orchestra di Fiati della Provincia di Vicenza (I) , Banda cittadina Peschiera del Garda (I), Corpo \u00a0bandistico di Lizzana (I) and he is teacher and artistic director of ISEB (Wind Band European Institute ).<\/p>\n<hr class=\"clearfix\" \/>\n<h3>Leading artists<\/h3>\n<p>&nbsp;<\/p>\n<p>&nbsp;<\/p>\n<p><strong>Clarinet.<\/strong><\/p>\n<p><a href=\"http:\/\/promusica.org.pl\/assets\/Wojciech-Dunaj.jpg\"><img loading=\"lazy\" decoding=\"async\" class=\"  wp-image-1327 alignleft\" src=\"http:\/\/promusica.org.pl\/assets\/Wojciech-Dunaj.jpg\" alt=\"Wojciech Dunaj\" width=\"232\" height=\"334\" \/><\/a>Wojciech Dunaj. Graduated e Faculty of Instrumental &#8211; Pedagogic University Fryderyk Chopin clarinet class of prof. Benjamin Prze\u017adzi\u0119k. Doctor in music &#8211; Academy of Music. K. Lipinski in Wroc\u0142aw. Winner of the XXVI National Competition for Young Instrumentalists in W\u0142oszakowice.<\/p>\n<p>Performs as a soloist, chamber and orchestral musician.Clarinetist in the orchestra of the Opera and Philharmonic, recorded many albums and played\u00a0concerts in\u00a0Europe and Asia. Cooperation with Kevin Kenner, which performed chamber music of Romantic composers. Worked with the Theatre &#8220;Wierszalin&#8221;, with which he has performed on the stages of many theaters in Poland and abroad (UK, USA, Canada).<\/p>\n<p>For more than 20 years of experience in the teaching of music. He is an assistant professor at the University of Music F. Chopin and teacher of clarinet class in Complex School of Music in Bialystok. Leads\u00a0different\u00a0music courses.<\/p>\n<p>&nbsp;<\/p>\n<p><img loading=\"lazy\" decoding=\"async\" class=\"alignleft thumbnail size-full wp-image-101\" src=\"http:\/\/promusica.org.pl\/assets\/fotoluca5-e1421137250894.jpg\" alt=\"foto Luca  Neccia\" width=\"250\" height=\"359\" \/><\/p>\n<p><strong>Luca Neccia<\/strong><\/p>\n<p><strong>Oboe<\/strong>. Born in Italy, graduate at the Conservatory \u201eL. Refice\u201d in Frosinone. After that, he improved his skills under the guide of A. Loppi at the Academy \u201eSanta Cecilia\u201d in Rome, and A. Negroni (principal oboe at the \u201eScala\u201d theater, Milan).<\/p>\n<p>He partecipated in several courses, in 1995 in Austria with Martin Gabriel (principal oboe at the \u201eWiener Philarmoniker), in 1997 in Poland with Ingo Goritzki for oboe and Aurele Nicolet for chamber music.<\/p>\n<p>In 1998 joined the \u201eCyprus chamber orchestra\u201d.<\/p>\n<p>From 2001 principal oboe at the Podlasie Opera and Philarmonic in Bialystok, Poland.<\/p>\n<p>In 2006 formed the ensemble \u201e orchestra di otto\u201d with whom recorded a CD of Mozart\u2019s Serenades for wind, celebrating the 300ht anniversary of Mozart\u2019s birthday.<\/p>\n<p>&nbsp;<\/p>\n<p>&nbsp;<\/p>\n<p>&nbsp;<\/p>\n<p>&nbsp;<\/p>\n<p><a href=\"http:\/\/promusica.org.pl\/assets\/magda-j-puchalska.jpg\" rel=\"lightbox-1\"><img loading=\"lazy\" decoding=\"async\" class=\"alignleft thumbnail  wp-image-129\" src=\"http:\/\/promusica.org.pl\/assets\/magda-j-puchalska-696x999.jpg\" alt=\"magda j puchalska\" width=\"260\" height=\"373\" \/><\/a><\/p>\n<p><strong>Magdalena Jakubowska Puchalska<\/strong><\/p>\n<p><strong>Flute.<\/strong> Graduated in 1984( flute) Lodz Academy of Music. perfected skills at master classes in Poland (Duszniki-Zdroj), Italy(Sermoneta), Germany (Bayreuth). Participated in international competitions flute (Mark-Neu-Kirchen, Geneva, Paris). Winner of the National Flute Competition in Wloszakowice.<\/p>\n<p>First flutist Symphony Orchestra Podlasie Opera and Philharmonic. Often performs as a soloist with the Symphony Orchestra and Chamber Orchestra (radio shows \u201cLive\u201d, conducted by Jerzy Maksymiuk), \u201cArs Iuvenumd (Austria, Belarus).<\/p>\n<p>Since 1999 flute teacher in Music School in Bia\u0142ystok, her students are studying in Switzerland, France, the United Kingdom and were winners in national flute competitions .<\/p>\n<p>&nbsp;<\/p>\n<p>&nbsp;<\/p>\n<p>&nbsp;<\/p>\n<p>&nbsp;<\/p>\n<p>&nbsp;<\/p>\n<p>&nbsp;<\/p>\n<p>&nbsp;<\/p>\n<p><strong>\u00a0<\/strong><strong>\u00a0<\/strong><\/p>\n<p>&nbsp;<\/p>\n<p>&nbsp;<\/p>\n<p>&nbsp;<\/p>\n<p><img loading=\"lazy\" decoding=\"async\" class=\"alignleft thumbnail  wp-image-203\" src=\"http:\/\/promusica.org.pl\/assets\/Zdj%C4%99cie-zamaryka-749x999.jpg\" alt=\"Zdj\u0119cie zamaryka\" width=\"197\" height=\"263\" \/><\/p>\n<p><strong>\u00a0\u0141ukasz Zamaryka<\/strong><\/p>\n<p><strong>\u00a0Percussion<\/strong>. Graduated Department of Percussion Music Academy in Poznan in Marian Rapczewski , Edward Iwickiego and Jacek \u00a0Wota class . Perfected skills at master classes conducted by . John Beck, Katarzyna My\u0107ka, David Friedman. During his studies he \u00a0cooperated with Poznan Philharmony, Grand Theatre in Poznan, Poznan Musical Theatre, Kielce Philharmonic , Krakow \u00a0Philharmonicy, Silesian Philharmonic in Jelenia Gora. Has concerts in Sweden, Norway, Finland, Estonia, Great Britain, Kuwait, \u00a0Russia, Germany. Since 2008 drummer in Opera and Philharmonic in Bia\u0142ystok, percussion teacher at Music School in Bialystok.<\/p>\n<p>&nbsp;<\/p>\n<p>&nbsp;<\/p>\n<p>&nbsp;<\/p>\n<p>&nbsp;<\/p>\n<p>&nbsp;<\/p>\n<p><strong>\u00a0Saxophone.<\/strong><\/p>\n<p><strong><img loading=\"lazy\" decoding=\"async\" class=\"alignleft  wp-image-120\" src=\"http:\/\/promusica.org.pl\/assets\/Bielski-S\u0142awomir1-749x999.jpg\" alt=\"S Bielski\" width=\"234\" height=\"312\" \/>S\u0142awomir Bielski.<\/strong>\u00a0Graduated at the University of Music in Warsaw (clarinet).Postgraduate studies in saxophone at Music Academy. I. J. Paderewski in Poznan with dr. Darius Samolej. Perfected his studies with \u00a0Wildy Zumwalda and Patrick Meighan. He participated in courses and masterclasses led by Ed Bogard, Jean Marie Londeix, Joseph Wytko, Claude Delangle. He has concerts in Russia and Croatia, and Pomeranian Saxophone Festival in Szczecin, Nowa Sol, Korzuchowie. Since 1992 he teaches saxophone at the Music School in Bia\u0142ystok.<\/p>\n<p>&nbsp;<\/p>\n<p>&nbsp;<\/p>\n<p>&nbsp;<\/p>\n<p>&nbsp;<\/p>\n<p>&nbsp;<\/p>\n<p>&nbsp;<\/p>\n<p>&nbsp;<\/p>\n<p>&nbsp;<\/p>\n<p><strong>\u00a0Trumpet , Horn , Euphonium<\/strong><\/p>\n<p><strong><img loading=\"lazy\" decoding=\"async\" class=\"alignleft thumbnail size-full wp-image-92\" src=\"http:\/\/promusica.org.pl\/assets\/T.Witek_.jpg\" alt=\"T.Witek\" width=\"250\" height=\"359\" \/>Tomasz Witek<\/strong><\/p>\n<p>Graduated at Music Academy of Frederic Chopin in Warsaw 1993-1995 (trumpet) and Chopin Academy of Music in Warsaw, \u00a0\/ 1995-1998 instrumental-pedagogical faculty, class trumpet.<\/p>\n<p>Works in the Podlasie Opera and Philharmonic from 1995 first trumpet. Since 1996, trumpet teacher in Music Schools. IJPaderewski in Bialystok .In 2005, the founder and leader of Big-Band ZSM in Bia\u0142ystok. From 2006 proffesor on chamber ensembles Big Band at the Fryderyk Chopin University of Music filia in Bia\u0142ystok . In 2007 the show-band trumpeter in the ship-Oceania Cruises Insignia.<\/p>\n<p>He has concerts and participated in various musical projects-stage \/ Germany, Austria, Belgium, the Netherlands, France, Lithuania, Latvia, Russia, China, Egypt, Brazil, Argentina &#8230; \/<\/p>\n<p>&nbsp;<\/p>\n<p>&nbsp;<\/p>\n<p>&nbsp;<\/p>\n<p>&nbsp;<\/p>\n<p>&nbsp;<\/p>\n<p><strong>Cello<\/strong><\/p>\n<p><strong>\u00a0E<img loading=\"lazy\" decoding=\"async\" class=\"alignleft  wp-image-872\" src=\"http:\/\/promusica.org.pl\/assets\/Ewa-\u0141o\u015b.jpg\" alt=\"Ewa \u0141o\u015b\" width=\"202\" height=\"164\" \/>wa\u00a0\u0141o\u015b<\/strong>. A great teacher\u00a0and musician. Graduated \u00a0Chopin University\u00a0of Music in Warsaw \u00a0in 1983 in class of \u00a0Prof. Andrzej Zielinski. Participated in many corses e.g.\u00a0summer courses in Salzburg with Prof. Daniel Szafran. From 35 years \u00a0cellist in the orchestra Bialystok Philharmonic nowy Podlasie Opera and Philharmonic. 32 years teaching in the Complex Music Schools \u00a0in Bialystok.<\/p>\n<p>&nbsp;<\/p>\n<p>&nbsp;<\/p>\n<p>&nbsp;<\/p>\n<p>&nbsp;<\/p>\n<p><a href=\"http:\/\/promusica.org.pl\/assets\/Wojciech-Rolek-tuba.jpg\"><img loading=\"lazy\" decoding=\"async\" class=\"  wp-image-1131 alignleft\" src=\"http:\/\/promusica.org.pl\/assets\/Wojciech-Rolek-tuba.jpg\" alt=\"Wojciech Rolek tuba\" width=\"248\" height=\"175\" \/><\/a>\u00a0<strong>Tuba , Trombone , Saxhorn . <\/strong><\/p>\n<p><strong>Wojciech Rolek<\/strong> . \u00a0graduated with honors from the Academy of Music in Cracow in the tube class of \u00a0 Jacob Urba\u0144czyk . The program Socrates &#8211; Erasmus exchanged on\u00a0\u00a0Hochschule f\u00fcr Musik and Performing Arts , Frankfurt am Main in the class Siegfried Jung.\u00a0Scholarship &#8211;\u00a0Ministry of Culture and National Heritage &#8220;Young Poland &#8221; . Since 2007, a tuba player Podlasie Opera and Philharmonic in Bia\u0142ystok. Teacher in \u00a0tube and saxhorn class and \u00a0in Complex Music Schools . I. J. Paderewski in Bialystok and the State School of Music I and II degree in Suwalki. From 2013 he collaborates with the University of Music of Frederic Chopin , the Department of Instrumental &#8211; Pedagogy in Bialystok , teaching in the classroom and the tube leading chamber ensembles .<\/p>\n<p>&nbsp;<\/p>\n<p>&nbsp;<\/p>\n<p>&nbsp;<\/p>\n<p><strong>In collaboration with:<\/strong><\/p>\n<p>&nbsp;<\/p>\n<p>&nbsp;<\/p>\n<p><img loading=\"lazy\" decoding=\"async\" class=\"alignleft  wp-image-599\" src=\"http:\/\/promusica.org.pl\/assets\/YAMAHA_czarne_na_bialym.jpg\" alt=\"YAMAHA_czarne_na_bialym\" width=\"374\" height=\"95\" \/><\/p>\n<p><a href=\"http:\/\/promusica.org.pl\/assets\/LogoCKIRsuprasl-e1421141678141.png\"><img loading=\"lazy\" decoding=\"async\" class=\"  wp-image-107 aligncenter\" src=\"http:\/\/promusica.org.pl\/assets\/LogoCKIRsuprasl-e1421141678141.png\" alt=\"LogoCKIRsuprasl\" width=\"178\" height=\"172\" \/><\/a><\/p>\n<\/form>\n<p><\/p>","protected":false},"excerpt":{"rendered":"<p>&nbsp; International Summer Orchestra Workshop\u00a0in Suprasl &#8220; 17th &#8211; 22nd August 2015 conductor \/ conductor: Andrea Loss (I) The Pro Musica Foundation and Culture Center in Supra\u015bl\u00a0\u00a0would like to cordially invite you to the charming little resort town of Suprasl. Peacefully located near the serene Knyszynska Forest, This town is the perfect setting for active&#8230;<\/p>\n","protected":false},"author":1,"featured_media":0,"parent":0,"menu_order":0,"comment_status":"closed","ping_status":"open","template":"","meta":{"_kad_post_transparent":"","_kad_post_title":"","_kad_post_layout":"","_kad_post_sidebar_id":"","_kad_post_content_style":"","_kad_post_vertical_padding":"","_kad_post_feature":"","_kad_post_feature_position":"","_kad_post_header":false,"_kad_post_footer":false,"footnotes":""},"class_list":["post-323","page","type-page","status-publish","hentry"],"yoast_head":"<!-- This site is optimized with the Yoast SEO plugin v26.4 - https:\/\/yoast.com\/wordpress\/plugins\/seo\/ -->\n<title>Letnie Warsztaty Orkiestrowe SOW 2016 Supra\u015bl - Junior OrchestraSummer Orchestra Workshop SOW 2016 Suprasl - Junior Orchestra - Pro Musica<\/title>\n<meta name=\"robots\" content=\"index, follow, max-snippet:-1, max-image-preview:large, max-video-preview:-1\" \/>\n<link rel=\"canonical\" href=\"https:\/\/promusica.org.pl\/en\/junior-orchestra\/\" \/>\n<meta property=\"og:locale\" content=\"en_US\" \/>\n<meta property=\"og:type\" content=\"article\" \/>\n<meta property=\"og:title\" content=\"Letnie Warsztaty Orkiestrowe SOW 2016 Supra\u015bl - Junior OrchestraSummer Orchestra Workshop SOW 2016 Suprasl - Junior Orchestra - Pro Musica\" \/>\n<meta property=\"og:description\" content=\"&nbsp; International Summer Orchestra Workshop\u00a0in Suprasl &#8220; 17th &#8211; 22nd August 2015 conductor \/ conductor: Andrea Loss (I) The Pro Musica Foundation and Culture Center in Supra\u015bl\u00a0\u00a0would like to cordially invite you to the charming little resort town of Suprasl. Peacefully located near the serene Knyszynska Forest, This town is the perfect setting for active...\" \/>\n<meta property=\"og:url\" content=\"https:\/\/promusica.org.pl\/en\/junior-orchestra\/\" \/>\n<meta property=\"og:site_name\" content=\"Pro Musica\" \/>\n<meta property=\"article:modified_time\" content=\"2016-04-11T07:41:02+00:00\" \/>\n<meta property=\"og:image\" content=\"http:\/\/promusica.org.pl\/assets\/loss.jpg\" \/>\n<meta name=\"twitter:label1\" content=\"Est. reading time\" \/>\n\t<meta name=\"twitter:data1\" content=\"19 minutes\" \/>\n<script type=\"application\/ld+json\" class=\"yoast-schema-graph\">{\"@context\":\"https:\/\/schema.org\",\"@graph\":[{\"@type\":\"WebPage\",\"@id\":\"https:\/\/promusica.org.pl\/en\/junior-orchestra\/\",\"url\":\"https:\/\/promusica.org.pl\/en\/junior-orchestra\/\",\"name\":\"Letnie Warsztaty Orkiestrowe SOW 2016 Supra\u015bl - Junior OrchestraSummer Orchestra Workshop SOW 2016 Suprasl - Junior Orchestra - Pro Musica\",\"isPartOf\":{\"@id\":\"https:\/\/promusica.org.pl\/en\/#website\"},\"primaryImageOfPage\":{\"@id\":\"https:\/\/promusica.org.pl\/en\/junior-orchestra\/#primaryimage\"},\"image\":{\"@id\":\"https:\/\/promusica.org.pl\/junior-orchestra\/#primaryimage\"},\"thumbnailUrl\":\"http:\/\/promusica.org.pl\/assets\/loss.jpg\",\"datePublished\":\"2015-03-24T22:03:04+00:00\",\"dateModified\":\"2016-04-11T07:41:02+00:00\",\"breadcrumb\":{\"@id\":\"https:\/\/promusica.org.pl\/en\/junior-orchestra\/#breadcrumb\"},\"inLanguage\":\"en-US\",\"potentialAction\":[{\"@type\":\"ReadAction\",\"target\":[[\"https:\/\/promusica.org.pl\/en\/junior-orchestra\/\"]]}]},{\"@type\":\"ImageObject\",\"inLanguage\":\"en-US\",\"@id\":\"https:\/\/promusica.org.pl\/en\/junior-orchestra\/#primaryimage\",\"url\":\"http:\/\/promusica.org.pl\/assets\/loss.jpg\",\"contentUrl\":\"http:\/\/promusica.org.pl\/assets\/loss.jpg\"},{\"@type\":\"BreadcrumbList\",\"@id\":\"https:\/\/promusica.org.pl\/en\/junior-orchestra\/#breadcrumb\",\"itemListElement\":[{\"@type\":\"ListItem\",\"position\":1,\"name\":\"Strona g\u0142\u00f3wna\",\"item\":\"https:\/\/promusica.org.pl\/en\/\"},{\"@type\":\"ListItem\",\"position\":2,\"name\":\"Letnie Warsztaty Orkiestrowe SOW 2016 Supra\u015bl &#8211; Junior Orchestra\"}]},{\"@type\":\"WebSite\",\"@id\":\"https:\/\/promusica.org.pl\/en\/#website\",\"url\":\"https:\/\/promusica.org.pl\/en\/\",\"name\":\"Pro Musica\",\"description\":\"warsztaty muzyczne, warsztaty orkiestrowe, konkurs na instrumenty solo\",\"publisher\":{\"@id\":\"https:\/\/promusica.org.pl\/en\/#organization\"},\"potentialAction\":[{\"@type\":\"SearchAction\",\"target\":{\"@type\":\"EntryPoint\",\"urlTemplate\":\"https:\/\/promusica.org.pl\/en\/?s={search_term_string}\"},\"query-input\":{\"@type\":\"PropertyValueSpecification\",\"valueRequired\":true,\"valueName\":\"search_term_string\"}}],\"inLanguage\":\"en-US\"},{\"@type\":\"Organization\",\"@id\":\"https:\/\/promusica.org.pl\/en\/#organization\",\"name\":\"Pro Musica\",\"url\":\"https:\/\/promusica.org.pl\/en\/\",\"logo\":{\"@type\":\"ImageObject\",\"inLanguage\":\"en-US\",\"@id\":\"https:\/\/promusica.org.pl\/en\/#\/schema\/logo\/image\/\",\"url\":\"https:\/\/promusica.org.pl\/assets\/cropped-logo.jpg\",\"contentUrl\":\"https:\/\/promusica.org.pl\/assets\/cropped-logo.jpg\",\"width\":239,\"height\":95,\"caption\":\"Pro Musica\"},\"image\":{\"@id\":\"https:\/\/promusica.org.pl\/en\/#\/schema\/logo\/image\/\"}}]}<\/script>\n<!-- \/ Yoast SEO plugin. -->","yoast_head_json":{"title":"Letnie Warsztaty Orkiestrowe SOW 2016 Supra\u015bl - Junior OrchestraSummer Orchestra Workshop SOW 2016 Suprasl - Junior Orchestra - Pro Musica","robots":{"index":"index","follow":"follow","max-snippet":"max-snippet:-1","max-image-preview":"max-image-preview:large","max-video-preview":"max-video-preview:-1"},"canonical":"https:\/\/promusica.org.pl\/en\/junior-orchestra\/","og_locale":"en_US","og_type":"article","og_title":"Letnie Warsztaty Orkiestrowe SOW 2016 Supra\u015bl - Junior OrchestraSummer Orchestra Workshop SOW 2016 Suprasl - Junior Orchestra - Pro Musica","og_description":"&nbsp; International Summer Orchestra Workshop\u00a0in Suprasl &#8220; 17th &#8211; 22nd August 2015 conductor \/ conductor: Andrea Loss (I) The Pro Musica Foundation and Culture Center in Supra\u015bl\u00a0\u00a0would like to cordially invite you to the charming little resort town of Suprasl. Peacefully located near the serene Knyszynska Forest, This town is the perfect setting for active...","og_url":"https:\/\/promusica.org.pl\/en\/junior-orchestra\/","og_site_name":"Pro Musica","article_modified_time":"2016-04-11T07:41:02+00:00","og_image":[{"url":"http:\/\/promusica.org.pl\/assets\/loss.jpg","type":"","width":"","height":""}],"twitter_misc":{"Est. reading time":"19 minutes"},"schema":{"@context":"https:\/\/schema.org","@graph":[{"@type":"WebPage","@id":"https:\/\/promusica.org.pl\/en\/junior-orchestra\/","url":"https:\/\/promusica.org.pl\/en\/junior-orchestra\/","name":"Letnie Warsztaty Orkiestrowe SOW 2016 Supra\u015bl - Junior OrchestraSummer Orchestra Workshop SOW 2016 Suprasl - Junior Orchestra - Pro Musica","isPartOf":{"@id":"https:\/\/promusica.org.pl\/en\/#website"},"primaryImageOfPage":{"@id":"https:\/\/promusica.org.pl\/en\/junior-orchestra\/#primaryimage"},"image":{"@id":"https:\/\/promusica.org.pl\/junior-orchestra\/#primaryimage"},"thumbnailUrl":"http:\/\/promusica.org.pl\/assets\/loss.jpg","datePublished":"2015-03-24T22:03:04+00:00","dateModified":"2016-04-11T07:41:02+00:00","breadcrumb":{"@id":"https:\/\/promusica.org.pl\/en\/junior-orchestra\/#breadcrumb"},"inLanguage":"en-US","potentialAction":[{"@type":"ReadAction","target":[["https:\/\/promusica.org.pl\/en\/junior-orchestra\/"]]}]},{"@type":"ImageObject","inLanguage":"en-US","@id":"https:\/\/promusica.org.pl\/en\/junior-orchestra\/#primaryimage","url":"http:\/\/promusica.org.pl\/assets\/loss.jpg","contentUrl":"http:\/\/promusica.org.pl\/assets\/loss.jpg"},{"@type":"BreadcrumbList","@id":"https:\/\/promusica.org.pl\/en\/junior-orchestra\/#breadcrumb","itemListElement":[{"@type":"ListItem","position":1,"name":"Strona g\u0142\u00f3wna","item":"https:\/\/promusica.org.pl\/en\/"},{"@type":"ListItem","position":2,"name":"Letnie Warsztaty Orkiestrowe SOW 2016 Supra\u015bl &#8211; Junior Orchestra"}]},{"@type":"WebSite","@id":"https:\/\/promusica.org.pl\/en\/#website","url":"https:\/\/promusica.org.pl\/en\/","name":"Pro Musica","description":"warsztaty muzyczne, warsztaty orkiestrowe, konkurs na instrumenty solo","publisher":{"@id":"https:\/\/promusica.org.pl\/en\/#organization"},"potentialAction":[{"@type":"SearchAction","target":{"@type":"EntryPoint","urlTemplate":"https:\/\/promusica.org.pl\/en\/?s={search_term_string}"},"query-input":{"@type":"PropertyValueSpecification","valueRequired":true,"valueName":"search_term_string"}}],"inLanguage":"en-US"},{"@type":"Organization","@id":"https:\/\/promusica.org.pl\/en\/#organization","name":"Pro Musica","url":"https:\/\/promusica.org.pl\/en\/","logo":{"@type":"ImageObject","inLanguage":"en-US","@id":"https:\/\/promusica.org.pl\/en\/#\/schema\/logo\/image\/","url":"https:\/\/promusica.org.pl\/assets\/cropped-logo.jpg","contentUrl":"https:\/\/promusica.org.pl\/assets\/cropped-logo.jpg","width":239,"height":95,"caption":"Pro Musica"},"image":{"@id":"https:\/\/promusica.org.pl\/en\/#\/schema\/logo\/image\/"}}]}},"_links":{"self":[{"href":"https:\/\/promusica.org.pl\/en\/wp-json\/wp\/v2\/pages\/323","targetHints":{"allow":["GET"]}}],"collection":[{"href":"https:\/\/promusica.org.pl\/en\/wp-json\/wp\/v2\/pages"}],"about":[{"href":"https:\/\/promusica.org.pl\/en\/wp-json\/wp\/v2\/types\/page"}],"author":[{"embeddable":true,"href":"https:\/\/promusica.org.pl\/en\/wp-json\/wp\/v2\/users\/1"}],"replies":[{"embeddable":true,"href":"https:\/\/promusica.org.pl\/en\/wp-json\/wp\/v2\/comments?post=323"}],"version-history":[{"count":11,"href":"https:\/\/promusica.org.pl\/en\/wp-json\/wp\/v2\/pages\/323\/revisions"}],"predecessor-version":[{"id":1598,"href":"https:\/\/promusica.org.pl\/en\/wp-json\/wp\/v2\/pages\/323\/revisions\/1598"}],"wp:attachment":[{"href":"https:\/\/promusica.org.pl\/en\/wp-json\/wp\/v2\/media?parent=323"}],"curies":[{"name":"wp","href":"https:\/\/api.w.org\/{rel}","templated":true}]}}