{"id":2464,"date":"2018-05-17T09:39:26","date_gmt":"2018-05-17T09:39:26","guid":{"rendered":"http:\/\/promusica.org.pl\/?page_id=2464"},"modified":"2018-05-17T09:39:26","modified_gmt":"2018-05-17T09:39:26","slug":"rejestracja-dete-blaszane","status":"publish","type":"page","link":"https:\/\/promusica.org.pl\/en\/iii-miedzynarodowy-konkurs-instrumentow-detych-finalis-2018\/rejestracja-dete-blaszane\/","title":{"rendered":"Registration brass"},"content":{"rendered":"<p><iframe loading=\"lazy\" src=\"https:\/\/docs.google.com\/forms\/d\/e\/1FAIpQLScWa2ib6lhkFKx3E76qZURSq0kXpn1pRupMmSE-mH6-jCCzmA\/viewform?embedded=true\" width=\"870\" height=\"3300\" frameborder=\"0\" marginheight=\"0\" marginwidth=\"0\">\u0141aduj\u0119&#8230;<\/iframe><\/p>","protected":false},"excerpt":{"rendered":"<p>\u0141aduj\u0119&#8230;<\/p>\n","protected":false},"author":1,"featured_media":0,"parent":2364,"menu_order":0,"comment_status":"closed","ping_status":"closed","template":"","meta":{"_kad_post_transparent":"","_kad_post_title":"","_kad_post_layout":"","_kad_post_sidebar_id":"","_kad_post_content_style":"","_kad_post_vertical_padding":"","_kad_post_feature":"","_kad_post_feature_position":"","_kad_post_header":false,"_kad_post_footer":false,"footnotes":""},"class_list":["post-2464","page","type-page","status-publish","hentry"],"yoast_head":"<!-- This site is optimized with the Yoast SEO plugin v26.4 - https:\/\/yoast.com\/wordpress\/plugins\/seo\/ -->\n<title>Rejestracja d\u0119te blaszaneRegistration brass - Pro Musica<\/title>\n<meta name=\"robots\" content=\"index, follow, max-snippet:-1, max-image-preview:large, max-video-preview:-1\" \/>\n<link rel=\"canonical\" href=\"https:\/\/promusica.org.pl\/en\/iii-miedzynarodowy-konkurs-instrumentow-detych-finalis-2018\/rejestracja-dete-blaszane\/\" \/>\n<meta property=\"og:locale\" content=\"en_US\" \/>\n<meta property=\"og:type\" content=\"article\" \/>\n<meta property=\"og:title\" content=\"Rejestracja d\u0119te blaszaneRegistration brass - Pro Musica\" \/>\n<meta property=\"og:description\" content=\"\u0141aduj\u0119&#8230;\" \/>\n<meta property=\"og:url\" content=\"https:\/\/promusica.org.pl\/en\/iii-miedzynarodowy-konkurs-instrumentow-detych-finalis-2018\/rejestracja-dete-blaszane\/\" \/>\n<meta property=\"og:site_name\" content=\"Pro Musica\" \/>\n<script type=\"application\/ld+json\" class=\"yoast-schema-graph\">{\"@context\":\"https:\/\/schema.org\",\"@graph\":[{\"@type\":\"WebPage\",\"@id\":\"https:\/\/promusica.org.pl\/en\/iii-miedzynarodowy-konkurs-instrumentow-detych-finalis-2018\/rejestracja-dete-blaszane\/\",\"url\":\"https:\/\/promusica.org.pl\/en\/iii-miedzynarodowy-konkurs-instrumentow-detych-finalis-2018\/rejestracja-dete-blaszane\/\",\"name\":\"Rejestracja d\u0119te blaszaneRegistration brass - Pro Musica\",\"isPartOf\":{\"@id\":\"https:\/\/promusica.org.pl\/en\/#website\"},\"datePublished\":\"2018-05-17T09:39:26+00:00\",\"breadcrumb\":{\"@id\":\"https:\/\/promusica.org.pl\/en\/iii-miedzynarodowy-konkurs-instrumentow-detych-finalis-2018\/rejestracja-dete-blaszane\/#breadcrumb\"},\"inLanguage\":\"en-US\",\"potentialAction\":[{\"@type\":\"ReadAction\",\"target\":[[\"https:\/\/promusica.org.pl\/en\/iii-miedzynarodowy-konkurs-instrumentow-detych-finalis-2018\/rejestracja-dete-blaszane\/\"]]}]},{\"@type\":\"BreadcrumbList\",\"@id\":\"https:\/\/promusica.org.pl\/en\/iii-miedzynarodowy-konkurs-instrumentow-detych-finalis-2018\/rejestracja-dete-blaszane\/#breadcrumb\",\"itemListElement\":[{\"@type\":\"ListItem\",\"position\":1,\"name\":\"Strona g\u0142\u00f3wna\",\"item\":\"https:\/\/promusica.org.pl\/en\/\"},{\"@type\":\"ListItem\",\"position\":2,\"name\":\"III Mi\u0119dzynarodowy Konkurs Instrument\u00f3w D\u0119tych FINALIS 2018\",\"item\":\"https:\/\/promusica.org.pl\/en\/iii-miedzynarodowy-konkurs-instrumentow-detych-finalis-2018\/\"},{\"@type\":\"ListItem\",\"position\":3,\"name\":\"Rejestracja d\u0119te blaszane\"}]},{\"@type\":\"WebSite\",\"@id\":\"https:\/\/promusica.org.pl\/en\/#website\",\"url\":\"https:\/\/promusica.org.pl\/en\/\",\"name\":\"Pro Musica\",\"description\":\"warsztaty muzyczne, warsztaty orkiestrowe, konkurs na instrumenty solo\",\"publisher\":{\"@id\":\"https:\/\/promusica.org.pl\/en\/#organization\"},\"potentialAction\":[{\"@type\":\"SearchAction\",\"target\":{\"@type\":\"EntryPoint\",\"urlTemplate\":\"https:\/\/promusica.org.pl\/en\/?s={search_term_string}\"},\"query-input\":{\"@type\":\"PropertyValueSpecification\",\"valueRequired\":true,\"valueName\":\"search_term_string\"}}],\"inLanguage\":\"en-US\"},{\"@type\":\"Organization\",\"@id\":\"https:\/\/promusica.org.pl\/en\/#organization\",\"name\":\"Pro Musica\",\"url\":\"https:\/\/promusica.org.pl\/en\/\",\"logo\":{\"@type\":\"ImageObject\",\"inLanguage\":\"en-US\",\"@id\":\"https:\/\/promusica.org.pl\/en\/#\/schema\/logo\/image\/\",\"url\":\"https:\/\/promusica.org.pl\/assets\/cropped-logo.jpg\",\"contentUrl\":\"https:\/\/promusica.org.pl\/assets\/cropped-logo.jpg\",\"width\":239,\"height\":95,\"caption\":\"Pro Musica\"},\"image\":{\"@id\":\"https:\/\/promusica.org.pl\/en\/#\/schema\/logo\/image\/\"}}]}<\/script>\n<!-- \/ Yoast SEO plugin. -->","yoast_head_json":{"title":"Rejestracja d\u0119te blaszaneRegistration brass - Pro Musica","robots":{"index":"index","follow":"follow","max-snippet":"max-snippet:-1","max-image-preview":"max-image-preview:large","max-video-preview":"max-video-preview:-1"},"canonical":"https:\/\/promusica.org.pl\/en\/iii-miedzynarodowy-konkurs-instrumentow-detych-finalis-2018\/rejestracja-dete-blaszane\/","og_locale":"en_US","og_type":"article","og_title":"Rejestracja d\u0119te blaszaneRegistration brass - Pro Musica","og_description":"\u0141aduj\u0119&#8230;","og_url":"https:\/\/promusica.org.pl\/en\/iii-miedzynarodowy-konkurs-instrumentow-detych-finalis-2018\/rejestracja-dete-blaszane\/","og_site_name":"Pro Musica","schema":{"@context":"https:\/\/schema.org","@graph":[{"@type":"WebPage","@id":"https:\/\/promusica.org.pl\/en\/iii-miedzynarodowy-konkurs-instrumentow-detych-finalis-2018\/rejestracja-dete-blaszane\/","url":"https:\/\/promusica.org.pl\/en\/iii-miedzynarodowy-konkurs-instrumentow-detych-finalis-2018\/rejestracja-dete-blaszane\/","name":"Rejestracja d\u0119te blaszaneRegistration brass - Pro Musica","isPartOf":{"@id":"https:\/\/promusica.org.pl\/en\/#website"},"datePublished":"2018-05-17T09:39:26+00:00","breadcrumb":{"@id":"https:\/\/promusica.org.pl\/en\/iii-miedzynarodowy-konkurs-instrumentow-detych-finalis-2018\/rejestracja-dete-blaszane\/#breadcrumb"},"inLanguage":"en-US","potentialAction":[{"@type":"ReadAction","target":[["https:\/\/promusica.org.pl\/en\/iii-miedzynarodowy-konkurs-instrumentow-detych-finalis-2018\/rejestracja-dete-blaszane\/"]]}]},{"@type":"BreadcrumbList","@id":"https:\/\/promusica.org.pl\/en\/iii-miedzynarodowy-konkurs-instrumentow-detych-finalis-2018\/rejestracja-dete-blaszane\/#breadcrumb","itemListElement":[{"@type":"ListItem","position":1,"name":"Strona g\u0142\u00f3wna","item":"https:\/\/promusica.org.pl\/en\/"},{"@type":"ListItem","position":2,"name":"III Mi\u0119dzynarodowy Konkurs Instrument\u00f3w D\u0119tych FINALIS 2018","item":"https:\/\/promusica.org.pl\/en\/iii-miedzynarodowy-konkurs-instrumentow-detych-finalis-2018\/"},{"@type":"ListItem","position":3,"name":"Rejestracja d\u0119te blaszane"}]},{"@type":"WebSite","@id":"https:\/\/promusica.org.pl\/en\/#website","url":"https:\/\/promusica.org.pl\/en\/","name":"Pro Musica","description":"warsztaty muzyczne, warsztaty orkiestrowe, konkurs na instrumenty solo","publisher":{"@id":"https:\/\/promusica.org.pl\/en\/#organization"},"potentialAction":[{"@type":"SearchAction","target":{"@type":"EntryPoint","urlTemplate":"https:\/\/promusica.org.pl\/en\/?s={search_term_string}"},"query-input":{"@type":"PropertyValueSpecification","valueRequired":true,"valueName":"search_term_string"}}],"inLanguage":"en-US"},{"@type":"Organization","@id":"https:\/\/promusica.org.pl\/en\/#organization","name":"Pro Musica","url":"https:\/\/promusica.org.pl\/en\/","logo":{"@type":"ImageObject","inLanguage":"en-US","@id":"https:\/\/promusica.org.pl\/en\/#\/schema\/logo\/image\/","url":"https:\/\/promusica.org.pl\/assets\/cropped-logo.jpg","contentUrl":"https:\/\/promusica.org.pl\/assets\/cropped-logo.jpg","width":239,"height":95,"caption":"Pro Musica"},"image":{"@id":"https:\/\/promusica.org.pl\/en\/#\/schema\/logo\/image\/"}}]}},"_links":{"self":[{"href":"https:\/\/promusica.org.pl\/en\/wp-json\/wp\/v2\/pages\/2464","targetHints":{"allow":["GET"]}}],"collection":[{"href":"https:\/\/promusica.org.pl\/en\/wp-json\/wp\/v2\/pages"}],"about":[{"href":"https:\/\/promusica.org.pl\/en\/wp-json\/wp\/v2\/types\/page"}],"author":[{"embeddable":true,"href":"https:\/\/promusica.org.pl\/en\/wp-json\/wp\/v2\/users\/1"}],"replies":[{"embeddable":true,"href":"https:\/\/promusica.org.pl\/en\/wp-json\/wp\/v2\/comments?post=2464"}],"version-history":[{"count":2,"href":"https:\/\/promusica.org.pl\/en\/wp-json\/wp\/v2\/pages\/2464\/revisions"}],"predecessor-version":[{"id":3514,"href":"https:\/\/promusica.org.pl\/en\/wp-json\/wp\/v2\/pages\/2464\/revisions\/3514"}],"up":[{"embeddable":true,"href":"https:\/\/promusica.org.pl\/en\/wp-json\/wp\/v2\/pages\/2364"}],"wp:attachment":[{"href":"https:\/\/promusica.org.pl\/en\/wp-json\/wp\/v2\/media?parent=2464"}],"curies":[{"name":"wp","href":"https:\/\/api.w.org\/{rel}","templated":true}]}}