{"id":2415,"date":"2018-05-14T10:06:57","date_gmt":"2018-05-14T10:06:57","guid":{"rendered":"http:\/\/promusica.org.pl\/?page_id=2415"},"modified":"2018-11-05T08:27:04","modified_gmt":"2018-11-05T08:27:04","slug":"rozklad-przesluchan","status":"publish","type":"page","link":"https:\/\/promusica.org.pl\/en\/iii-miedzynarodowy-konkurs-instrumentow-detych-finalis-2018\/rozklad-przesluchan\/","title":{"rendered":"Schedule Finalis 2018"},"content":{"rendered":"<p><\/p>\n<p style=\"text-align: center;\"><a href=\"http:\/\/promusica.org.pl\/assets\/logo-finalis-t\u0142o-1.png\"><img loading=\"lazy\" decoding=\"async\" class=\"aligncenter size-full wp-image-2557\" src=\"http:\/\/promusica.org.pl\/assets\/logo-finalis-t\u0142o-1.png\" alt=\"logo finalis t\u0142o (1)\" width=\"595\" height=\"193\" \/><\/a><\/p>\n<h2 style=\"text-align: center;\">SCHEDULE<\/h2>\n<h2 style=\"text-align: center;\">III\u00a0INTERNATIONAL COMPETITION FOR WIND INSTRUMENTS<\/h2>\n<h2 style=\"text-align: center;\">\u00a0FINALIS 2018:<\/h2>\n<p>&nbsp;<\/p>\n<p>&nbsp;<\/p>\n<h3>DYSCYPLIN WOODWINDS :<\/h3>\n<h3><\/h3>\n<h3><span style=\"color: #0000ff;\"><a style=\"color: #0000ff;\" href=\"http:\/\/promusica.org.pl\/assets\/SCHEDULE-WOODWINDS-FINALIS-20181.pdf\">SCHEDULE WOODWINDS FINALIS 2018<\/a><\/span><\/h3>\n<p>&nbsp;<\/p>\n<p>&nbsp;<\/p>\n<h3>DYSCYPLIN BRASS :<\/h3>\n<h3><span style=\"color: #0000ff;\"><a style=\"color: #0000ff;\" href=\"http:\/\/promusica.org.pl\/assets\/SCHEDULE-BRASS-FINALIS-20181.pdf\">SCHEDULE -BRASS-FINALIS-2018<\/a><\/span><\/h3>\n<h3><\/h3>\n<p><\/p>","protected":false},"excerpt":{"rendered":"<p>SCHEDULE III\u00a0INTERNATIONAL COMPETITION FOR WIND INSTRUMENTS \u00a0FINALIS 2018: &nbsp; &nbsp; DYSCYPLIN WOODWINDS : SCHEDULE WOODWINDS FINALIS 2018 &nbsp; &nbsp; DYSCYPLIN BRASS : SCHEDULE -BRASS-FINALIS-2018<\/p>\n","protected":false},"author":1,"featured_media":0,"parent":2364,"menu_order":0,"comment_status":"closed","ping_status":"closed","template":"","meta":{"_kad_post_transparent":"","_kad_post_title":"","_kad_post_layout":"","_kad_post_sidebar_id":"","_kad_post_content_style":"","_kad_post_vertical_padding":"","_kad_post_feature":"","_kad_post_feature_position":"","_kad_post_header":false,"_kad_post_footer":false,"footnotes":""},"class_list":["post-2415","page","type-page","status-publish","hentry"],"yoast_head":"<!-- This site is optimized with the Yoast SEO plugin v26.4 - https:\/\/yoast.com\/wordpress\/plugins\/seo\/ -->\n<title>Rozk\u0142ad przes\u0142ucha\u0144Schedule Finalis 2018 - Pro Musica<\/title>\n<meta name=\"robots\" content=\"index, follow, max-snippet:-1, max-image-preview:large, max-video-preview:-1\" \/>\n<link rel=\"canonical\" href=\"https:\/\/promusica.org.pl\/en\/iii-miedzynarodowy-konkurs-instrumentow-detych-finalis-2018\/rozklad-przesluchan\/\" \/>\n<meta property=\"og:locale\" content=\"en_US\" \/>\n<meta property=\"og:type\" content=\"article\" \/>\n<meta property=\"og:title\" content=\"Rozk\u0142ad przes\u0142ucha\u0144Schedule Finalis 2018 - Pro Musica\" \/>\n<meta property=\"og:description\" content=\"SCHEDULE III\u00a0INTERNATIONAL COMPETITION FOR WIND INSTRUMENTS \u00a0FINALIS 2018: &nbsp; &nbsp; DYSCYPLIN WOODWINDS : SCHEDULE WOODWINDS FINALIS 2018 &nbsp; &nbsp; DYSCYPLIN BRASS : SCHEDULE -BRASS-FINALIS-2018\" \/>\n<meta property=\"og:url\" content=\"https:\/\/promusica.org.pl\/en\/iii-miedzynarodowy-konkurs-instrumentow-detych-finalis-2018\/rozklad-przesluchan\/\" \/>\n<meta property=\"og:site_name\" content=\"Pro Musica\" \/>\n<meta property=\"article:modified_time\" content=\"2018-11-05T08:27:04+00:00\" \/>\n<script type=\"application\/ld+json\" class=\"yoast-schema-graph\">{\"@context\":\"https:\/\/schema.org\",\"@graph\":[{\"@type\":\"WebPage\",\"@id\":\"https:\/\/promusica.org.pl\/en\/iii-miedzynarodowy-konkurs-instrumentow-detych-finalis-2018\/rozklad-przesluchan\/\",\"url\":\"https:\/\/promusica.org.pl\/en\/iii-miedzynarodowy-konkurs-instrumentow-detych-finalis-2018\/rozklad-przesluchan\/\",\"name\":\"Rozk\u0142ad przes\u0142ucha\u0144Schedule Finalis 2018 - Pro Musica\",\"isPartOf\":{\"@id\":\"https:\/\/promusica.org.pl\/en\/#website\"},\"datePublished\":\"2018-05-14T10:06:57+00:00\",\"dateModified\":\"2018-11-05T08:27:04+00:00\",\"breadcrumb\":{\"@id\":\"https:\/\/promusica.org.pl\/en\/iii-miedzynarodowy-konkurs-instrumentow-detych-finalis-2018\/rozklad-przesluchan\/#breadcrumb\"},\"inLanguage\":\"en-US\",\"potentialAction\":[{\"@type\":\"ReadAction\",\"target\":[[\"https:\/\/promusica.org.pl\/en\/iii-miedzynarodowy-konkurs-instrumentow-detych-finalis-2018\/rozklad-przesluchan\/\"]]}]},{\"@type\":\"BreadcrumbList\",\"@id\":\"https:\/\/promusica.org.pl\/en\/iii-miedzynarodowy-konkurs-instrumentow-detych-finalis-2018\/rozklad-przesluchan\/#breadcrumb\",\"itemListElement\":[{\"@type\":\"ListItem\",\"position\":1,\"name\":\"Strona g\u0142\u00f3wna\",\"item\":\"https:\/\/promusica.org.pl\/en\/\"},{\"@type\":\"ListItem\",\"position\":2,\"name\":\"III Mi\u0119dzynarodowy Konkurs Instrument\u00f3w D\u0119tych FINALIS 2018\",\"item\":\"https:\/\/promusica.org.pl\/en\/iii-miedzynarodowy-konkurs-instrumentow-detych-finalis-2018\/\"},{\"@type\":\"ListItem\",\"position\":3,\"name\":\"Rozk\u0142ad przes\u0142ucha\u0144\"}]},{\"@type\":\"WebSite\",\"@id\":\"https:\/\/promusica.org.pl\/en\/#website\",\"url\":\"https:\/\/promusica.org.pl\/en\/\",\"name\":\"Pro Musica\",\"description\":\"warsztaty muzyczne, warsztaty orkiestrowe, konkurs na instrumenty solo\",\"publisher\":{\"@id\":\"https:\/\/promusica.org.pl\/en\/#organization\"},\"potentialAction\":[{\"@type\":\"SearchAction\",\"target\":{\"@type\":\"EntryPoint\",\"urlTemplate\":\"https:\/\/promusica.org.pl\/en\/?s={search_term_string}\"},\"query-input\":{\"@type\":\"PropertyValueSpecification\",\"valueRequired\":true,\"valueName\":\"search_term_string\"}}],\"inLanguage\":\"en-US\"},{\"@type\":\"Organization\",\"@id\":\"https:\/\/promusica.org.pl\/en\/#organization\",\"name\":\"Pro Musica\",\"url\":\"https:\/\/promusica.org.pl\/en\/\",\"logo\":{\"@type\":\"ImageObject\",\"inLanguage\":\"en-US\",\"@id\":\"https:\/\/promusica.org.pl\/en\/#\/schema\/logo\/image\/\",\"url\":\"https:\/\/promusica.org.pl\/assets\/cropped-logo.jpg\",\"contentUrl\":\"https:\/\/promusica.org.pl\/assets\/cropped-logo.jpg\",\"width\":239,\"height\":95,\"caption\":\"Pro Musica\"},\"image\":{\"@id\":\"https:\/\/promusica.org.pl\/en\/#\/schema\/logo\/image\/\"}}]}<\/script>\n<!-- \/ Yoast SEO plugin. -->","yoast_head_json":{"title":"Rozk\u0142ad przes\u0142ucha\u0144Schedule Finalis 2018 - Pro Musica","robots":{"index":"index","follow":"follow","max-snippet":"max-snippet:-1","max-image-preview":"max-image-preview:large","max-video-preview":"max-video-preview:-1"},"canonical":"https:\/\/promusica.org.pl\/en\/iii-miedzynarodowy-konkurs-instrumentow-detych-finalis-2018\/rozklad-przesluchan\/","og_locale":"en_US","og_type":"article","og_title":"Rozk\u0142ad przes\u0142ucha\u0144Schedule Finalis 2018 - Pro Musica","og_description":"SCHEDULE III\u00a0INTERNATIONAL COMPETITION FOR WIND INSTRUMENTS \u00a0FINALIS 2018: &nbsp; &nbsp; DYSCYPLIN WOODWINDS : SCHEDULE WOODWINDS FINALIS 2018 &nbsp; &nbsp; DYSCYPLIN BRASS : SCHEDULE -BRASS-FINALIS-2018","og_url":"https:\/\/promusica.org.pl\/en\/iii-miedzynarodowy-konkurs-instrumentow-detych-finalis-2018\/rozklad-przesluchan\/","og_site_name":"Pro Musica","article_modified_time":"2018-11-05T08:27:04+00:00","schema":{"@context":"https:\/\/schema.org","@graph":[{"@type":"WebPage","@id":"https:\/\/promusica.org.pl\/en\/iii-miedzynarodowy-konkurs-instrumentow-detych-finalis-2018\/rozklad-przesluchan\/","url":"https:\/\/promusica.org.pl\/en\/iii-miedzynarodowy-konkurs-instrumentow-detych-finalis-2018\/rozklad-przesluchan\/","name":"Rozk\u0142ad przes\u0142ucha\u0144Schedule Finalis 2018 - Pro Musica","isPartOf":{"@id":"https:\/\/promusica.org.pl\/en\/#website"},"datePublished":"2018-05-14T10:06:57+00:00","dateModified":"2018-11-05T08:27:04+00:00","breadcrumb":{"@id":"https:\/\/promusica.org.pl\/en\/iii-miedzynarodowy-konkurs-instrumentow-detych-finalis-2018\/rozklad-przesluchan\/#breadcrumb"},"inLanguage":"en-US","potentialAction":[{"@type":"ReadAction","target":[["https:\/\/promusica.org.pl\/en\/iii-miedzynarodowy-konkurs-instrumentow-detych-finalis-2018\/rozklad-przesluchan\/"]]}]},{"@type":"BreadcrumbList","@id":"https:\/\/promusica.org.pl\/en\/iii-miedzynarodowy-konkurs-instrumentow-detych-finalis-2018\/rozklad-przesluchan\/#breadcrumb","itemListElement":[{"@type":"ListItem","position":1,"name":"Strona g\u0142\u00f3wna","item":"https:\/\/promusica.org.pl\/en\/"},{"@type":"ListItem","position":2,"name":"III Mi\u0119dzynarodowy Konkurs Instrument\u00f3w D\u0119tych FINALIS 2018","item":"https:\/\/promusica.org.pl\/en\/iii-miedzynarodowy-konkurs-instrumentow-detych-finalis-2018\/"},{"@type":"ListItem","position":3,"name":"Rozk\u0142ad przes\u0142ucha\u0144"}]},{"@type":"WebSite","@id":"https:\/\/promusica.org.pl\/en\/#website","url":"https:\/\/promusica.org.pl\/en\/","name":"Pro Musica","description":"warsztaty muzyczne, warsztaty orkiestrowe, konkurs na instrumenty solo","publisher":{"@id":"https:\/\/promusica.org.pl\/en\/#organization"},"potentialAction":[{"@type":"SearchAction","target":{"@type":"EntryPoint","urlTemplate":"https:\/\/promusica.org.pl\/en\/?s={search_term_string}"},"query-input":{"@type":"PropertyValueSpecification","valueRequired":true,"valueName":"search_term_string"}}],"inLanguage":"en-US"},{"@type":"Organization","@id":"https:\/\/promusica.org.pl\/en\/#organization","name":"Pro Musica","url":"https:\/\/promusica.org.pl\/en\/","logo":{"@type":"ImageObject","inLanguage":"en-US","@id":"https:\/\/promusica.org.pl\/en\/#\/schema\/logo\/image\/","url":"https:\/\/promusica.org.pl\/assets\/cropped-logo.jpg","contentUrl":"https:\/\/promusica.org.pl\/assets\/cropped-logo.jpg","width":239,"height":95,"caption":"Pro Musica"},"image":{"@id":"https:\/\/promusica.org.pl\/en\/#\/schema\/logo\/image\/"}}]}},"_links":{"self":[{"href":"https:\/\/promusica.org.pl\/en\/wp-json\/wp\/v2\/pages\/2415","targetHints":{"allow":["GET"]}}],"collection":[{"href":"https:\/\/promusica.org.pl\/en\/wp-json\/wp\/v2\/pages"}],"about":[{"href":"https:\/\/promusica.org.pl\/en\/wp-json\/wp\/v2\/types\/page"}],"author":[{"embeddable":true,"href":"https:\/\/promusica.org.pl\/en\/wp-json\/wp\/v2\/users\/1"}],"replies":[{"embeddable":true,"href":"https:\/\/promusica.org.pl\/en\/wp-json\/wp\/v2\/comments?post=2415"}],"version-history":[{"count":10,"href":"https:\/\/promusica.org.pl\/en\/wp-json\/wp\/v2\/pages\/2415\/revisions"}],"predecessor-version":[{"id":2575,"href":"https:\/\/promusica.org.pl\/en\/wp-json\/wp\/v2\/pages\/2415\/revisions\/2575"}],"up":[{"embeddable":true,"href":"https:\/\/promusica.org.pl\/en\/wp-json\/wp\/v2\/pages\/2364"}],"wp:attachment":[{"href":"https:\/\/promusica.org.pl\/en\/wp-json\/wp\/v2\/media?parent=2415"}],"curies":[{"name":"wp","href":"https:\/\/api.w.org\/{rel}","templated":true}]}}