{"id":2364,"date":"2018-04-18T11:16:31","date_gmt":"2018-04-18T11:16:31","guid":{"rendered":"http:\/\/promusica.org.pl\/?page_id=2364"},"modified":"2018-11-18T12:17:58","modified_gmt":"2018-11-18T12:17:58","slug":"iii-miedzynarodowy-konkurs-instrumentow-detych-finalis-2018","status":"publish","type":"page","link":"https:\/\/promusica.org.pl\/en\/iii-miedzynarodowy-konkurs-instrumentow-detych-finalis-2018\/","title":{"rendered":"III International Competition for Wind Instruments FINALIS 2018"},"content":{"rendered":"<p><\/p>\n<p>&nbsp;<\/p>\n<h4 style=\"text-align: center;\"><a href=\"http:\/\/promusica.org.pl\/assets\/Finalis-Druk-v3.jpg\"><img loading=\"lazy\" decoding=\"async\" class=\"aligncenter  wp-image-2536\" src=\"http:\/\/promusica.org.pl\/assets\/Finalis-Druk-v3.jpg\" alt=\"Finalis-Druk-v3\" width=\"954\" height=\"1350\" \/><\/a><\/h4>\n<h4 style=\"text-align: center;\"><\/h4>\n<h2 style=\"text-align: center;\"><span style=\"color: #0000ff;\">\u00a0<a style=\"color: #0000ff;\" href=\"http:\/\/promusica.org.pl\/assets\/Finalis2018-wyniki1.pdf\">Finalis2018 &#8211; wyniki<\/a>\/results<\/span><\/h2>\n<h4 style=\"text-align: center;\"><\/h4>\n<h4 style=\"text-align: center;\"><\/h4>\n<h4 style=\"text-align: center;\">\u00a0On 13\/11\/2018, the Head of the Ignacy Paderewski Complex Music Schools\u00a0 invites\u00a0 to the\u00a0saxophone recital of the finalis juror 2018.<\/h4>\n<p>Arvydas Kazlauskas saxophone and J\u00f3zef Kotowicz organ g.19.45-20.30 &#8211; in building ofComplex Music Schools -free admission\u00a0 .<\/p>\n<h4 style=\"text-align: center;\">On 13\/11\/2018, the Head of the Ignacy Paderewski Complex Music Schools\u00a0 invites\u00a0 to a concert on the occasion of the school feast, 5 pm, the Philharmonic hall.<\/h4>\n<h4 style=\"text-align: center;\">Free admission<\/h4>\n<p>&nbsp;<\/p>\n<h4 style=\"text-align: center;\">On 14.11.2018\u00a0a seminar will take place (in English)<\/h4>\n<h4 style=\"text-align: center;\">of prof. Francisco Javier Guti\u00e9rrez Juan: &#8220;The form march&#8221;.<\/h4>\n<h4 style=\"text-align: center;\">Participants have to pay the entry fee.<\/h4>\n<h4 style=\"text-align: center;\">Lecturers and teachers-free admission.<\/h4>\n<h4 style=\"text-align: center;\"><\/h4>\n<h4 style=\"text-align: center;\">\u00a0On November 16, 2014, a duet concert will\u00a0be performed.<\/h4>\n<h4 style=\"text-align: center;\">Claripiano: Dusan Sodja &amp; Tatjana Kaucic -Slovenia<\/h4>\n<h4 style=\"text-align: center;\">Free admission<\/h4>\n<p>&nbsp;<\/p>\n<h4 style=\"text-align: center;\"><\/h4>\n<h4 style=\"text-align: center;\"><\/h4>\n<h4 style=\"text-align: center;\"><strong><span style=\"color: #3366ff;\">ORGANIZERS OF THE COMPETITION<\/span><\/strong><\/h4>\n<p>&nbsp;<\/p>\n<p>&nbsp;<\/p>\n<p>&nbsp;<\/p>\n<p>&nbsp;<\/p>\n<figure id=\"attachment_1648\" aria-describedby=\"caption-attachment-1648\" style=\"width: 300px\" class=\"wp-caption alignleft\"><a href=\"http:\/\/promusica.org.pl\/assets\/logo-UMFC_firm\u00f3wka.jpg\"><img loading=\"lazy\" decoding=\"async\" class=\"wp-image-1648\" src=\"http:\/\/promusica.org.pl\/assets\/logo-UMFC_firm\u00f3wka-1170x775.jpg\" alt=\"logo+UMFC_firm\u00f3wka\" width=\"300\" height=\"199\" srcset=\"https:\/\/promusica.org.pl\/assets\/logo-UMFC_firm\u00f3wka-1170x775.jpg 1170w, https:\/\/promusica.org.pl\/assets\/logo-UMFC_firm\u00f3wka-160x106.jpg 160w, https:\/\/promusica.org.pl\/assets\/logo-UMFC_firm\u00f3wka.jpg 1189w\" sizes=\"auto, (max-width: 300px) 100vw, 300px\" \/><\/a><figcaption id=\"caption-attachment-1648\" class=\"wp-caption-text\">Music University of\u00a0\u00a0Fryderyk Chopin\u00a0Music Instrumental department<\/figcaption><\/figure>\n<figure id=\"attachment_2079\" aria-describedby=\"caption-attachment-2079\" style=\"width: 201px\" class=\"wp-caption alignleft\"><a href=\"http:\/\/promusica.org.pl\/assets\/PROmusica-1-1.jpg\"><img loading=\"lazy\" decoding=\"async\" class=\"wp-image-2079 size-full\" src=\"http:\/\/promusica.org.pl\/assets\/logo-zsm.png\" alt=\"logo zsm\" width=\"201\" height=\"188\" \/><\/a><figcaption id=\"caption-attachment-2079\" class=\"wp-caption-text\">Complex Music School of\u00a0\u00a0Ignacy Paderewski in Bialystok<\/figcaption><\/figure>\n<figure id=\"attachment_1649\" aria-describedby=\"caption-attachment-1649\" style=\"width: 278px\" class=\"wp-caption alignleft\"><img loading=\"lazy\" decoding=\"async\" class=\"wp-image-1649\" src=\"http:\/\/promusica.org.pl\/assets\/PROmusica-1-1.jpg\" alt=\"PROmusica (1) (1)\" width=\"278\" height=\"97\" srcset=\"https:\/\/promusica.org.pl\/assets\/PROmusica-1-1.jpg 3543w, https:\/\/promusica.org.pl\/assets\/PROmusica-1-1-1170x409.jpg 1170w\" sizes=\"auto, (max-width: 278px) 100vw, 278px\" \/><figcaption id=\"caption-attachment-1649\" class=\"wp-caption-text\">Bialystok Fundation Pro Musica<\/figcaption><\/figure>\n<p>&nbsp;<\/p>\n<p>&nbsp;<\/p>\n<p>&nbsp;<\/p>\n<p>&nbsp;<\/p>\n<p>&nbsp;<\/p>\n<p>&nbsp;<\/p>\n<h4 style=\"text-align: center;\"><\/h4>\n<p>&nbsp;<\/p>\n<p>&nbsp;<\/p>\n<p>&nbsp;<\/p>\n<h4 style=\"text-align: center;\"><\/h4>\n<h4 style=\"text-align: center;\"><\/h4>\n<h4 style=\"text-align: center;\"><span style=\"color: #3366ff;\">COOPERATION AND PARTNERSHIPS<\/span><\/h4>\n<p>&nbsp;<\/p>\n<p>&nbsp;<\/p>\n<p><img loading=\"lazy\" decoding=\"async\" class=\"  wp-image-1760 aligncenter\" src=\"http:\/\/promusica.org.pl\/assets\/OPERA_i_FILHARMONIA_PODLASKA_szarfa-1170x137.jpg\" alt=\"OPERA_i_FILHARMONIA_PODLASKA_szarfa\" width=\"641\" height=\"75\" \/><\/p>\n<p>&nbsp;<\/p>\n<p>&nbsp;<\/p>\n<p>&nbsp;<\/p>\n<p>&nbsp;<\/p>\n<p style=\"text-align: center;\">\u00a0<img loading=\"lazy\" decoding=\"async\" class=\"aligncenter size-full wp-image-2514\" src=\"http:\/\/promusica.org.pl\/assets\/Logo-Banda-Sinf\u00f3nica-Municipal-de-Sevilla.jpg\" alt=\"Logo-Banda-Sinf\u00f3nica-Municipal-de-Sevilla\" width=\"678\" height=\"334\" \/><\/p>\n<p style=\"text-align: center;\"><img loading=\"lazy\" decoding=\"async\" class=\" wp-image-1698 aligncenter\" src=\"http:\/\/promusica.org.pl\/assets\/Logo-wersja-ostateczna-\u0142om\u017ca-1170x839.jpg\" alt=\"Logo - wersja ostateczna \u0142om\u017ca\" width=\"193\" height=\"139\" srcset=\"https:\/\/promusica.org.pl\/assets\/Logo-wersja-ostateczna-\u0142om\u017ca-1170x839.jpg 1170w, https:\/\/promusica.org.pl\/assets\/Logo-wersja-ostateczna-\u0142om\u017ca.jpg 1840w\" sizes=\"auto, (max-width: 193px) 100vw, 193px\" \/><\/p>\n<p>&nbsp;<\/p>\n<p>&nbsp;<\/p>\n<p>&nbsp;<\/p>\n<p style=\"text-align: center;\"><img loading=\"lazy\" decoding=\"async\" class=\"aligncenter  wp-image-2506\" src=\"http:\/\/promusica.org.pl\/assets\/sosna-music-logo.png\" alt=\"sosna music logo\" width=\"455\" height=\"84\" \/><\/p>\n<p>&nbsp;<\/p>\n<p>&nbsp;<\/p>\n<p><img loading=\"lazy\" decoding=\"async\" class=\" wp-image-993 aligncenter\" src=\"http:\/\/promusica.org.pl\/assets\/propagator-logo-1170x254.jpg\" alt=\"propagator logo\" width=\"261\" height=\"57\" srcset=\"https:\/\/promusica.org.pl\/assets\/propagator-logo-1170x254.jpg 1170w, https:\/\/promusica.org.pl\/assets\/propagator-logo-1600x351.jpg 1600w, https:\/\/promusica.org.pl\/assets\/propagator-logo.jpg 1620w\" sizes=\"auto, (max-width: 261px) 100vw, 261px\" \/><\/p>\n<p>&nbsp;<\/p>\n<p>&nbsp;<\/p>\n<p><img loading=\"lazy\" decoding=\"async\" class=\"wp-image-1733 aligncenter\" src=\"http:\/\/promusica.org.pl\/assets\/logo-babka.jpg\" alt=\"logo babka\" width=\"160\" height=\"160\" \/><\/p>\n<p>&nbsp;<\/p>\n<p><img loading=\"lazy\" decoding=\"async\" class=\"  wp-image-682 aligncenter\" src=\"http:\/\/promusica.org.pl\/assets\/logo_CK.png\" alt=\"logo_CK\" width=\"171\" height=\"244\" \/><\/p>\n<p><img loading=\"lazy\" decoding=\"async\" class=\" size-full wp-image-916 aligncenter\" src=\"http:\/\/promusica.org.pl\/assets\/VENESSA-rest.jpg\" alt=\"VENESSA rest\" width=\"281\" height=\"107\" \/><\/p>\n<p>&nbsp;<\/p>\n<h4 style=\"text-align: center;\"><\/h4>\n<p>&nbsp;<\/p>\n<h4 style=\"text-align: center;\"><span style=\"color: #3366ff;\">CONTACTING E-MAIL<\/span><\/h4>\n<p>&nbsp;<\/p>\n<p style=\"text-align: center;\">sekretariat.promusica@gmail.com<\/p>\n<\/p>\n<p><\/p>","protected":false},"excerpt":{"rendered":"<p>&nbsp; \u00a0Finalis2018 &#8211; wyniki\/results \u00a0On 13\/11\/2018, the Head of the Ignacy Paderewski Complex Music Schools\u00a0 invites\u00a0 to the\u00a0saxophone recital of the finalis juror 2018. Arvydas Kazlauskas saxophone and J\u00f3zef Kotowicz organ g.19.45-20.30 &#8211; in building ofComplex Music Schools -free admission\u00a0 . On 13\/11\/2018, the Head of the Ignacy Paderewski Complex Music Schools\u00a0 invites\u00a0 to a&#8230;<\/p>\n","protected":false},"author":1,"featured_media":0,"parent":0,"menu_order":0,"comment_status":"closed","ping_status":"closed","template":"","meta":{"_kad_post_transparent":"","_kad_post_title":"","_kad_post_layout":"","_kad_post_sidebar_id":"","_kad_post_content_style":"","_kad_post_vertical_padding":"","_kad_post_feature":"","_kad_post_feature_position":"","_kad_post_header":false,"_kad_post_footer":false,"footnotes":""},"class_list":["post-2364","page","type-page","status-publish","hentry"],"yoast_head":"<!-- This site is optimized with the Yoast SEO plugin v26.4 - https:\/\/yoast.com\/wordpress\/plugins\/seo\/ -->\n<title>III Mi\u0119dzynarodowy Konkurs Instrument\u00f3w D\u0119tych FINALIS 2018III International Competition for Wind Instruments FINALIS 2018 - Pro Musica<\/title>\n<meta name=\"robots\" content=\"index, follow, max-snippet:-1, max-image-preview:large, max-video-preview:-1\" \/>\n<link rel=\"canonical\" href=\"https:\/\/promusica.org.pl\/en\/iii-miedzynarodowy-konkurs-instrumentow-detych-finalis-2018\/\" \/>\n<meta property=\"og:locale\" content=\"en_US\" \/>\n<meta property=\"og:type\" content=\"article\" \/>\n<meta property=\"og:title\" content=\"III Mi\u0119dzynarodowy Konkurs Instrument\u00f3w D\u0119tych FINALIS 2018III International Competition for Wind Instruments FINALIS 2018 - Pro Musica\" \/>\n<meta property=\"og:description\" content=\"&nbsp; \u00a0Finalis2018 &#8211; wyniki\/results \u00a0On 13\/11\/2018, the Head of the Ignacy Paderewski Complex Music Schools\u00a0 invites\u00a0 to the\u00a0saxophone recital of the finalis juror 2018. Arvydas Kazlauskas saxophone and J\u00f3zef Kotowicz organ g.19.45-20.30 &#8211; in building ofComplex Music Schools -free admission\u00a0 . On 13\/11\/2018, the Head of the Ignacy Paderewski Complex Music Schools\u00a0 invites\u00a0 to a...\" \/>\n<meta property=\"og:url\" content=\"https:\/\/promusica.org.pl\/en\/iii-miedzynarodowy-konkurs-instrumentow-detych-finalis-2018\/\" \/>\n<meta property=\"og:site_name\" content=\"Pro Musica\" \/>\n<meta property=\"article:modified_time\" content=\"2018-11-18T12:17:58+00:00\" \/>\n<meta property=\"og:image\" content=\"http:\/\/promusica.org.pl\/assets\/Finalis-Druk-v3.jpg\" \/>\n<meta name=\"twitter:label1\" content=\"Est. reading time\" \/>\n\t<meta name=\"twitter:data1\" content=\"2 minutes\" \/>\n<script type=\"application\/ld+json\" class=\"yoast-schema-graph\">{\"@context\":\"https:\/\/schema.org\",\"@graph\":[{\"@type\":\"WebPage\",\"@id\":\"https:\/\/promusica.org.pl\/en\/iii-miedzynarodowy-konkurs-instrumentow-detych-finalis-2018\/\",\"url\":\"https:\/\/promusica.org.pl\/en\/iii-miedzynarodowy-konkurs-instrumentow-detych-finalis-2018\/\",\"name\":\"III Mi\u0119dzynarodowy Konkurs Instrument\u00f3w D\u0119tych FINALIS 2018III International Competition for Wind Instruments FINALIS 2018 - Pro Musica\",\"isPartOf\":{\"@id\":\"https:\/\/promusica.org.pl\/en\/#website\"},\"primaryImageOfPage\":{\"@id\":\"https:\/\/promusica.org.pl\/en\/iii-miedzynarodowy-konkurs-instrumentow-detych-finalis-2018\/#primaryimage\"},\"image\":{\"@id\":\"https:\/\/promusica.org.pl\/iii-miedzynarodowy-konkurs-instrumentow-detych-finalis-2018\/#primaryimage\"},\"thumbnailUrl\":\"http:\/\/promusica.org.pl\/assets\/Finalis-Druk-v3.jpg\",\"datePublished\":\"2018-04-18T11:16:31+00:00\",\"dateModified\":\"2018-11-18T12:17:58+00:00\",\"breadcrumb\":{\"@id\":\"https:\/\/promusica.org.pl\/en\/iii-miedzynarodowy-konkurs-instrumentow-detych-finalis-2018\/#breadcrumb\"},\"inLanguage\":\"en-US\",\"potentialAction\":[{\"@type\":\"ReadAction\",\"target\":[[\"https:\/\/promusica.org.pl\/en\/iii-miedzynarodowy-konkurs-instrumentow-detych-finalis-2018\/\"]]}]},{\"@type\":\"ImageObject\",\"inLanguage\":\"en-US\",\"@id\":\"https:\/\/promusica.org.pl\/en\/iii-miedzynarodowy-konkurs-instrumentow-detych-finalis-2018\/#primaryimage\",\"url\":\"http:\/\/promusica.org.pl\/assets\/Finalis-Druk-v3.jpg\",\"contentUrl\":\"http:\/\/promusica.org.pl\/assets\/Finalis-Druk-v3.jpg\"},{\"@type\":\"BreadcrumbList\",\"@id\":\"https:\/\/promusica.org.pl\/en\/iii-miedzynarodowy-konkurs-instrumentow-detych-finalis-2018\/#breadcrumb\",\"itemListElement\":[{\"@type\":\"ListItem\",\"position\":1,\"name\":\"Strona g\u0142\u00f3wna\",\"item\":\"https:\/\/promusica.org.pl\/en\/\"},{\"@type\":\"ListItem\",\"position\":2,\"name\":\"III Mi\u0119dzynarodowy Konkurs Instrument\u00f3w D\u0119tych FINALIS 2018\"}]},{\"@type\":\"WebSite\",\"@id\":\"https:\/\/promusica.org.pl\/en\/#website\",\"url\":\"https:\/\/promusica.org.pl\/en\/\",\"name\":\"Pro Musica\",\"description\":\"warsztaty muzyczne, warsztaty orkiestrowe, konkurs na instrumenty solo\",\"publisher\":{\"@id\":\"https:\/\/promusica.org.pl\/en\/#organization\"},\"potentialAction\":[{\"@type\":\"SearchAction\",\"target\":{\"@type\":\"EntryPoint\",\"urlTemplate\":\"https:\/\/promusica.org.pl\/en\/?s={search_term_string}\"},\"query-input\":{\"@type\":\"PropertyValueSpecification\",\"valueRequired\":true,\"valueName\":\"search_term_string\"}}],\"inLanguage\":\"en-US\"},{\"@type\":\"Organization\",\"@id\":\"https:\/\/promusica.org.pl\/en\/#organization\",\"name\":\"Pro Musica\",\"url\":\"https:\/\/promusica.org.pl\/en\/\",\"logo\":{\"@type\":\"ImageObject\",\"inLanguage\":\"en-US\",\"@id\":\"https:\/\/promusica.org.pl\/en\/#\/schema\/logo\/image\/\",\"url\":\"https:\/\/promusica.org.pl\/assets\/cropped-logo.jpg\",\"contentUrl\":\"https:\/\/promusica.org.pl\/assets\/cropped-logo.jpg\",\"width\":239,\"height\":95,\"caption\":\"Pro Musica\"},\"image\":{\"@id\":\"https:\/\/promusica.org.pl\/en\/#\/schema\/logo\/image\/\"}}]}<\/script>\n<!-- \/ Yoast SEO plugin. -->","yoast_head_json":{"title":"III Mi\u0119dzynarodowy Konkurs Instrument\u00f3w D\u0119tych FINALIS 2018III International Competition for Wind Instruments FINALIS 2018 - Pro Musica","robots":{"index":"index","follow":"follow","max-snippet":"max-snippet:-1","max-image-preview":"max-image-preview:large","max-video-preview":"max-video-preview:-1"},"canonical":"https:\/\/promusica.org.pl\/en\/iii-miedzynarodowy-konkurs-instrumentow-detych-finalis-2018\/","og_locale":"en_US","og_type":"article","og_title":"III Mi\u0119dzynarodowy Konkurs Instrument\u00f3w D\u0119tych FINALIS 2018III International Competition for Wind Instruments FINALIS 2018 - Pro Musica","og_description":"&nbsp; \u00a0Finalis2018 &#8211; wyniki\/results \u00a0On 13\/11\/2018, the Head of the Ignacy Paderewski Complex Music Schools\u00a0 invites\u00a0 to the\u00a0saxophone recital of the finalis juror 2018. Arvydas Kazlauskas saxophone and J\u00f3zef Kotowicz organ g.19.45-20.30 &#8211; in building ofComplex Music Schools -free admission\u00a0 . On 13\/11\/2018, the Head of the Ignacy Paderewski Complex Music Schools\u00a0 invites\u00a0 to a...","og_url":"https:\/\/promusica.org.pl\/en\/iii-miedzynarodowy-konkurs-instrumentow-detych-finalis-2018\/","og_site_name":"Pro Musica","article_modified_time":"2018-11-18T12:17:58+00:00","og_image":[{"url":"http:\/\/promusica.org.pl\/assets\/Finalis-Druk-v3.jpg","type":"","width":"","height":""}],"twitter_misc":{"Est. reading time":"2 minutes"},"schema":{"@context":"https:\/\/schema.org","@graph":[{"@type":"WebPage","@id":"https:\/\/promusica.org.pl\/en\/iii-miedzynarodowy-konkurs-instrumentow-detych-finalis-2018\/","url":"https:\/\/promusica.org.pl\/en\/iii-miedzynarodowy-konkurs-instrumentow-detych-finalis-2018\/","name":"III Mi\u0119dzynarodowy Konkurs Instrument\u00f3w D\u0119tych FINALIS 2018III International Competition for Wind Instruments FINALIS 2018 - Pro Musica","isPartOf":{"@id":"https:\/\/promusica.org.pl\/en\/#website"},"primaryImageOfPage":{"@id":"https:\/\/promusica.org.pl\/en\/iii-miedzynarodowy-konkurs-instrumentow-detych-finalis-2018\/#primaryimage"},"image":{"@id":"https:\/\/promusica.org.pl\/iii-miedzynarodowy-konkurs-instrumentow-detych-finalis-2018\/#primaryimage"},"thumbnailUrl":"http:\/\/promusica.org.pl\/assets\/Finalis-Druk-v3.jpg","datePublished":"2018-04-18T11:16:31+00:00","dateModified":"2018-11-18T12:17:58+00:00","breadcrumb":{"@id":"https:\/\/promusica.org.pl\/en\/iii-miedzynarodowy-konkurs-instrumentow-detych-finalis-2018\/#breadcrumb"},"inLanguage":"en-US","potentialAction":[{"@type":"ReadAction","target":[["https:\/\/promusica.org.pl\/en\/iii-miedzynarodowy-konkurs-instrumentow-detych-finalis-2018\/"]]}]},{"@type":"ImageObject","inLanguage":"en-US","@id":"https:\/\/promusica.org.pl\/en\/iii-miedzynarodowy-konkurs-instrumentow-detych-finalis-2018\/#primaryimage","url":"http:\/\/promusica.org.pl\/assets\/Finalis-Druk-v3.jpg","contentUrl":"http:\/\/promusica.org.pl\/assets\/Finalis-Druk-v3.jpg"},{"@type":"BreadcrumbList","@id":"https:\/\/promusica.org.pl\/en\/iii-miedzynarodowy-konkurs-instrumentow-detych-finalis-2018\/#breadcrumb","itemListElement":[{"@type":"ListItem","position":1,"name":"Strona g\u0142\u00f3wna","item":"https:\/\/promusica.org.pl\/en\/"},{"@type":"ListItem","position":2,"name":"III Mi\u0119dzynarodowy Konkurs Instrument\u00f3w D\u0119tych FINALIS 2018"}]},{"@type":"WebSite","@id":"https:\/\/promusica.org.pl\/en\/#website","url":"https:\/\/promusica.org.pl\/en\/","name":"Pro Musica","description":"warsztaty muzyczne, warsztaty orkiestrowe, konkurs na instrumenty solo","publisher":{"@id":"https:\/\/promusica.org.pl\/en\/#organization"},"potentialAction":[{"@type":"SearchAction","target":{"@type":"EntryPoint","urlTemplate":"https:\/\/promusica.org.pl\/en\/?s={search_term_string}"},"query-input":{"@type":"PropertyValueSpecification","valueRequired":true,"valueName":"search_term_string"}}],"inLanguage":"en-US"},{"@type":"Organization","@id":"https:\/\/promusica.org.pl\/en\/#organization","name":"Pro Musica","url":"https:\/\/promusica.org.pl\/en\/","logo":{"@type":"ImageObject","inLanguage":"en-US","@id":"https:\/\/promusica.org.pl\/en\/#\/schema\/logo\/image\/","url":"https:\/\/promusica.org.pl\/assets\/cropped-logo.jpg","contentUrl":"https:\/\/promusica.org.pl\/assets\/cropped-logo.jpg","width":239,"height":95,"caption":"Pro Musica"},"image":{"@id":"https:\/\/promusica.org.pl\/en\/#\/schema\/logo\/image\/"}}]}},"_links":{"self":[{"href":"https:\/\/promusica.org.pl\/en\/wp-json\/wp\/v2\/pages\/2364","targetHints":{"allow":["GET"]}}],"collection":[{"href":"https:\/\/promusica.org.pl\/en\/wp-json\/wp\/v2\/pages"}],"about":[{"href":"https:\/\/promusica.org.pl\/en\/wp-json\/wp\/v2\/types\/page"}],"author":[{"embeddable":true,"href":"https:\/\/promusica.org.pl\/en\/wp-json\/wp\/v2\/users\/1"}],"replies":[{"embeddable":true,"href":"https:\/\/promusica.org.pl\/en\/wp-json\/wp\/v2\/comments?post=2364"}],"version-history":[{"count":11,"href":"https:\/\/promusica.org.pl\/en\/wp-json\/wp\/v2\/pages\/2364\/revisions"}],"predecessor-version":[{"id":2366,"href":"https:\/\/promusica.org.pl\/en\/wp-json\/wp\/v2\/pages\/2364\/revisions\/2366"}],"wp:attachment":[{"href":"https:\/\/promusica.org.pl\/en\/wp-json\/wp\/v2\/media?parent=2364"}],"curies":[{"name":"wp","href":"https:\/\/api.w.org\/{rel}","templated":true}]}}