{"id":2032,"date":"2017-07-25T09:15:33","date_gmt":"2017-07-25T09:15:33","guid":{"rendered":"http:\/\/promusica.org.pl\/?page_id=2032"},"modified":"2017-07-27T20:38:25","modified_gmt":"2017-07-27T20:38:25","slug":"jury-2017","status":"publish","type":"page","link":"https:\/\/promusica.org.pl\/en\/jury-2017\/","title":{"rendered":"Jury"},"content":{"rendered":"<p><b><a href=\"http:\/\/promusica.org.pl\/assets\/J-Balint_19S-e1501071356581.jpg\"><img loading=\"lazy\" decoding=\"async\" class=\" size-full wp-image-1997 alignnone\" src=\"http:\/\/promusica.org.pl\/assets\/J-Balint_19S-e1501071356581.jpg\" alt=\"J Balint_19S\" width=\"340\" height=\"284\" \/><\/a><\/b><\/p>\n<p><b>J\u00e1nos B\u00e1lint<\/b><\/p>\n<p>Born in 1961 in Hungary. Graduated from Franz Liszt Academy of Music in Budapest in 1984. He won many awards at international competitions (Ancona, Leipzig, Markneukirchen ). He was solo flutist of the Hungarian Radio Symphony Orchestra 1981-1991 and at the Hungarian National Philharmonic Orchestra 2000-2006. He was the founder and director of\u00a0 Doppler Flute Institute at Budapest. At the moment he is a professor\u00a0 at Musikhochschule of Detmold, Germany\u00a0 and guest professor at Karol Szymanowski\u00a0Academy\u00a0of\u00a0Music\u00a0in\u00a0Katowice . As soloist he has performed in almost all European contries and also in the USA, Japan, Taiwan, Korea and Israel with partners like Andr\u00e1s Schiff, Martha Algerich, Mikl\u00f3s Per\u00e9nyi, Zolt\u00e1n Kocsis, Aur\u00e9le Nicolet. He has recorded over 30 CD-s with Hungaroton, Capriccio and Naxos. Every year, he conducts 10-12 master classes\u00a0 all over the world.<\/p>\n<p>In 2008 he was awarded the highest Hungarian\u00a0 recognition for musical performance, the\u00a0 Franz Liszt-prize by the Ministry of Culture and Education of Hungary.<\/p>\n<p>&nbsp;<\/p>\n<p>&nbsp;<\/p>\n<p>&nbsp;<\/p>\n<p><b><a href=\"http:\/\/promusica.org.pl\/assets\/Dusan-Kranjc-e1501071608627.jpg\"><img loading=\"lazy\" decoding=\"async\" class=\" wp-image-2000 alignnone\" src=\"http:\/\/promusica.org.pl\/assets\/Dusan-Kranjc-e1501071608627.jpg\" alt=\"Dusan Kranjc\" width=\"340\" height=\"340\" \/><\/a><\/b><\/p>\n<p><b>Du\u0161an Kranjc\u00a0<\/b><\/p>\n<p>Graduated as a trombone soloist at the Academy of Music in Ljubljana, later on he was studying with Branimir Slokar in Trossingen (Germany). For 10 years he has been principle trombone player at the Slovenian Philharmonic Orchestra and the Mozarteum Orchestra in Salzburg. Right now he is teaching at the Academy of Music in Ljubljana and in music school in upper part of Austria. He is a solo trombone player of the orchestra Camerata Academica Salzburg , Musica antiqua Salzburg, the OENM ensemble and Lungau Big Band. Since year 1990 was a member of Juvavum Brass Quintet.<\/p>\n<p>Du\u0161an Kranjc was participating in many musical festivals such as: Salzburger Festspiele \/ Salzburger Adventsingen \/ Festival fuer neue Musik Bozen \/ Kammermusik Festival Allegro Vivo \/ Int. Musikwochen Millstatt \/ Festival Sandstein &amp; Musik Dresden \/ Bluval Straubing \/ Haydn Festspiele Eisenstadt \/ Jeunesse Musicales \/ contemporary autumn \/ Musica Sacra Trient \/ Festival Ljubljana \/ Festival Lent Maribor \/ Groedener Musikwochen \/\u00a0 Konzert in Italia, Slowenia, Croatia, Serbia,Russia, Lithuania, France, Poland, Germany, Mexiko, Taiwan, USA, Israel\u2026<\/p>\n<p>&nbsp;<\/p>\n<p>&nbsp;<\/p>\n<p>&nbsp;<\/p>\n<p><b><a href=\"http:\/\/promusica.org.pl\/assets\/Bostjan-Lipovsek-e1501071396943.jpg\"><img loading=\"lazy\" decoding=\"async\" class=\" wp-image-2001 alignnone\" src=\"http:\/\/promusica.org.pl\/assets\/Bostjan-Lipovsek-e1501071396943.jpg\" alt=\"Bostjan Lipovsek\" width=\"340\" height=\"227\" \/><\/a><\/b><\/p>\n<p><b>Bo\u0161tjan Lipov\u0161ek<\/b><\/p>\n<p>Bo\u0161tjan comes from a musical family with a long tradition of horn players. His first mentors were his father and brother, followed by prof. Jo\u017ee Falout at the Music Academy in Ljubljana. Bo\u0161tjan studied with prof. Falout through his graduation and post-graduation. Later he went to the Salzburg Mozarteum for advanced study with Radovan Vlatkovi\u0107. During his study in Ljubljana he received the Student Pre\u0161eren Award for his execution of Strauss Concerto No. 1 for horn and orchestra with the RTV Slovenia Symphony Orchestra. As a soloist he played with Slovenian Philharmonic Orchestra, Maribor Philharmonics, Dubrovnik Symphony Orchestra, Philharmonic Orchestra from Udine, Chamber Orchestra Padova e Veneto and Jeunesses musicales Orchestra.<\/p>\n<p>He played under the guidance of great conductors, such as Anton Nanut, Uro\u0161 Lajovic, Marko Letonja, En Shao, David de Villiers, S. Pelegrino Amato, Gary Brain, Yakov Kreizberg, Sian Edwards,Pavle De\u0161palj.He played as guest soloist with the national orchestra of La monnaie Opera house in Brussels, with the Berlin Symphony Orchestra, with Mahler Chamber Orchestra, Scottish Chamber Orchestra, Budapest Festival Orchestra under Ivan Fisher and the Israel Philharmonic under Zubin Mehta.<\/p>\n<p>In the year 2001 brought victory at the international competition Citta di Porcia. Assistant from 1999 and senior university teacher from 2004, he had lectured at the Music Academy in Ljubljana. From 2005 he has worked as senior university teacher at the Music Academy in Zagreb, Croatia. He has had five albums released by ZKP RTV Slovenia, three solo albums and two with chamber groups\u00a0 (Slovenian Brass Quintet and Wind Quintet Ariart). Together with Juvavum Brass he released the album Salzburg rarities with German publisher Profil. As a member of RTV Slovenia Symphony Orchestra for the last ten years, he has recorded concerts by R. Strauss and W. A. Mozart, R.Gliere, J.Pauer\u2026. First executions and premiere recordings of works by L. Lebi\u010d, I. Petri\u0107 and U. Krek deserve special mention. In the year 2008\u00a0 he has received the\u02ddPreseren prize\u02dd by the ministry of culture of republic Slovenia for his musicial achievments.<\/p>\n<p>&nbsp;<\/p>\n<p>&nbsp;<\/p>\n<p>&nbsp;<\/p>\n<p><b><a href=\"http:\/\/promusica.org.pl\/assets\/andrea-e1501071415806.jpg\"><img loading=\"lazy\" decoding=\"async\" class=\"  wp-image-1999 alignnone\" src=\"http:\/\/promusica.org.pl\/assets\/andrea-e1501071415806.jpg\" alt=\"andrea\" width=\"340\" height=\"280\" \/><\/a><\/b><\/p>\n<p><b>Andrea Loss<\/b><\/p>\n<p>He was born in 1977 in Rovereto and\u00a0 started learning to play clarinet\u00a0 at an early age. He studied clarinet under the guidance of M. Zenatti and P. Beltramini. In 1999 he graduated from the Jacopo Tomadini Conservatory in Udine . He participated in numerous clarinet and saxophone courses in Italy and abroad , also with A. Carbonare and G. Basso to name a few.<\/p>\n<p>Due to his interest in brass bands he also took part in conducting courses (J. Cober, M. Dini Ciacci, H. Mertens, F. Hauswirth, J. Van Der Roost, T. Doss, D. Bostock, I. Karabtchevsky) and\u00a0 instrumental courses (C. Piroli and R. Di Marino) but also\u00a0 harmony (A. Franceschini and F. Cesarini) and composition (M. Priori).<\/p>\n<p>Since 1997 he has been conducting wind orchestra at the Antonio Rosmini High School in Rovereto, where he has had numerous successes in national and international competitions and festivals, including:\u00a01st place in the Youth Band category (2001), 2nd place in the 1st category (2005), 5th place in the Superior category (2007) at the Flicorno D&#8217;oro competition in Riva del Gard,\u00a0I place in the 1st category (2005), 2nd place in the 1st category (2009), 1st place in the 1st category (2013) at the World Music Contest in Kerkrade\u00a01st place in the 1st category (2006, 2013) at the Wind Band Contest in Bertiolo\u00a05th place in the 1st category in International Wind Band Contest &#8220;City of Valencia&#8221; (2007),<\/p>\n<p>2nd place in the 1st category at the International Band Competition Valle d&#8217;Aosta (2008).<\/p>\n<p>In the years 1998-2007 he conducted a wind band in Cavedine, and\u00a0 regularly gave concerts and won a third prize in the III category at the Ghedi (2004). In the years 1999-2011 he was a conductor of a\u00a0 wind orchestra in Ala (Trento), which resulted in numerous successes at international competitions and festivals in Austria, Germany, Belgium, the Netherlands, Spain and Slovenia. From 2001 to 2004 he conducted a wind band in Gardolo, where he won the Flicorno D&#8217;oro Competition (2003).In 2002 he received the wind band conductor diploma awarded by Istituto Superiore Europeo Bandistico.\u00a0In 2005-2008 he conducted the wind band Riccardo Zandonai in Rovereto and in 2007-2009 &#8211; the wind band Filarmonica Mousik\u00e9 in Gazzanidze, where he won the second prize in the La Bacchetta d&#8217;Oro competition in Fiuggi and the second prize in the International Band Competition Valle d &#8216; Aosta (2008).\u00a0In the years 2008-2011 he conducted Muikkapelle Truden, and in 2011-2012 the wind orchestra Salcedo-Pontevedra (Galicia, Spain) and he gave with them\u00a0 concerts in Spain, Portugal and Italy.\u00a0Since 2010 he has been the director of the Vicenza Province Wind Orchestra.<\/p>\n<p>Since 2012 he has been artistic director of the &#8220;Iseb &#8211; Istituto Superiore Europeo Bandistico &#8221; where he lectures\u00a0 history and repertoire.\u00a0Since 2014 he has been conducting a wind band in Peschiera del Garda and\u00a0 also teaches conducting at Trivero, Vicenza and Milazzo. Currently he is also studying singing with Denia Mazzoli Gavazzeni, Paoletta Marrocu, Silvia dalla Benetti in Riva del Garda.<\/p>\n<p>Andrea Loss has also performed many guest appearances in Italy and abroad in: La Coru\u00f1a, Leipzig, Florence, Luxemburg, USA (Northern Iowa Wind Symphony), France (Orchestra d&#8217;Harmonie de Valdoie). In 2015, as a conductor, he took part in the first Winter Orchestra Workshop in Bialystok, Poland. In 2016 he directed and conducted the 2nd and 3rd edition of the WOW 2016 Winter Orchestra Workshops.<\/p>\n<p>&nbsp;<\/p>\n<p>&nbsp;<\/p>\n<p>&nbsp;<\/p>\n<p><b><a href=\"http:\/\/promusica.org.pl\/assets\/M-Petrak-e1501071243469.jpg\"><img loading=\"lazy\" decoding=\"async\" class=\" size-full wp-image-1996 alignnone\" src=\"http:\/\/promusica.org.pl\/assets\/M-Petrak-e1501071243469.jpg\" alt=\"M Petrak\" width=\"340\" height=\"502\" \/><\/a><\/b><\/p>\n<p><b>Martin Petrak\u00a0<\/b><\/p>\n<p>Bassoonist Martin Petrak has a wide range of experience in historical and modern music. He started his music career, when he was 9 years old. Subsequently he continued his studies under leading of prof.J.\u0158ez\u00e1\u010d (The Czech Nonet) at the Prague Conservatory.During his studies he participated in the 1999 on music courses Szandor V\u00e9gh under the guidance bassoonist Sergio Azzolini and oboist Maurice Bourgue.<\/p>\n<p>Subsequently, he continued his studies at the Academy of Performing Arts in Prague in the class prof. F.Herman (Ars Rediviva, Czech Philharmonic Orchestra) and J.Seidl (Collegium Musicum Pragenses, Czech Philharmonic), where he began knowledgeable interpretation under the guidance of an excellent musician \u2013 organist Luk\u00e1\u0161 Vendl (Harmonia delectabilis). In the Thesis of the Academy of Music, he realized\u00a0 \u2013 development, production and early Baroque repertoire for bassoon.<\/p>\n<p>After graduating in 2005, he became the member of the Czech Philharmonic Orchestra. In 2006 he founded with vocalist Mark \u0160ulc (Schola Gregoriana Pragenses) instrumental \u2013 vocal project focusing on baroque music Musika Antiq \/Aria \/, which culminated in performing Bach\u2019s cantata \u201eIch will Kreuzstab day gerne tragen\u201c BWV 56 for bass solo, choir and orchestra. The ensemble recorded several images dedicated to the music of Vivaldi, G.H\u00e4ndel, W.A.Mozart, F.I.A.T\u016fma and other \u2026<\/p>\n<p>In 2008 he founded the instrumental ensemble VENTI DIVERSI ensemble, which capitalized on his experiences from previous collaborations with artists from the MA \/A \/ and with whom in the autumn of 2008 he released his debut CD with works G.Ph.Telemann \u201eLa Putain\u201c which won an award \u201eBest CD of 2008\u201d by The Prague Post. The ensemble has over the years introduced at many prestigious Czech and international festivals (Lipa Musica \/ CZ \/, St. Wenceslas Music Festival \/ CZ \/, Ars Antiqua Europae in Via Gothic \/ SK \/ etc.) Works by J.S. Bach (Brandenburg Concertos), J.D.Zelenka ( Trio Sonatas), Vivaldi (Sinfonies) G.F.H\u00e4ndel (Water music). The last act of the Venti Diversi ensemble is double album CD \u201eLiturgical Year\u201c, which contains the works of Czech composer F.X.Thuri related to the Church\u2019s liturgical year. The CD was released in 2015.<\/p>\n<p>Martin Petr\u00e1k is a member of several chamber ensembles: Trio DuBois, PhilHarmonia Octet, Juventus Quintet and more\u2026<\/p>\n<p>Since 2011 he is assistant professor of University in Ostrava \u2013 Faculty of Arts. Martin is also the founder and artistic director of the chamber music festival in Havl\u00ed\u010dk\u016fv Brod \u201eFESTJAZZ\u201c which is dedicated to jazz music.<\/p>\n<p>&nbsp;<\/p>\n<p>&nbsp;<\/p>\n<p>&nbsp;<\/p>\n<p><b><a href=\"http:\/\/promusica.org.pl\/assets\/Josef-Steinbock-e1501071437657.jpg\"><img loading=\"lazy\" decoding=\"async\" class=\" size-full wp-image-1998 alignnone\" src=\"http:\/\/promusica.org.pl\/assets\/Josef-Steinbock-e1501071437657.jpg\" alt=\"Josef Steinbock\" width=\"300\" height=\"300\" \/><\/a><\/b><\/p>\n<p><b>Josef Steinb\u00f6ck<\/b><\/p>\n<p>Studied bass tuba as well as music education and instrumental education at the University of Music and Performing Arts Vienna and jazz music at the Vienna Conservatory.<\/p>\n<p>He has been tuba-player at Mozarteum Orchestra Salzburg since 1991 and professor for brass chamber music and tuba at the University of Music and Performing Arts Munich since 2002.<\/p>\n<p>Brass chamber music and contemporary music has always been of particular interest to Josef Steinb\u00f6ck, he played and performed with numerous well known international ensembles, such as Art of Brass Vienna, Munich Opera Brass, and Klangforum Wien, OENM Salzburg. He is a jury member at many national and international music competitions as well as being in great demand both as a lecturer and a tutor.<\/p>\n<p>He is the initiator and artistic director of Bl\u00e4serurlaub \u2013 a very successful summer music course since 20 years in Bad Goisern, Austria.<\/p>","protected":false},"excerpt":{"rendered":"<p>J\u00e1nos B\u00e1lint Born in 1961 in Hungary. Graduated from Franz Liszt Academy of Music in Budapest in 1984. He won many awards at international competitions (Ancona, Leipzig, Markneukirchen ). He was solo flutist of the Hungarian Radio Symphony Orchestra 1981-1991 and at the Hungarian National Philharmonic Orchestra 2000-2006. He was the founder and director of\u00a0&#8230;<\/p>\n","protected":false},"author":1,"featured_media":0,"parent":0,"menu_order":0,"comment_status":"closed","ping_status":"closed","template":"","meta":{"_kad_post_transparent":"","_kad_post_title":"","_kad_post_layout":"","_kad_post_sidebar_id":"","_kad_post_content_style":"","_kad_post_vertical_padding":"","_kad_post_feature":"","_kad_post_feature_position":"","_kad_post_header":false,"_kad_post_footer":false,"footnotes":""},"class_list":["post-2032","page","type-page","status-publish","hentry"],"yoast_head":"<!-- This site is optimized with the Yoast SEO plugin v26.4 - https:\/\/yoast.com\/wordpress\/plugins\/seo\/ -->\n<title>JuryJury - Pro Musica<\/title>\n<meta name=\"robots\" content=\"index, follow, max-snippet:-1, max-image-preview:large, max-video-preview:-1\" \/>\n<link rel=\"canonical\" href=\"https:\/\/promusica.org.pl\/en\/jury-2017\/\" \/>\n<meta property=\"og:locale\" content=\"en_US\" \/>\n<meta property=\"og:type\" content=\"article\" \/>\n<meta property=\"og:title\" content=\"JuryJury - Pro Musica\" \/>\n<meta property=\"og:description\" content=\"J\u00e1nos B\u00e1lint Born in 1961 in Hungary. Graduated from Franz Liszt Academy of Music in Budapest in 1984. He won many awards at international competitions (Ancona, Leipzig, Markneukirchen ). He was solo flutist of the Hungarian Radio Symphony Orchestra 1981-1991 and at the Hungarian National Philharmonic Orchestra 2000-2006. He was the founder and director of\u00a0...\" \/>\n<meta property=\"og:url\" content=\"https:\/\/promusica.org.pl\/en\/jury-2017\/\" \/>\n<meta property=\"og:site_name\" content=\"Pro Musica\" \/>\n<meta property=\"article:modified_time\" content=\"2017-07-27T20:38:25+00:00\" \/>\n<meta property=\"og:image\" content=\"http:\/\/promusica.org.pl\/assets\/J-Balint_19S-e1501071356581.jpg\" \/>\n<meta name=\"twitter:label1\" content=\"Est. reading time\" \/>\n\t<meta name=\"twitter:data1\" content=\"18 minutes\" \/>\n<script type=\"application\/ld+json\" class=\"yoast-schema-graph\">{\"@context\":\"https:\/\/schema.org\",\"@graph\":[{\"@type\":\"WebPage\",\"@id\":\"https:\/\/promusica.org.pl\/en\/jury-2017\/\",\"url\":\"https:\/\/promusica.org.pl\/en\/jury-2017\/\",\"name\":\"JuryJury - Pro Musica\",\"isPartOf\":{\"@id\":\"https:\/\/promusica.org.pl\/en\/#website\"},\"primaryImageOfPage\":{\"@id\":\"https:\/\/promusica.org.pl\/en\/jury-2017\/#primaryimage\"},\"image\":{\"@id\":\"https:\/\/promusica.org.pl\/jury-2017\/#primaryimage\"},\"thumbnailUrl\":\"http:\/\/promusica.org.pl\/assets\/J-Balint_19S-e1501071356581.jpg\",\"datePublished\":\"2017-07-25T09:15:33+00:00\",\"dateModified\":\"2017-07-27T20:38:25+00:00\",\"breadcrumb\":{\"@id\":\"https:\/\/promusica.org.pl\/en\/jury-2017\/#breadcrumb\"},\"inLanguage\":\"en-US\",\"potentialAction\":[{\"@type\":\"ReadAction\",\"target\":[[\"https:\/\/promusica.org.pl\/en\/jury-2017\/\"]]}]},{\"@type\":\"ImageObject\",\"inLanguage\":\"en-US\",\"@id\":\"https:\/\/promusica.org.pl\/en\/jury-2017\/#primaryimage\",\"url\":\"http:\/\/promusica.org.pl\/assets\/J-Balint_19S-e1501071356581.jpg\",\"contentUrl\":\"http:\/\/promusica.org.pl\/assets\/J-Balint_19S-e1501071356581.jpg\"},{\"@type\":\"BreadcrumbList\",\"@id\":\"https:\/\/promusica.org.pl\/en\/jury-2017\/#breadcrumb\",\"itemListElement\":[{\"@type\":\"ListItem\",\"position\":1,\"name\":\"Strona g\u0142\u00f3wna\",\"item\":\"https:\/\/promusica.org.pl\/en\/\"},{\"@type\":\"ListItem\",\"position\":2,\"name\":\"Jury\"}]},{\"@type\":\"WebSite\",\"@id\":\"https:\/\/promusica.org.pl\/en\/#website\",\"url\":\"https:\/\/promusica.org.pl\/en\/\",\"name\":\"Pro Musica\",\"description\":\"warsztaty muzyczne, warsztaty orkiestrowe, konkurs na instrumenty solo\",\"publisher\":{\"@id\":\"https:\/\/promusica.org.pl\/en\/#organization\"},\"potentialAction\":[{\"@type\":\"SearchAction\",\"target\":{\"@type\":\"EntryPoint\",\"urlTemplate\":\"https:\/\/promusica.org.pl\/en\/?s={search_term_string}\"},\"query-input\":{\"@type\":\"PropertyValueSpecification\",\"valueRequired\":true,\"valueName\":\"search_term_string\"}}],\"inLanguage\":\"en-US\"},{\"@type\":\"Organization\",\"@id\":\"https:\/\/promusica.org.pl\/en\/#organization\",\"name\":\"Pro Musica\",\"url\":\"https:\/\/promusica.org.pl\/en\/\",\"logo\":{\"@type\":\"ImageObject\",\"inLanguage\":\"en-US\",\"@id\":\"https:\/\/promusica.org.pl\/en\/#\/schema\/logo\/image\/\",\"url\":\"https:\/\/promusica.org.pl\/assets\/cropped-logo.jpg\",\"contentUrl\":\"https:\/\/promusica.org.pl\/assets\/cropped-logo.jpg\",\"width\":239,\"height\":95,\"caption\":\"Pro Musica\"},\"image\":{\"@id\":\"https:\/\/promusica.org.pl\/en\/#\/schema\/logo\/image\/\"}}]}<\/script>\n<!-- \/ Yoast SEO plugin. -->","yoast_head_json":{"title":"JuryJury - Pro Musica","robots":{"index":"index","follow":"follow","max-snippet":"max-snippet:-1","max-image-preview":"max-image-preview:large","max-video-preview":"max-video-preview:-1"},"canonical":"https:\/\/promusica.org.pl\/en\/jury-2017\/","og_locale":"en_US","og_type":"article","og_title":"JuryJury - Pro Musica","og_description":"J\u00e1nos B\u00e1lint Born in 1961 in Hungary. Graduated from Franz Liszt Academy of Music in Budapest in 1984. He won many awards at international competitions (Ancona, Leipzig, Markneukirchen ). He was solo flutist of the Hungarian Radio Symphony Orchestra 1981-1991 and at the Hungarian National Philharmonic Orchestra 2000-2006. He was the founder and director of\u00a0...","og_url":"https:\/\/promusica.org.pl\/en\/jury-2017\/","og_site_name":"Pro Musica","article_modified_time":"2017-07-27T20:38:25+00:00","og_image":[{"url":"http:\/\/promusica.org.pl\/assets\/J-Balint_19S-e1501071356581.jpg","type":"","width":"","height":""}],"twitter_misc":{"Est. reading time":"18 minutes"},"schema":{"@context":"https:\/\/schema.org","@graph":[{"@type":"WebPage","@id":"https:\/\/promusica.org.pl\/en\/jury-2017\/","url":"https:\/\/promusica.org.pl\/en\/jury-2017\/","name":"JuryJury - Pro Musica","isPartOf":{"@id":"https:\/\/promusica.org.pl\/en\/#website"},"primaryImageOfPage":{"@id":"https:\/\/promusica.org.pl\/en\/jury-2017\/#primaryimage"},"image":{"@id":"https:\/\/promusica.org.pl\/jury-2017\/#primaryimage"},"thumbnailUrl":"http:\/\/promusica.org.pl\/assets\/J-Balint_19S-e1501071356581.jpg","datePublished":"2017-07-25T09:15:33+00:00","dateModified":"2017-07-27T20:38:25+00:00","breadcrumb":{"@id":"https:\/\/promusica.org.pl\/en\/jury-2017\/#breadcrumb"},"inLanguage":"en-US","potentialAction":[{"@type":"ReadAction","target":[["https:\/\/promusica.org.pl\/en\/jury-2017\/"]]}]},{"@type":"ImageObject","inLanguage":"en-US","@id":"https:\/\/promusica.org.pl\/en\/jury-2017\/#primaryimage","url":"http:\/\/promusica.org.pl\/assets\/J-Balint_19S-e1501071356581.jpg","contentUrl":"http:\/\/promusica.org.pl\/assets\/J-Balint_19S-e1501071356581.jpg"},{"@type":"BreadcrumbList","@id":"https:\/\/promusica.org.pl\/en\/jury-2017\/#breadcrumb","itemListElement":[{"@type":"ListItem","position":1,"name":"Strona g\u0142\u00f3wna","item":"https:\/\/promusica.org.pl\/en\/"},{"@type":"ListItem","position":2,"name":"Jury"}]},{"@type":"WebSite","@id":"https:\/\/promusica.org.pl\/en\/#website","url":"https:\/\/promusica.org.pl\/en\/","name":"Pro Musica","description":"warsztaty muzyczne, warsztaty orkiestrowe, konkurs na instrumenty solo","publisher":{"@id":"https:\/\/promusica.org.pl\/en\/#organization"},"potentialAction":[{"@type":"SearchAction","target":{"@type":"EntryPoint","urlTemplate":"https:\/\/promusica.org.pl\/en\/?s={search_term_string}"},"query-input":{"@type":"PropertyValueSpecification","valueRequired":true,"valueName":"search_term_string"}}],"inLanguage":"en-US"},{"@type":"Organization","@id":"https:\/\/promusica.org.pl\/en\/#organization","name":"Pro Musica","url":"https:\/\/promusica.org.pl\/en\/","logo":{"@type":"ImageObject","inLanguage":"en-US","@id":"https:\/\/promusica.org.pl\/en\/#\/schema\/logo\/image\/","url":"https:\/\/promusica.org.pl\/assets\/cropped-logo.jpg","contentUrl":"https:\/\/promusica.org.pl\/assets\/cropped-logo.jpg","width":239,"height":95,"caption":"Pro Musica"},"image":{"@id":"https:\/\/promusica.org.pl\/en\/#\/schema\/logo\/image\/"}}]}},"_links":{"self":[{"href":"https:\/\/promusica.org.pl\/en\/wp-json\/wp\/v2\/pages\/2032","targetHints":{"allow":["GET"]}}],"collection":[{"href":"https:\/\/promusica.org.pl\/en\/wp-json\/wp\/v2\/pages"}],"about":[{"href":"https:\/\/promusica.org.pl\/en\/wp-json\/wp\/v2\/types\/page"}],"author":[{"embeddable":true,"href":"https:\/\/promusica.org.pl\/en\/wp-json\/wp\/v2\/users\/1"}],"replies":[{"embeddable":true,"href":"https:\/\/promusica.org.pl\/en\/wp-json\/wp\/v2\/comments?post=2032"}],"version-history":[{"count":10,"href":"https:\/\/promusica.org.pl\/en\/wp-json\/wp\/v2\/pages\/2032\/revisions"}],"predecessor-version":[{"id":2053,"href":"https:\/\/promusica.org.pl\/en\/wp-json\/wp\/v2\/pages\/2032\/revisions\/2053"}],"wp:attachment":[{"href":"https:\/\/promusica.org.pl\/en\/wp-json\/wp\/v2\/media?parent=2032"}],"curies":[{"name":"wp","href":"https:\/\/api.w.org\/{rel}","templated":true}]}}