{"id":1673,"date":"2016-06-03T09:36:31","date_gmt":"2016-06-03T09:36:31","guid":{"rendered":"http:\/\/promusica.org.pl\/?page_id=1673"},"modified":"2017-05-08T18:09:49","modified_gmt":"2017-05-08T18:09:49","slug":"akompaniatorzy","status":"publish","type":"page","link":"https:\/\/promusica.org.pl\/en\/akompaniatorzy\/","title":{"rendered":"Accompanists"},"content":{"rendered":"<p><\/p>\n<p>&nbsp;<\/p>\n<p><strong>Radana Folt\u00fdnov\u00e1<\/strong> (1976) the pianist, graduated from the Jan\u00e1\u010dek Conservatoire in Ostrava and the Ostrava University where she studied with M. Toaderov\u00e1.<\/p>\n<p>During her studies attended several national and international competitions, including\u00a0\u00a0\u00a0\u00a0\u00a0\u00a0\u00a0\u00a0\u00a0\u00a0 the 1993 Smetana Piano Competition in Hradec Kr\u00e1lov\u00e9, Czech\u00a0 Republic\u00a0 (second &#8211; prize winner), the 1994 International Piano Competition in Kill, Sweden (fourth &#8211; prize winner), the 1998 Jan\u00e1\u010dek Piano Competition in Brno, Czech Republic (second &#8211; prize winner \u00a0and an award for the best interpretation of Jan\u00e1\u010dek).<\/p>\n<p>Currently, Radana is an Assistant Professor at the Faculty of Fine Arts at Ostrava University.<\/p>\n<p>She is sought-after chambre musician and has collaborated with both wind and string soloists.<\/p>\n<p>She has appeared as soloist with leading Czech orchestras, gives solo and chamber recitals\u00a0\u00a0\u00a0\u00a0\u00a0\u00a0 in the Czech Republic and abroad (Austria, Poland, Slovakia and Sweden), and records \u00a0for Czech Radio and Television.<\/p>\n<p>&nbsp;<\/p>\n<p><strong>Karina Komandera <\/strong>pianist of<strong>\u00a0 <\/strong>Opera and Filharminia Podlaska<\/p>\n<p><\/p>","protected":false},"excerpt":{"rendered":"<p>&nbsp; Radana Folt\u00fdnov\u00e1 (1976) the pianist, graduated from the Jan\u00e1\u010dek Conservatoire in Ostrava and the Ostrava University where she studied with M. Toaderov\u00e1. During her studies attended several national and international competitions, including\u00a0\u00a0\u00a0\u00a0\u00a0\u00a0\u00a0\u00a0\u00a0\u00a0 the 1993 Smetana Piano Competition in Hradec Kr\u00e1lov\u00e9, Czech\u00a0 Republic\u00a0 (second &#8211; prize winner), the 1994 International Piano Competition in Kill, Sweden&#8230;<\/p>\n","protected":false},"author":2,"featured_media":0,"parent":0,"menu_order":0,"comment_status":"closed","ping_status":"open","template":"","meta":{"_kad_post_transparent":"","_kad_post_title":"","_kad_post_layout":"","_kad_post_sidebar_id":"","_kad_post_content_style":"","_kad_post_vertical_padding":"","_kad_post_feature":"","_kad_post_feature_position":"","_kad_post_header":false,"_kad_post_footer":false,"footnotes":""},"class_list":["post-1673","page","type-page","status-publish","hentry"],"yoast_head":"<!-- This site is optimized with the Yoast SEO plugin v26.4 - https:\/\/yoast.com\/wordpress\/plugins\/seo\/ -->\n<title>AkompaniatorzyAccompanists - Pro Musica<\/title>\n<meta name=\"robots\" content=\"index, follow, max-snippet:-1, max-image-preview:large, max-video-preview:-1\" \/>\n<link rel=\"canonical\" href=\"https:\/\/promusica.org.pl\/en\/akompaniatorzy\/\" \/>\n<meta property=\"og:locale\" content=\"en_US\" \/>\n<meta property=\"og:type\" content=\"article\" \/>\n<meta property=\"og:title\" content=\"AkompaniatorzyAccompanists - Pro Musica\" \/>\n<meta property=\"og:description\" content=\"&nbsp; Radana Folt\u00fdnov\u00e1 (1976) the pianist, graduated from the Jan\u00e1\u010dek Conservatoire in Ostrava and the Ostrava University where she studied with M. Toaderov\u00e1. During her studies attended several national and international competitions, including\u00a0\u00a0\u00a0\u00a0\u00a0\u00a0\u00a0\u00a0\u00a0\u00a0 the 1993 Smetana Piano Competition in Hradec Kr\u00e1lov\u00e9, Czech\u00a0 Republic\u00a0 (second &#8211; prize winner), the 1994 International Piano Competition in Kill, Sweden...\" \/>\n<meta property=\"og:url\" content=\"https:\/\/promusica.org.pl\/en\/akompaniatorzy\/\" \/>\n<meta property=\"og:site_name\" content=\"Pro Musica\" \/>\n<meta property=\"article:modified_time\" content=\"2017-05-08T18:09:49+00:00\" \/>\n<meta property=\"og:image\" content=\"http:\/\/promusica.org.pl\/assets\/Foltynowa.jpg\" \/>\n<meta name=\"twitter:label1\" content=\"Est. reading time\" \/>\n\t<meta name=\"twitter:data1\" content=\"3 minutes\" \/>\n<script type=\"application\/ld+json\" class=\"yoast-schema-graph\">{\"@context\":\"https:\/\/schema.org\",\"@graph\":[{\"@type\":\"WebPage\",\"@id\":\"https:\/\/promusica.org.pl\/en\/akompaniatorzy\/\",\"url\":\"https:\/\/promusica.org.pl\/en\/akompaniatorzy\/\",\"name\":\"AkompaniatorzyAccompanists - Pro Musica\",\"isPartOf\":{\"@id\":\"https:\/\/promusica.org.pl\/en\/#website\"},\"primaryImageOfPage\":{\"@id\":\"https:\/\/promusica.org.pl\/en\/akompaniatorzy\/#primaryimage\"},\"image\":{\"@id\":\"https:\/\/promusica.org.pl\/akompaniatorzy\/#primaryimage\"},\"thumbnailUrl\":\"http:\/\/promusica.org.pl\/assets\/Foltynowa.jpg\",\"datePublished\":\"2016-06-03T09:36:31+00:00\",\"dateModified\":\"2017-05-08T18:09:49+00:00\",\"breadcrumb\":{\"@id\":\"https:\/\/promusica.org.pl\/en\/akompaniatorzy\/#breadcrumb\"},\"inLanguage\":\"en-US\",\"potentialAction\":[{\"@type\":\"ReadAction\",\"target\":[[\"https:\/\/promusica.org.pl\/en\/akompaniatorzy\/\"]]}]},{\"@type\":\"ImageObject\",\"inLanguage\":\"en-US\",\"@id\":\"https:\/\/promusica.org.pl\/en\/akompaniatorzy\/#primaryimage\",\"url\":\"http:\/\/promusica.org.pl\/assets\/Foltynowa.jpg\",\"contentUrl\":\"http:\/\/promusica.org.pl\/assets\/Foltynowa.jpg\"},{\"@type\":\"BreadcrumbList\",\"@id\":\"https:\/\/promusica.org.pl\/en\/akompaniatorzy\/#breadcrumb\",\"itemListElement\":[{\"@type\":\"ListItem\",\"position\":1,\"name\":\"Strona g\u0142\u00f3wna\",\"item\":\"https:\/\/promusica.org.pl\/en\/\"},{\"@type\":\"ListItem\",\"position\":2,\"name\":\"Akompaniatorzy\"}]},{\"@type\":\"WebSite\",\"@id\":\"https:\/\/promusica.org.pl\/en\/#website\",\"url\":\"https:\/\/promusica.org.pl\/en\/\",\"name\":\"Pro Musica\",\"description\":\"warsztaty muzyczne, warsztaty orkiestrowe, konkurs na instrumenty solo\",\"publisher\":{\"@id\":\"https:\/\/promusica.org.pl\/en\/#organization\"},\"potentialAction\":[{\"@type\":\"SearchAction\",\"target\":{\"@type\":\"EntryPoint\",\"urlTemplate\":\"https:\/\/promusica.org.pl\/en\/?s={search_term_string}\"},\"query-input\":{\"@type\":\"PropertyValueSpecification\",\"valueRequired\":true,\"valueName\":\"search_term_string\"}}],\"inLanguage\":\"en-US\"},{\"@type\":\"Organization\",\"@id\":\"https:\/\/promusica.org.pl\/en\/#organization\",\"name\":\"Pro Musica\",\"url\":\"https:\/\/promusica.org.pl\/en\/\",\"logo\":{\"@type\":\"ImageObject\",\"inLanguage\":\"en-US\",\"@id\":\"https:\/\/promusica.org.pl\/en\/#\/schema\/logo\/image\/\",\"url\":\"https:\/\/promusica.org.pl\/assets\/cropped-logo.jpg\",\"contentUrl\":\"https:\/\/promusica.org.pl\/assets\/cropped-logo.jpg\",\"width\":239,\"height\":95,\"caption\":\"Pro Musica\"},\"image\":{\"@id\":\"https:\/\/promusica.org.pl\/en\/#\/schema\/logo\/image\/\"}}]}<\/script>\n<!-- \/ Yoast SEO plugin. -->","yoast_head_json":{"title":"AkompaniatorzyAccompanists - Pro Musica","robots":{"index":"index","follow":"follow","max-snippet":"max-snippet:-1","max-image-preview":"max-image-preview:large","max-video-preview":"max-video-preview:-1"},"canonical":"https:\/\/promusica.org.pl\/en\/akompaniatorzy\/","og_locale":"en_US","og_type":"article","og_title":"AkompaniatorzyAccompanists - Pro Musica","og_description":"&nbsp; Radana Folt\u00fdnov\u00e1 (1976) the pianist, graduated from the Jan\u00e1\u010dek Conservatoire in Ostrava and the Ostrava University where she studied with M. Toaderov\u00e1. During her studies attended several national and international competitions, including\u00a0\u00a0\u00a0\u00a0\u00a0\u00a0\u00a0\u00a0\u00a0\u00a0 the 1993 Smetana Piano Competition in Hradec Kr\u00e1lov\u00e9, Czech\u00a0 Republic\u00a0 (second &#8211; prize winner), the 1994 International Piano Competition in Kill, Sweden...","og_url":"https:\/\/promusica.org.pl\/en\/akompaniatorzy\/","og_site_name":"Pro Musica","article_modified_time":"2017-05-08T18:09:49+00:00","og_image":[{"url":"http:\/\/promusica.org.pl\/assets\/Foltynowa.jpg","type":"","width":"","height":""}],"twitter_misc":{"Est. reading time":"3 minutes"},"schema":{"@context":"https:\/\/schema.org","@graph":[{"@type":"WebPage","@id":"https:\/\/promusica.org.pl\/en\/akompaniatorzy\/","url":"https:\/\/promusica.org.pl\/en\/akompaniatorzy\/","name":"AkompaniatorzyAccompanists - Pro Musica","isPartOf":{"@id":"https:\/\/promusica.org.pl\/en\/#website"},"primaryImageOfPage":{"@id":"https:\/\/promusica.org.pl\/en\/akompaniatorzy\/#primaryimage"},"image":{"@id":"https:\/\/promusica.org.pl\/akompaniatorzy\/#primaryimage"},"thumbnailUrl":"http:\/\/promusica.org.pl\/assets\/Foltynowa.jpg","datePublished":"2016-06-03T09:36:31+00:00","dateModified":"2017-05-08T18:09:49+00:00","breadcrumb":{"@id":"https:\/\/promusica.org.pl\/en\/akompaniatorzy\/#breadcrumb"},"inLanguage":"en-US","potentialAction":[{"@type":"ReadAction","target":[["https:\/\/promusica.org.pl\/en\/akompaniatorzy\/"]]}]},{"@type":"ImageObject","inLanguage":"en-US","@id":"https:\/\/promusica.org.pl\/en\/akompaniatorzy\/#primaryimage","url":"http:\/\/promusica.org.pl\/assets\/Foltynowa.jpg","contentUrl":"http:\/\/promusica.org.pl\/assets\/Foltynowa.jpg"},{"@type":"BreadcrumbList","@id":"https:\/\/promusica.org.pl\/en\/akompaniatorzy\/#breadcrumb","itemListElement":[{"@type":"ListItem","position":1,"name":"Strona g\u0142\u00f3wna","item":"https:\/\/promusica.org.pl\/en\/"},{"@type":"ListItem","position":2,"name":"Akompaniatorzy"}]},{"@type":"WebSite","@id":"https:\/\/promusica.org.pl\/en\/#website","url":"https:\/\/promusica.org.pl\/en\/","name":"Pro Musica","description":"warsztaty muzyczne, warsztaty orkiestrowe, konkurs na instrumenty solo","publisher":{"@id":"https:\/\/promusica.org.pl\/en\/#organization"},"potentialAction":[{"@type":"SearchAction","target":{"@type":"EntryPoint","urlTemplate":"https:\/\/promusica.org.pl\/en\/?s={search_term_string}"},"query-input":{"@type":"PropertyValueSpecification","valueRequired":true,"valueName":"search_term_string"}}],"inLanguage":"en-US"},{"@type":"Organization","@id":"https:\/\/promusica.org.pl\/en\/#organization","name":"Pro Musica","url":"https:\/\/promusica.org.pl\/en\/","logo":{"@type":"ImageObject","inLanguage":"en-US","@id":"https:\/\/promusica.org.pl\/en\/#\/schema\/logo\/image\/","url":"https:\/\/promusica.org.pl\/assets\/cropped-logo.jpg","contentUrl":"https:\/\/promusica.org.pl\/assets\/cropped-logo.jpg","width":239,"height":95,"caption":"Pro Musica"},"image":{"@id":"https:\/\/promusica.org.pl\/en\/#\/schema\/logo\/image\/"}}]}},"_links":{"self":[{"href":"https:\/\/promusica.org.pl\/en\/wp-json\/wp\/v2\/pages\/1673","targetHints":{"allow":["GET"]}}],"collection":[{"href":"https:\/\/promusica.org.pl\/en\/wp-json\/wp\/v2\/pages"}],"about":[{"href":"https:\/\/promusica.org.pl\/en\/wp-json\/wp\/v2\/types\/page"}],"author":[{"embeddable":true,"href":"https:\/\/promusica.org.pl\/en\/wp-json\/wp\/v2\/users\/2"}],"replies":[{"embeddable":true,"href":"https:\/\/promusica.org.pl\/en\/wp-json\/wp\/v2\/comments?post=1673"}],"version-history":[{"count":8,"href":"https:\/\/promusica.org.pl\/en\/wp-json\/wp\/v2\/pages\/1673\/revisions"}],"predecessor-version":[{"id":1968,"href":"https:\/\/promusica.org.pl\/en\/wp-json\/wp\/v2\/pages\/1673\/revisions\/1968"}],"wp:attachment":[{"href":"https:\/\/promusica.org.pl\/en\/wp-json\/wp\/v2\/media?parent=1673"}],"curies":[{"name":"wp","href":"https:\/\/api.w.org\/{rel}","templated":true}]}}