{"id":1413,"date":"2016-04-01T00:55:11","date_gmt":"2016-04-01T00:55:11","guid":{"rendered":"http:\/\/promusica.org.pl\/?page_id=1413"},"modified":"2016-05-05T22:05:48","modified_gmt":"2016-05-05T22:05:48","slug":"rejestracja-sow-2016","status":"publish","type":"page","link":"https:\/\/promusica.org.pl\/en\/rejestracja-sow-2016\/","title":{"rendered":"Registration \u2013 SOW 2016"},"content":{"rendered":"<p><\/p>\n<h2>Junior Orchestra \u2013 17th-22nd August 2016 (to\u00a013 years old)<br \/>\nFestival\u00a0Orchestra \u2013 22nd-28th August\u00a02016 (from\u00a014 years old)<\/h2>\n<p><small>The age division suggested by the organizers should be treated as approximate. Participants should choose orchestra adequate to their instrument playing skills. You can participate in both orchestra workshops.<\/small><\/p>\n<h2>Workshops fee: 400 PLN (100\u00a0\u20ac)<br \/>\nFee for both workshops: 500 PLN (125\u00a0\u20ac)<\/h2>\n<p><span type>Deadline for payment: May 15th 2016<\/span><\/p>\n<h2>Registration is open until\u00a0May 15th 2016<\/h2>\n\n<div class=\"wpcf7 no-js\" id=\"wpcf7-f1422-o2\" lang=\"pl-PL\" dir=\"ltr\" data-wpcf7-id=\"1422\">\n<div class=\"screen-reader-response\"><p role=\"status\" aria-live=\"polite\" aria-atomic=\"true\"><\/p> <ul><\/ul><\/div>\n<form action=\"\/en\/wp-json\/wp\/v2\/pages\/1413#wpcf7-f1422-o2\" method=\"post\" class=\"wpcf7-form init\" aria-label=\"Formularz kontaktowy\" novalidate=\"novalidate\" data-status=\"init\">\n<fieldset class=\"hidden-fields-container\"><input type=\"hidden\" name=\"_wpcf7\" value=\"1422\" \/><input type=\"hidden\" name=\"_wpcf7_version\" value=\"6.1.3\" \/><input type=\"hidden\" name=\"_wpcf7_locale\" value=\"pl_PL\" \/><input type=\"hidden\" name=\"_wpcf7_unit_tag\" value=\"wpcf7-f1422-o2\" \/><input type=\"hidden\" name=\"_wpcf7_container_post\" value=\"0\" \/><input type=\"hidden\" name=\"_wpcf7_posted_data_hash\" value=\"\" \/>\n<\/fieldset>\n<p>First Name\n<\/p>\n<p><span class=\"wpcf7-form-control-wrap\" data-name=\"your-firstname\"><input size=\"40\" maxlength=\"400\" class=\"wpcf7-form-control wpcf7-text wpcf7-validates-as-required\" aria-required=\"true\" aria-invalid=\"false\" value=\"\" type=\"text\" name=\"your-firstname\" \/><\/span>\n<\/p>\n<p>Last Name\n<\/p>\n<p><span class=\"wpcf7-form-control-wrap\" data-name=\"your-lastname\"><input size=\"40\" maxlength=\"400\" class=\"wpcf7-form-control wpcf7-text wpcf7-validates-as-required\" aria-required=\"true\" aria-invalid=\"false\" value=\"\" type=\"text\" name=\"your-lastname\" \/><\/span>\n<\/p>\n<p>Birth Date\n<\/p>\n<p><span class=\"wpcf7-form-control-wrap\" data-name=\"your-date\"><input class=\"wpcf7-form-control wpcf7-date wpcf7-validates-as-required wpcf7-validates-as-date\" aria-required=\"true\" aria-invalid=\"false\" value=\"\" type=\"date\" name=\"your-date\" \/><\/span>\n<\/p>\n<p>Instrument\n<\/p>\n<p><span class=\"wpcf7-form-control-wrap\" data-name=\"your-instrument\"><input size=\"40\" maxlength=\"400\" class=\"wpcf7-form-control wpcf7-text wpcf7-validates-as-required\" aria-required=\"true\" aria-invalid=\"false\" value=\"\" type=\"text\" name=\"your-instrument\" \/><\/span>\n<\/p>\n<p>Years of playing instrument\n<\/p>\n<p><span class=\"wpcf7-form-control-wrap\" data-name=\"number-playing\"><input class=\"wpcf7-form-control wpcf7-number wpcf7-validates-as-required wpcf7-validates-as-number\" min=\"1\" aria-required=\"true\" aria-invalid=\"false\" value=\"\" type=\"number\" name=\"number-playing\" \/><\/span>\n<\/p>\n<p>Inofrmations about your music education (name of school, class, teacher, band name etc.)\n<\/p>\n<p><span class=\"wpcf7-form-control-wrap\" data-name=\"your-education\"><textarea cols=\"40\" rows=\"10\" maxlength=\"2000\" class=\"wpcf7-form-control wpcf7-textarea wpcf7-validates-as-required\" aria-required=\"true\" aria-invalid=\"false\" name=\"your-education\"><\/textarea><\/span>\n<\/p>\n<p>Choose orchestra:\n<\/p>\n<p><span class=\"wpcf7-form-control-wrap\" data-name=\"menu-orkiestra\"><select class=\"wpcf7-form-control wpcf7-select wpcf7-validates-as-required\" aria-required=\"true\" aria-invalid=\"false\" name=\"menu-orkiestra\"><option value=\"\">&#8212;Prosz\u0119 wybra\u0107 opcj\u0119&#8212;<\/option><option value=\"Junior (17-22\/08\/2016)\">Junior (17-22\/08\/2016)<\/option><option value=\"Festival (23-28\/08\/2016)\">Festival (23-28\/08\/2016)<\/option><option value=\"Junior &amp; Festival\">Junior &amp; Festival<\/option><\/select><\/span>\n<\/p>\n<p>Phone Number (+ international code number)\n<\/p>\n<p><span class=\"wpcf7-form-control-wrap\" data-name=\"your-tel\"><input size=\"40\" maxlength=\"400\" class=\"wpcf7-form-control wpcf7-text wpcf7-validates-as-required\" aria-required=\"true\" aria-invalid=\"false\" value=\"\" type=\"text\" name=\"your-tel\" \/><\/span>\n<\/p>\n<p>Email Address\n<\/p>\n<p><span class=\"wpcf7-form-control-wrap\" data-name=\"your-email\"><input size=\"40\" maxlength=\"400\" class=\"wpcf7-form-control wpcf7-email wpcf7-validates-as-required wpcf7-text wpcf7-validates-as-email\" aria-required=\"true\" aria-invalid=\"false\" value=\"\" type=\"email\" name=\"your-email\" \/><\/span>\n<\/p>\n<p>Address for correspondence\n<\/p>\n<p><span class=\"wpcf7-form-control-wrap\" data-name=\"your-address\"><textarea cols=\"40\" rows=\"10\" maxlength=\"2000\" class=\"wpcf7-form-control wpcf7-textarea wpcf7-validates-as-required\" aria-required=\"true\" aria-invalid=\"false\" name=\"your-address\"><\/textarea><\/span>\n<\/p>\n<p>Accommodation\n<\/p>\n<p><span class=\"wpcf7-form-control-wrap\" data-name=\"menu-nocleg\"><select class=\"wpcf7-form-control wpcf7-select wpcf7-validates-as-required\" aria-required=\"true\" aria-invalid=\"false\" name=\"menu-nocleg\"><option value=\"provided by organizers (175 PLN)\">provided by organizers (175 PLN)<\/option><option value=\"organised on your own\">organised on your own<\/option><\/select><\/span>\n<\/p>\n<p>Meals\n<\/p>\n<p><span class=\"wpcf7-form-control-wrap\" data-name=\"your-wyzywienie\"><span class=\"wpcf7-form-control wpcf7-radio\"><span class=\"wpcf7-list-item first\"><input type=\"radio\" name=\"your-wyzywienie\" value=\"yes (210 PLN)\" \/><span class=\"wpcf7-list-item-label\">yes (210 PLN)<\/span><\/span><span class=\"wpcf7-list-item last\"><input type=\"radio\" name=\"your-wyzywienie\" value=\"no\" \/><span class=\"wpcf7-list-item-label\">no<\/span><\/span><\/span><\/span><br \/>\n<span class=\"wpcf7-form-control-wrap\" data-name=\"checkbox-dieta\"><span class=\"wpcf7-form-control wpcf7-checkbox\"><span class=\"wpcf7-list-item first\"><span class=\"wpcf7-list-item-label\">vegetarian diet<\/span><input type=\"checkbox\" name=\"checkbox-dieta[]\" value=\"vegetarian diet\" \/><\/span><span class=\"wpcf7-list-item last\"><span class=\"wpcf7-list-item-label\">gluten-free diet<\/span><input type=\"checkbox\" name=\"checkbox-dieta[]\" value=\"gluten-free diet\" \/><\/span><\/span><\/span>\n<\/p>\n<p><small>Fee for meals and accommodation you can pay cash on arrival.<\/small>\n<\/p>\n<p><b>Parent or Guardian Information (if participant is underage):<\/b>\n<\/p>\n<p>First and Last Name\n<\/p>\n<p><span class=\"wpcf7-form-control-wrap\" data-name=\"parentname\"><input size=\"40\" maxlength=\"400\" class=\"wpcf7-form-control wpcf7-text\" aria-invalid=\"false\" value=\"\" type=\"text\" name=\"parentname\" \/><\/span>\n<\/p>\n<p>Phone Number (+ international code number)\n<\/p>\n<p><span class=\"wpcf7-form-control-wrap\" data-name=\"your-tel2\"><input size=\"40\" maxlength=\"400\" class=\"wpcf7-form-control wpcf7-text\" aria-invalid=\"false\" value=\"\" type=\"text\" name=\"your-tel2\" \/><\/span>\n<\/p>\n<p>Email Address\n<\/p>\n<p><span class=\"wpcf7-form-control-wrap\" data-name=\"your-email2\"><input size=\"40\" maxlength=\"400\" class=\"wpcf7-form-control wpcf7-email wpcf7-text wpcf7-validates-as-email\" aria-invalid=\"false\" value=\"\" type=\"email\" name=\"your-email2\" \/><\/span>\n<\/p>\n<p>Notes:\n<\/p>\n<p><span class=\"wpcf7-form-control-wrap\" data-name=\"your-uwagi\"><textarea cols=\"40\" rows=\"10\" maxlength=\"2000\" class=\"wpcf7-form-control wpcf7-textarea\" aria-invalid=\"false\" name=\"your-uwagi\"><\/textarea><\/span>\n<\/p>\n<p><span class=\"wpcf7-form-control-wrap\" data-name=\"acceptance\"><span class=\"wpcf7-form-control wpcf7-acceptance\"><span class=\"wpcf7-list-item\"><input type=\"checkbox\" name=\"acceptance\" value=\"1\" checked=\"checked\" aria-invalid=\"false\" \/><\/span><\/span><\/span><br \/>\n<small>I hereby declare that all the facts and information provided for this registration form are true. I allow my personal data stated in the abovementioned applications to be processed for the purpose of recruitment, in accordance with the Personal Data Protection Act dated 29\/08\/1997 (Dz.Ust.No.133, item 883)<\/small>\n<\/p>\n<p><input class=\"wpcf7-form-control wpcf7-submit has-spinner btn\" type=\"submit\" value=\"Send\" \/>\n<\/p><div class=\"wpcf7-response-output\" aria-hidden=\"true\"><\/div>\n<\/form>\n<\/div>\n\n<p>&nbsp;<\/p>\n<p><b>Contact:<\/b><\/p>\n<p>email: sekretariat.promusica@gmail.com<\/p>\n<p>tel. +48 603188108<\/p>\n<\/p>\n<p><\/p>","protected":false},"excerpt":{"rendered":"<p>Junior Orchestra \u2013 17th-22nd August 2016 (to\u00a013 years old) Festival\u00a0Orchestra \u2013 22nd-28th August\u00a02016 (from\u00a014 years old) The age division suggested by the organizers should be treated as approximate. Participants should choose orchestra adequate to their instrument playing skills. You can participate in both orchestra workshops. Workshops fee: 400 PLN (100\u00a0\u20ac) Fee for both workshops: 500&#8230;<\/p>\n","protected":false},"author":2,"featured_media":0,"parent":0,"menu_order":0,"comment_status":"closed","ping_status":"closed","template":"","meta":{"_kad_post_transparent":"","_kad_post_title":"","_kad_post_layout":"","_kad_post_sidebar_id":"","_kad_post_content_style":"","_kad_post_vertical_padding":"","_kad_post_feature":"","_kad_post_feature_position":"","_kad_post_header":false,"_kad_post_footer":false,"footnotes":""},"class_list":["post-1413","page","type-page","status-publish","hentry"],"yoast_head":"<!-- This site is optimized with the Yoast SEO plugin v26.4 - https:\/\/yoast.com\/wordpress\/plugins\/seo\/ -->\n<title>Rejestracja SOW 2016 \u2013 Pro Musica<\/title>\n<meta name=\"description\" content=\"Rejestracja na Letnie Warsztaty Orkiestrowe w Supra\u015blu SOW 2016\" \/>\n<meta name=\"robots\" content=\"index, follow, max-snippet:-1, max-image-preview:large, max-video-preview:-1\" \/>\n<link rel=\"canonical\" href=\"https:\/\/promusica.org.pl\/en\/rejestracja-sow-2016\/\" \/>\n<meta property=\"og:locale\" content=\"en_US\" \/>\n<meta property=\"og:type\" content=\"article\" \/>\n<meta property=\"og:title\" content=\"Rejestracja SOW 2016 \u2013 Pro Musica\" \/>\n<meta property=\"og:description\" content=\"Rejestracja na Letnie Warsztaty Orkiestrowe w Supra\u015blu SOW 2016\" \/>\n<meta property=\"og:url\" content=\"https:\/\/promusica.org.pl\/en\/rejestracja-sow-2016\/\" \/>\n<meta property=\"og:site_name\" content=\"Pro Musica\" \/>\n<meta property=\"article:modified_time\" content=\"2016-05-05T22:05:48+00:00\" \/>\n<meta property=\"og:image\" content=\"http:\/\/promusica.org.pl\/assets\/SOW-logorehrej.png\" \/>\n<meta name=\"twitter:label1\" content=\"Est. reading time\" \/>\n\t<meta name=\"twitter:data1\" content=\"1 minute\" \/>\n<script type=\"application\/ld+json\" class=\"yoast-schema-graph\">{\"@context\":\"https:\/\/schema.org\",\"@graph\":[{\"@type\":\"WebPage\",\"@id\":\"https:\/\/promusica.org.pl\/en\/rejestracja-sow-2016\/\",\"url\":\"https:\/\/promusica.org.pl\/en\/rejestracja-sow-2016\/\",\"name\":\"Rejestracja SOW 2016 \u2013 Pro Musica\",\"isPartOf\":{\"@id\":\"https:\/\/promusica.org.pl\/en\/#website\"},\"primaryImageOfPage\":{\"@id\":\"https:\/\/promusica.org.pl\/en\/rejestracja-sow-2016\/#primaryimage\"},\"image\":{\"@id\":\"https:\/\/promusica.org.pl\/rejestracja-sow-2016\/#primaryimage\"},\"thumbnailUrl\":\"http:\/\/promusica.org.pl\/assets\/SOW-logorehrej.png\",\"datePublished\":\"2016-04-01T00:55:11+00:00\",\"dateModified\":\"2016-05-05T22:05:48+00:00\",\"description\":\"Rejestracja na Letnie Warsztaty Orkiestrowe w Supra\u015blu SOW 2016\",\"breadcrumb\":{\"@id\":\"https:\/\/promusica.org.pl\/en\/rejestracja-sow-2016\/#breadcrumb\"},\"inLanguage\":\"en-US\",\"potentialAction\":[{\"@type\":\"ReadAction\",\"target\":[[\"https:\/\/promusica.org.pl\/en\/rejestracja-sow-2016\/\"]]}]},{\"@type\":\"ImageObject\",\"inLanguage\":\"en-US\",\"@id\":\"https:\/\/promusica.org.pl\/en\/rejestracja-sow-2016\/#primaryimage\",\"url\":\"http:\/\/promusica.org.pl\/assets\/SOW-logorehrej.png\",\"contentUrl\":\"http:\/\/promusica.org.pl\/assets\/SOW-logorehrej.png\"},{\"@type\":\"BreadcrumbList\",\"@id\":\"https:\/\/promusica.org.pl\/en\/rejestracja-sow-2016\/#breadcrumb\",\"itemListElement\":[{\"@type\":\"ListItem\",\"position\":1,\"name\":\"Strona g\u0142\u00f3wna\",\"item\":\"https:\/\/promusica.org.pl\/en\/\"},{\"@type\":\"ListItem\",\"position\":2,\"name\":\"Rejestracja \u2013 SOW 2016\"}]},{\"@type\":\"WebSite\",\"@id\":\"https:\/\/promusica.org.pl\/en\/#website\",\"url\":\"https:\/\/promusica.org.pl\/en\/\",\"name\":\"Pro Musica\",\"description\":\"warsztaty muzyczne, warsztaty orkiestrowe, konkurs na instrumenty solo\",\"publisher\":{\"@id\":\"https:\/\/promusica.org.pl\/en\/#organization\"},\"potentialAction\":[{\"@type\":\"SearchAction\",\"target\":{\"@type\":\"EntryPoint\",\"urlTemplate\":\"https:\/\/promusica.org.pl\/en\/?s={search_term_string}\"},\"query-input\":{\"@type\":\"PropertyValueSpecification\",\"valueRequired\":true,\"valueName\":\"search_term_string\"}}],\"inLanguage\":\"en-US\"},{\"@type\":\"Organization\",\"@id\":\"https:\/\/promusica.org.pl\/en\/#organization\",\"name\":\"Pro Musica\",\"url\":\"https:\/\/promusica.org.pl\/en\/\",\"logo\":{\"@type\":\"ImageObject\",\"inLanguage\":\"en-US\",\"@id\":\"https:\/\/promusica.org.pl\/en\/#\/schema\/logo\/image\/\",\"url\":\"https:\/\/promusica.org.pl\/assets\/cropped-logo.jpg\",\"contentUrl\":\"https:\/\/promusica.org.pl\/assets\/cropped-logo.jpg\",\"width\":239,\"height\":95,\"caption\":\"Pro Musica\"},\"image\":{\"@id\":\"https:\/\/promusica.org.pl\/en\/#\/schema\/logo\/image\/\"}}]}<\/script>\n<!-- \/ Yoast SEO plugin. -->","yoast_head_json":{"title":"Rejestracja SOW 2016 \u2013 Pro Musica","description":"Rejestracja na Letnie Warsztaty Orkiestrowe w Supra\u015blu SOW 2016","robots":{"index":"index","follow":"follow","max-snippet":"max-snippet:-1","max-image-preview":"max-image-preview:large","max-video-preview":"max-video-preview:-1"},"canonical":"https:\/\/promusica.org.pl\/en\/rejestracja-sow-2016\/","og_locale":"en_US","og_type":"article","og_title":"Rejestracja SOW 2016 \u2013 Pro Musica","og_description":"Rejestracja na Letnie Warsztaty Orkiestrowe w Supra\u015blu SOW 2016","og_url":"https:\/\/promusica.org.pl\/en\/rejestracja-sow-2016\/","og_site_name":"Pro Musica","article_modified_time":"2016-05-05T22:05:48+00:00","og_image":[{"url":"http:\/\/promusica.org.pl\/assets\/SOW-logorehrej.png","type":"","width":"","height":""}],"twitter_misc":{"Est. reading time":"1 minute"},"schema":{"@context":"https:\/\/schema.org","@graph":[{"@type":"WebPage","@id":"https:\/\/promusica.org.pl\/en\/rejestracja-sow-2016\/","url":"https:\/\/promusica.org.pl\/en\/rejestracja-sow-2016\/","name":"Rejestracja SOW 2016 \u2013 Pro Musica","isPartOf":{"@id":"https:\/\/promusica.org.pl\/en\/#website"},"primaryImageOfPage":{"@id":"https:\/\/promusica.org.pl\/en\/rejestracja-sow-2016\/#primaryimage"},"image":{"@id":"https:\/\/promusica.org.pl\/rejestracja-sow-2016\/#primaryimage"},"thumbnailUrl":"http:\/\/promusica.org.pl\/assets\/SOW-logorehrej.png","datePublished":"2016-04-01T00:55:11+00:00","dateModified":"2016-05-05T22:05:48+00:00","description":"Rejestracja na Letnie Warsztaty Orkiestrowe w Supra\u015blu SOW 2016","breadcrumb":{"@id":"https:\/\/promusica.org.pl\/en\/rejestracja-sow-2016\/#breadcrumb"},"inLanguage":"en-US","potentialAction":[{"@type":"ReadAction","target":[["https:\/\/promusica.org.pl\/en\/rejestracja-sow-2016\/"]]}]},{"@type":"ImageObject","inLanguage":"en-US","@id":"https:\/\/promusica.org.pl\/en\/rejestracja-sow-2016\/#primaryimage","url":"http:\/\/promusica.org.pl\/assets\/SOW-logorehrej.png","contentUrl":"http:\/\/promusica.org.pl\/assets\/SOW-logorehrej.png"},{"@type":"BreadcrumbList","@id":"https:\/\/promusica.org.pl\/en\/rejestracja-sow-2016\/#breadcrumb","itemListElement":[{"@type":"ListItem","position":1,"name":"Strona g\u0142\u00f3wna","item":"https:\/\/promusica.org.pl\/en\/"},{"@type":"ListItem","position":2,"name":"Rejestracja \u2013 SOW 2016"}]},{"@type":"WebSite","@id":"https:\/\/promusica.org.pl\/en\/#website","url":"https:\/\/promusica.org.pl\/en\/","name":"Pro Musica","description":"warsztaty muzyczne, warsztaty orkiestrowe, konkurs na instrumenty solo","publisher":{"@id":"https:\/\/promusica.org.pl\/en\/#organization"},"potentialAction":[{"@type":"SearchAction","target":{"@type":"EntryPoint","urlTemplate":"https:\/\/promusica.org.pl\/en\/?s={search_term_string}"},"query-input":{"@type":"PropertyValueSpecification","valueRequired":true,"valueName":"search_term_string"}}],"inLanguage":"en-US"},{"@type":"Organization","@id":"https:\/\/promusica.org.pl\/en\/#organization","name":"Pro Musica","url":"https:\/\/promusica.org.pl\/en\/","logo":{"@type":"ImageObject","inLanguage":"en-US","@id":"https:\/\/promusica.org.pl\/en\/#\/schema\/logo\/image\/","url":"https:\/\/promusica.org.pl\/assets\/cropped-logo.jpg","contentUrl":"https:\/\/promusica.org.pl\/assets\/cropped-logo.jpg","width":239,"height":95,"caption":"Pro Musica"},"image":{"@id":"https:\/\/promusica.org.pl\/en\/#\/schema\/logo\/image\/"}}]}},"_links":{"self":[{"href":"https:\/\/promusica.org.pl\/en\/wp-json\/wp\/v2\/pages\/1413","targetHints":{"allow":["GET"]}}],"collection":[{"href":"https:\/\/promusica.org.pl\/en\/wp-json\/wp\/v2\/pages"}],"about":[{"href":"https:\/\/promusica.org.pl\/en\/wp-json\/wp\/v2\/types\/page"}],"author":[{"embeddable":true,"href":"https:\/\/promusica.org.pl\/en\/wp-json\/wp\/v2\/users\/2"}],"replies":[{"embeddable":true,"href":"https:\/\/promusica.org.pl\/en\/wp-json\/wp\/v2\/comments?post=1413"}],"version-history":[{"count":10,"href":"https:\/\/promusica.org.pl\/en\/wp-json\/wp\/v2\/pages\/1413\/revisions"}],"predecessor-version":[{"id":1623,"href":"https:\/\/promusica.org.pl\/en\/wp-json\/wp\/v2\/pages\/1413\/revisions\/1623"}],"wp:attachment":[{"href":"https:\/\/promusica.org.pl\/en\/wp-json\/wp\/v2\/media?parent=1413"}],"curies":[{"name":"wp","href":"https:\/\/api.w.org\/{rel}","templated":true}]}}